{"id":10334,"date":"2025-02-12T12:41:43","date_gmt":"2025-02-12T11:41:43","guid":{"rendered":"https:\/\/kutzig.fr\/?post_type=product&#038;p=10334"},"modified":"2026-02-25T08:53:33","modified_gmt":"2026-02-25T07:53:33","slug":"ticket-kutzig-2025","status":"publish","type":"product","link":"https:\/\/kutzig.fr\/es\/produit\/ticket\/","title":{"rendered":"Ticket Kut&#8217;Zig"},"content":{"rendered":"<p>A bordo del Kut&#8217;zig, un autob\u00fas cabriolet rojo, descubra Alsacia Esencial, la regi\u00f3n de Colmar y el centro de la Ruta del Vino.<\/p>\n<p><strong>Itinerario:<\/strong><\/p>\n<ul>\n<li>Colmar, Ribeauvill\u00e9, Riquewihr, Kaysersberg Vignoble, Turckheim, Eguisheim y vuelta a Colmar<\/li>\n<\/ul>\n<p><strong>La primera salida es a las 8:30.<\/strong><\/p>\n<p>No hay l\u00edmite en el n\u00famero de veces que se puede subir y bajar, y el precio es de 32 euros por el d\u00eda (22 euros para los menores de 12 a\u00f1os, gratis para los menores de 3 a\u00f1os sentados en el regazo de sus padres).<\/p>\n<p><strong>El periodo de funcionamiento es el siguiente<\/strong><\/p>\n<ul>\n<li>Abril, mayo, junio y octubre: de viernes a domingo y festivos<\/li>\n<li>Julio, agosto y septiembre: de martes a domingo<\/li>\n<\/ul>\n<h4><span style=\"color: #1aa3b5;\">Para cualquier pregunta, consulta nuestra p\u00e1gina de <a href=\"https:\/\/kutzig.fr\/es\/foire-aux-questions\/\" target=\"_blank\" rel=\"noopener\">preguntas frecuentes<\/a> !\u00a0<\/span><\/h4>\n<p><\/p>","protected":false},"excerpt":{"rendered":"<p>A bordo del Kut&#8217;zig, un autob\u00fas cabriolet rojo, descubra Alsacia Esencial, la regi\u00f3n de Colmar y el centro de la Ruta del Vino. Itinerario: Colmar, Ribeauvill\u00e9, Riquewihr, Kaysersberg Vignoble, Turckheim, Eguisheim y vuelta a Colmar La primera salida es a las 8:30. No hay l\u00edmite en el n\u00famero de veces que se puede subir y [&hellip;]<\/p>\n","protected":false},"author":6,"featured_media":3525,"template":"","meta":{"_acf_changed":false,"inline_featured_image":false},"product_cat":[22],"product_tag":[],"acf":{"infos":[{"titre":"Comentarios de audio en la aplicaci\u00f3n m\u00f3vil","icone":{"ID":3602,"id":3602,"title":"audio guide","filename":"audio-guide.svg","filesize":2890,"url":"https:\/\/kutzig.fr\/wp-content\/uploads\/2024\/03\/audio-guide.svg","link":"https:\/\/kutzig.fr\/es\/?attachment_id=3602","alt":"","author":"1","description":"","caption":"","name":"audio-guide","status":"inherit","uploaded_to":3581,"date":"2024-03-27 10:40:29","modified":"2024-03-27 10:40:29","menu_order":0,"mime_type":"image\/svg+xml","type":"image","subtype":"svg+xml","icon":"https:\/\/kutzig.fr\/wp-includes\/images\/media\/default.png","width":46,"height":46,"sizes":{"thumbnail":"https:\/\/kutzig.fr\/wp-content\/uploads\/2024\/03\/audio-guide.svg","thumbnail-width":150,"thumbnail-height":150,"medium":"https:\/\/kutzig.fr\/wp-content\/uploads\/2024\/03\/audio-guide.svg","medium-width":300,"medium-height":300,"medium_large":"https:\/\/kutzig.fr\/wp-content\/uploads\/2024\/03\/audio-guide.svg","medium_large-width":648,"medium_large-height":648,"large":"https:\/\/kutzig.fr\/wp-content\/uploads\/2024\/03\/audio-guide.svg","large-width":648,"large-height":648,"1536x1536":"https:\/\/kutzig.fr\/wp-content\/uploads\/2024\/03\/audio-guide.svg","1536x1536-width":46,"1536x1536-height":46,"2048x2048":"https:\/\/kutzig.fr\/wp-content\/uploads\/2024\/03\/audio-guide.svg","2048x2048-width":46,"2048x2048-height":46,"article-mini":"https:\/\/kutzig.fr\/wp-content\/uploads\/2024\/03\/audio-guide.svg","article-mini-width":46,"article-mini-height":46,"sparkling-featured":"https:\/\/kutzig.fr\/wp-content\/uploads\/2024\/03\/audio-guide.svg","sparkling-featured-width":46,"sparkling-featured-height":46,"sparkling-featured-fullwidth":"https:\/\/kutzig.fr\/wp-content\/uploads\/2024\/03\/audio-guide.svg","sparkling-featured-fullwidth-width":46,"sparkling-featured-fullwidth-height":46,"tab-small":"https:\/\/kutzig.fr\/wp-content\/uploads\/2024\/03\/audio-guide.svg","tab-small-width":46,"tab-small-height":46,"slider":"https:\/\/kutzig.fr\/wp-content\/uploads\/2024\/03\/audio-guide.svg","slider-width":46,"slider-height":46,"woocommerce_thumbnail":"https:\/\/kutzig.fr\/wp-content\/uploads\/2024\/03\/audio-guide.svg","woocommerce_thumbnail-width":46,"woocommerce_thumbnail-height":46,"woocommerce_single":"https:\/\/kutzig.fr\/wp-content\/uploads\/2024\/03\/audio-guide.svg","woocommerce_single-width":600,"woocommerce_single-height":600,"woocommerce_gallery_thumbnail":"https:\/\/kutzig.fr\/wp-content\/uploads\/2024\/03\/audio-guide.svg","woocommerce_gallery_thumbnail-width":46,"woocommerce_gallery_thumbnail-height":46}}},{"titre":"Tomas USB","icone":{"ID":3598,"id":3598,"title":"usb","filename":"usb.svg","filesize":2759,"url":"https:\/\/kutzig.fr\/wp-content\/uploads\/2024\/03\/usb.svg","link":"https:\/\/kutzig.fr\/es\/?attachment_id=3598","alt":"","author":"1","description":"","caption":"","name":"usb","status":"inherit","uploaded_to":3581,"date":"2024-03-27 10:40:25","modified":"2024-03-27 10:40:25","menu_order":0,"mime_type":"image\/svg+xml","type":"image","subtype":"svg+xml","icon":"https:\/\/kutzig.fr\/wp-includes\/images\/media\/default.png","width":20,"height":42,"sizes":{"thumbnail":"https:\/\/kutzig.fr\/wp-content\/uploads\/2024\/03\/usb.svg","thumbnail-width":71,"thumbnail-height":150,"medium":"https:\/\/kutzig.fr\/wp-content\/uploads\/2024\/03\/usb.svg","medium-width":143,"medium-height":300,"medium_large":"https:\/\/kutzig.fr\/wp-content\/uploads\/2024\/03\/usb.svg","medium_large-width":648,"medium_large-height":1361,"large":"https:\/\/kutzig.fr\/wp-content\/uploads\/2024\/03\/usb.svg","large-width":488,"large-height":1024,"1536x1536":"https:\/\/kutzig.fr\/wp-content\/uploads\/2024\/03\/usb.svg","1536x1536-width":20,"1536x1536-height":42,"2048x2048":"https:\/\/kutzig.fr\/wp-content\/uploads\/2024\/03\/usb.svg","2048x2048-width":20,"2048x2048-height":42,"article-mini":"https:\/\/kutzig.fr\/wp-content\/uploads\/2024\/03\/usb.svg","article-mini-width":20,"article-mini-height":42,"sparkling-featured":"https:\/\/kutzig.fr\/wp-content\/uploads\/2024\/03\/usb.svg","sparkling-featured-width":20,"sparkling-featured-height":42,"sparkling-featured-fullwidth":"https:\/\/kutzig.fr\/wp-content\/uploads\/2024\/03\/usb.svg","sparkling-featured-fullwidth-width":20,"sparkling-featured-fullwidth-height":42,"tab-small":"https:\/\/kutzig.fr\/wp-content\/uploads\/2024\/03\/usb.svg","tab-small-width":20,"tab-small-height":42,"slider":"https:\/\/kutzig.fr\/wp-content\/uploads\/2024\/03\/usb.svg","slider-width":20,"slider-height":42,"woocommerce_thumbnail":"https:\/\/kutzig.fr\/wp-content\/uploads\/2024\/03\/usb.svg","woocommerce_thumbnail-width":20,"woocommerce_thumbnail-height":42,"woocommerce_single":"https:\/\/kutzig.fr\/wp-content\/uploads\/2024\/03\/usb.svg","woocommerce_single-width":600,"woocommerce_single-height":1260,"woocommerce_gallery_thumbnail":"https:\/\/kutzig.fr\/wp-content\/uploads\/2024\/03\/usb.svg","woocommerce_gallery_thumbnail-width":20,"woocommerce_gallery_thumbnail-height":42}}},{"titre":"Aire acondicionado","icone":{"ID":3600,"id":3600,"title":"air","filename":"air.svg","filesize":1995,"url":"https:\/\/kutzig.fr\/wp-content\/uploads\/2024\/03\/air.svg","link":"https:\/\/kutzig.fr\/es\/?attachment_id=3600","alt":"","author":"1","description":"","caption":"","name":"air","status":"inherit","uploaded_to":3581,"date":"2024-03-27 10:40:27","modified":"2024-03-27 10:40:27","menu_order":0,"mime_type":"image\/svg+xml","type":"image","subtype":"svg+xml","icon":"https:\/\/kutzig.fr\/wp-includes\/images\/media\/default.png","width":43,"height":33,"sizes":{"thumbnail":"https:\/\/kutzig.fr\/wp-content\/uploads\/2024\/03\/air.svg","thumbnail-width":150,"thumbnail-height":115,"medium":"https:\/\/kutzig.fr\/wp-content\/uploads\/2024\/03\/air.svg","medium-width":300,"medium-height":231,"medium_large":"https:\/\/kutzig.fr\/wp-content\/uploads\/2024\/03\/air.svg","medium_large-width":648,"medium_large-height":499,"large":"https:\/\/kutzig.fr\/wp-content\/uploads\/2024\/03\/air.svg","large-width":648,"large-height":499,"1536x1536":"https:\/\/kutzig.fr\/wp-content\/uploads\/2024\/03\/air.svg","1536x1536-width":43,"1536x1536-height":33,"2048x2048":"https:\/\/kutzig.fr\/wp-content\/uploads\/2024\/03\/air.svg","2048x2048-width":43,"2048x2048-height":33,"article-mini":"https:\/\/kutzig.fr\/wp-content\/uploads\/2024\/03\/air.svg","article-mini-width":43,"article-mini-height":33,"sparkling-featured":"https:\/\/kutzig.fr\/wp-content\/uploads\/2024\/03\/air.svg","sparkling-featured-width":43,"sparkling-featured-height":33,"sparkling-featured-fullwidth":"https:\/\/kutzig.fr\/wp-content\/uploads\/2024\/03\/air.svg","sparkling-featured-fullwidth-width":43,"sparkling-featured-fullwidth-height":33,"tab-small":"https:\/\/kutzig.fr\/wp-content\/uploads\/2024\/03\/air.svg","tab-small-width":43,"tab-small-height":33,"slider":"https:\/\/kutzig.fr\/wp-content\/uploads\/2024\/03\/air.svg","slider-width":43,"slider-height":33,"woocommerce_thumbnail":"https:\/\/kutzig.fr\/wp-content\/uploads\/2024\/03\/air.svg","woocommerce_thumbnail-width":43,"woocommerce_thumbnail-height":33,"woocommerce_single":"https:\/\/kutzig.fr\/wp-content\/uploads\/2024\/03\/air.svg","woocommerce_single-width":600,"woocommerce_single-height":462,"woocommerce_gallery_thumbnail":"https:\/\/kutzig.fr\/wp-content\/uploads\/2024\/03\/air.svg","woocommerce_gallery_thumbnail-width":43,"woocommerce_gallery_thumbnail-height":33}}},{"titre":"Privatizaci\u00f3n disponible","icone":{"ID":3599,"id":3599,"title":"privatiser","filename":"privatiser.svg","filesize":2343,"url":"https:\/\/kutzig.fr\/wp-content\/uploads\/2024\/03\/privatiser.svg","link":"https:\/\/kutzig.fr\/es\/?attachment_id=3599","alt":"","author":"1","description":"","caption":"","name":"privatiser","status":"inherit","uploaded_to":3581,"date":"2024-03-27 10:40:26","modified":"2024-03-27 10:40:26","menu_order":0,"mime_type":"image\/svg+xml","type":"image","subtype":"svg+xml","icon":"https:\/\/kutzig.fr\/wp-includes\/images\/media\/default.png","width":44,"height":34,"sizes":{"thumbnail":"https:\/\/kutzig.fr\/wp-content\/uploads\/2024\/03\/privatiser.svg","thumbnail-width":150,"thumbnail-height":116,"medium":"https:\/\/kutzig.fr\/wp-content\/uploads\/2024\/03\/privatiser.svg","medium-width":300,"medium-height":233,"medium_large":"https:\/\/kutzig.fr\/wp-content\/uploads\/2024\/03\/privatiser.svg","medium_large-width":648,"medium_large-height":502,"large":"https:\/\/kutzig.fr\/wp-content\/uploads\/2024\/03\/privatiser.svg","large-width":648,"large-height":502,"1536x1536":"https:\/\/kutzig.fr\/wp-content\/uploads\/2024\/03\/privatiser.svg","1536x1536-width":44,"1536x1536-height":34,"2048x2048":"https:\/\/kutzig.fr\/wp-content\/uploads\/2024\/03\/privatiser.svg","2048x2048-width":44,"2048x2048-height":34,"article-mini":"https:\/\/kutzig.fr\/wp-content\/uploads\/2024\/03\/privatiser.svg","article-mini-width":44,"article-mini-height":34,"sparkling-featured":"https:\/\/kutzig.fr\/wp-content\/uploads\/2024\/03\/privatiser.svg","sparkling-featured-width":44,"sparkling-featured-height":34,"sparkling-featured-fullwidth":"https:\/\/kutzig.fr\/wp-content\/uploads\/2024\/03\/privatiser.svg","sparkling-featured-fullwidth-width":44,"sparkling-featured-fullwidth-height":34,"tab-small":"https:\/\/kutzig.fr\/wp-content\/uploads\/2024\/03\/privatiser.svg","tab-small-width":44,"tab-small-height":34,"slider":"https:\/\/kutzig.fr\/wp-content\/uploads\/2024\/03\/privatiser.svg","slider-width":44,"slider-height":34,"woocommerce_thumbnail":"https:\/\/kutzig.fr\/wp-content\/uploads\/2024\/03\/privatiser.svg","woocommerce_thumbnail-width":44,"woocommerce_thumbnail-height":34,"woocommerce_single":"https:\/\/kutzig.fr\/wp-content\/uploads\/2024\/03\/privatiser.svg","woocommerce_single-width":600,"woocommerce_single-height":465,"woocommerce_gallery_thumbnail":"https:\/\/kutzig.fr\/wp-content\/uploads\/2024\/03\/privatiser.svg","woocommerce_gallery_thumbnail-width":44,"woocommerce_gallery_thumbnail-height":34}}}],"galerie_photos":[3552,3553,3543,3542,3386,3383,3377]},"yoast_head":"<!-- This site is optimized with the Yoast SEO plugin v23.7 - https:\/\/yoast.com\/wordpress\/plugins\/seo\/ -->\n<title>Ticket Kut&#039;Zig - Kutzig<\/title>\n<meta name=\"robots\" content=\"index, follow, max-snippet:-1, max-image-preview:large, max-video-preview:-1\" \/>\n<link rel=\"canonical\" href=\"https:\/\/kutzig.fr\/es\/produit\/ticket\/\" \/>\n<meta property=\"og:locale\" content=\"es_ES\" \/>\n<meta property=\"og:type\" content=\"article\" \/>\n<meta property=\"og:title\" content=\"Ticket Kut&#039;Zig - Kutzig\" \/>\n<meta property=\"og:description\" content=\"A bordo del Kut&#8217;zig, un autob\u00fas cabriolet rojo, descubra Alsacia Esencial, la regi\u00f3n de Colmar y el centro de la Ruta del Vino. Itinerario: Colmar, Ribeauvill\u00e9, Riquewihr, Kaysersberg Vignoble, Turckheim, Eguisheim y vuelta a Colmar La primera salida es a las 8:30. No hay l\u00edmite en el n\u00famero de veces que se puede subir y [&hellip;]\" \/>\n<meta property=\"og:url\" content=\"https:\/\/kutzig.fr\/es\/produit\/ticket\/\" \/>\n<meta property=\"og:site_name\" content=\"Kutzig\" \/>\n<meta property=\"article:modified_time\" content=\"2026-02-25T07:53:33+00:00\" \/>\n<meta property=\"og:image\" content=\"https:\/\/kutzig.fr\/wp-content\/uploads\/2024\/02\/3-bis-1-kutzig.png\" \/>\n\t<meta property=\"og:image:width\" content=\"954\" \/>\n\t<meta property=\"og:image:height\" content=\"406\" \/>\n\t<meta property=\"og:image:type\" content=\"image\/png\" \/>\n<meta name=\"twitter:card\" content=\"summary_large_image\" \/>\n<meta name=\"twitter:label1\" content=\"Tiempo de lectura\" \/>\n\t<meta name=\"twitter:data1\" content=\"1 minuto\" \/>\n<script type=\"application\/ld+json\" class=\"yoast-schema-graph\">{\"@context\":\"https:\/\/schema.org\",\"@graph\":[{\"@type\":\"WebPage\",\"@id\":\"https:\/\/kutzig.fr\/es\/produit\/ticket\/\",\"url\":\"https:\/\/kutzig.fr\/es\/produit\/ticket\/\",\"name\":\"Ticket Kut'Zig - Kutzig\",\"isPartOf\":{\"@id\":\"https:\/\/kutzig.fr\/es\/#website\"},\"primaryImageOfPage\":{\"@id\":\"https:\/\/kutzig.fr\/es\/produit\/ticket\/#primaryimage\"},\"image\":{\"@id\":\"https:\/\/kutzig.fr\/produit\/ticket\/#primaryimage\"},\"thumbnailUrl\":\"https:\/\/kutzig.fr\/wp-content\/uploads\/2024\/02\/3-bis-1-kutzig.png\",\"datePublished\":\"2025-02-12T11:41:43+00:00\",\"dateModified\":\"2026-02-25T07:53:33+00:00\",\"breadcrumb\":{\"@id\":\"https:\/\/kutzig.fr\/es\/produit\/ticket\/#breadcrumb\"},\"inLanguage\":\"es\",\"potentialAction\":[{\"@type\":\"ReadAction\",\"target\":[[\"https:\/\/kutzig.fr\/es\/produit\/ticket\/\"]]}]},{\"@type\":\"ImageObject\",\"inLanguage\":\"es\",\"@id\":\"https:\/\/kutzig.fr\/es\/produit\/ticket\/#primaryimage\",\"url\":\"https:\/\/kutzig.fr\/wp-content\/uploads\/2024\/02\/3-bis-1-kutzig.png\",\"contentUrl\":\"https:\/\/kutzig.fr\/wp-content\/uploads\/2024\/02\/3-bis-1-kutzig.png\",\"width\":954,\"height\":406},{\"@type\":\"BreadcrumbList\",\"@id\":\"https:\/\/kutzig.fr\/es\/produit\/ticket\/#breadcrumb\",\"itemListElement\":[{\"@type\":\"ListItem\",\"position\":1,\"name\":\"Accueil\",\"item\":\"https:\/\/kutzig.fr\/es\/\"},{\"@type\":\"ListItem\",\"position\":2,\"name\":\"Boutique\",\"item\":\"https:\/\/kutzig.fr\/es\/boutique\/\"},{\"@type\":\"ListItem\",\"position\":3,\"name\":\"Ticket Kut&#8217;Zig\"}]},{\"@type\":\"WebSite\",\"@id\":\"https:\/\/kutzig.fr\/es\/#website\",\"url\":\"https:\/\/kutzig.fr\/es\/\",\"name\":\"Kutzig\",\"description\":\"Visitez le coeur de la route des vins d&#039;Alsace avec Kut&#039;zig\",\"potentialAction\":[{\"@type\":\"SearchAction\",\"target\":{\"@type\":\"EntryPoint\",\"urlTemplate\":\"https:\/\/kutzig.fr\/es\/?s={search_term_string}\"},\"query-input\":{\"@type\":\"PropertyValueSpecification\",\"valueRequired\":true,\"valueName\":\"search_term_string\"}}],\"inLanguage\":\"es\"}]}<\/script>\n<!-- \/ Yoast SEO plugin. -->","yoast_head_json":{"title":"Ticket Kut'Zig - Kutzig","robots":{"index":"index","follow":"follow","max-snippet":"max-snippet:-1","max-image-preview":"max-image-preview:large","max-video-preview":"max-video-preview:-1"},"canonical":"https:\/\/kutzig.fr\/es\/produit\/ticket\/","og_locale":"es_ES","og_type":"article","og_title":"Ticket Kut'Zig - Kutzig","og_description":"A bordo del Kut&#8217;zig, un autob\u00fas cabriolet rojo, descubra Alsacia Esencial, la regi\u00f3n de Colmar y el centro de la Ruta del Vino. Itinerario: Colmar, Ribeauvill\u00e9, Riquewihr, Kaysersberg Vignoble, Turckheim, Eguisheim y vuelta a Colmar La primera salida es a las 8:30. No hay l\u00edmite en el n\u00famero de veces que se puede subir y [&hellip;]","og_url":"https:\/\/kutzig.fr\/es\/produit\/ticket\/","og_site_name":"Kutzig","article_modified_time":"2026-02-25T07:53:33+00:00","og_image":[{"width":954,"height":406,"url":"https:\/\/kutzig.fr\/wp-content\/uploads\/2024\/02\/3-bis-1-kutzig.png","type":"image\/png"}],"twitter_card":"summary_large_image","twitter_misc":{"Tiempo de lectura":"1 minuto"},"schema":{"@context":"https:\/\/schema.org","@graph":[{"@type":"WebPage","@id":"https:\/\/kutzig.fr\/es\/produit\/ticket\/","url":"https:\/\/kutzig.fr\/es\/produit\/ticket\/","name":"Ticket Kut'Zig - Kutzig","isPartOf":{"@id":"https:\/\/kutzig.fr\/es\/#website"},"primaryImageOfPage":{"@id":"https:\/\/kutzig.fr\/es\/produit\/ticket\/#primaryimage"},"image":{"@id":"https:\/\/kutzig.fr\/produit\/ticket\/#primaryimage"},"thumbnailUrl":"https:\/\/kutzig.fr\/wp-content\/uploads\/2024\/02\/3-bis-1-kutzig.png","datePublished":"2025-02-12T11:41:43+00:00","dateModified":"2026-02-25T07:53:33+00:00","breadcrumb":{"@id":"https:\/\/kutzig.fr\/es\/produit\/ticket\/#breadcrumb"},"inLanguage":"es","potentialAction":[{"@type":"ReadAction","target":[["https:\/\/kutzig.fr\/es\/produit\/ticket\/"]]}]},{"@type":"ImageObject","inLanguage":"es","@id":"https:\/\/kutzig.fr\/es\/produit\/ticket\/#primaryimage","url":"https:\/\/kutzig.fr\/wp-content\/uploads\/2024\/02\/3-bis-1-kutzig.png","contentUrl":"https:\/\/kutzig.fr\/wp-content\/uploads\/2024\/02\/3-bis-1-kutzig.png","width":954,"height":406},{"@type":"BreadcrumbList","@id":"https:\/\/kutzig.fr\/es\/produit\/ticket\/#breadcrumb","itemListElement":[{"@type":"ListItem","position":1,"name":"Accueil","item":"https:\/\/kutzig.fr\/es\/"},{"@type":"ListItem","position":2,"name":"Boutique","item":"https:\/\/kutzig.fr\/es\/boutique\/"},{"@type":"ListItem","position":3,"name":"Ticket Kut&#8217;Zig"}]},{"@type":"WebSite","@id":"https:\/\/kutzig.fr\/es\/#website","url":"https:\/\/kutzig.fr\/es\/","name":"Kutzig","description":"Visitez le coeur de la route des vins d&#039;Alsace avec Kut&#039;zig","potentialAction":[{"@type":"SearchAction","target":{"@type":"EntryPoint","urlTemplate":"https:\/\/kutzig.fr\/es\/?s={search_term_string}"},"query-input":{"@type":"PropertyValueSpecification","valueRequired":true,"valueName":"search_term_string"}}],"inLanguage":"es"}]}},"_links":{"self":[{"href":"https:\/\/kutzig.fr\/es\/wp-json\/wp\/v2\/product\/10334"}],"collection":[{"href":"https:\/\/kutzig.fr\/es\/wp-json\/wp\/v2\/product"}],"about":[{"href":"https:\/\/kutzig.fr\/es\/wp-json\/wp\/v2\/types\/product"}],"author":[{"embeddable":true,"href":"https:\/\/kutzig.fr\/es\/wp-json\/wp\/v2\/users\/6"}],"wp:featuredmedia":[{"embeddable":true,"href":"https:\/\/kutzig.fr\/es\/wp-json\/wp\/v2\/media\/3525"}],"wp:attachment":[{"href":"https:\/\/kutzig.fr\/es\/wp-json\/wp\/v2\/media?parent=10334"}],"wp:term":[{"taxonomy":"product_cat","embeddable":true,"href":"https:\/\/kutzig.fr\/es\/wp-json\/wp\/v2\/product_cat?post=10334"},{"taxonomy":"product_tag","embeddable":true,"href":"https:\/\/kutzig.fr\/es\/wp-json\/wp\/v2\/product_tag?post=10334"}],"curies":[{"name":"wp","href":"https:\/\/api.w.org\/{rel}","templated":true}]}}