{"id":894,"date":"2019-05-07T09:18:39","date_gmt":"2019-05-07T07:18:39","guid":{"rendered":"https:\/\/kutzig.fr\/?page_id=894"},"modified":"2024-04-23T11:08:32","modified_gmt":"2024-04-23T09:08:32","slug":"boutique-en-ligne","status":"publish","type":"page","link":"https:\/\/kutzig.fr\/es\/online-ticketshop\/","title":{"rendered":"Boutique en ligne"},"content":{"rendered":"<p class=\"qtranxs-available-languages-message qtranxs-available-languages-message-es\">Disculpa, pero esta entrada est\u00e1 disponible s\u00f3lo en <a href=\"https:\/\/kutzig.fr\/fr\/wp-json\/wp\/v2\/pages\/894\" class=\"qtranxs-available-language-link qtranxs-available-language-link-fr\" title=\"Fran\u00e7ais\">Fran\u00e7ais<\/a>, <a href=\"https:\/\/kutzig.fr\/de\/wp-json\/wp\/v2\/pages\/894\" class=\"qtranxs-available-language-link qtranxs-available-language-link-de\" title=\"Deutsch\">Deutsch<\/a> y <a href=\"https:\/\/kutzig.fr\/en\/wp-json\/wp\/v2\/pages\/894\" class=\"qtranxs-available-language-link qtranxs-available-language-link-en\" title=\"English\">English<\/a>.<\/p>","protected":false},"excerpt":{"rendered":"<p>Disculpa, pero esta entrada est\u00e1 disponible s\u00f3lo en Fran\u00e7ais, Deutsch y English.<\/p>\n","protected":false},"author":1,"featured_media":0,"parent":0,"menu_order":7,"comment_status":"closed","ping_status":"closed","template":"","meta":{"_acf_changed":false,"inline_featured_image":false,"footnotes":""},"acf":{"bandeau_image":{"ID":786,"id":786,"title":"route-des-vins","filename":"route-des-vins-scaled.jpg","filesize":726069,"url":"https:\/\/kutzig.fr\/wp-content\/uploads\/2019\/05\/route-des-vins-scaled.jpg","link":"https:\/\/kutzig.fr\/es\/pagina-principal\/route-des-vins\/","alt":"","author":"1","description":"","caption":"","name":"route-des-vins","status":"inherit","uploaded_to":2,"date":"2019-05-02 17:00:54","modified":"2019-05-02 19:53:10","menu_order":0,"mime_type":"image\/jpeg","type":"image","subtype":"jpeg","icon":"https:\/\/kutzig.fr\/wp-includes\/images\/media\/default.png","width":2560,"height":1217,"sizes":{"thumbnail":"https:\/\/kutzig.fr\/wp-content\/uploads\/2019\/05\/route-des-vins-150x150.jpg","thumbnail-width":150,"thumbnail-height":150,"medium":"https:\/\/kutzig.fr\/wp-content\/uploads\/2019\/05\/route-des-vins-300x143.jpg","medium-width":300,"medium-height":143,"medium_large":"https:\/\/kutzig.fr\/wp-content\/uploads\/2019\/05\/route-des-vins-768x365.jpg","medium_large-width":648,"medium_large-height":308,"large":"https:\/\/kutzig.fr\/wp-content\/uploads\/2019\/05\/route-des-vins-1024x487.jpg","large-width":648,"large-height":308,"1536x1536":"https:\/\/kutzig.fr\/wp-content\/uploads\/2019\/05\/route-des-vins-scaled.jpg","1536x1536-width":1536,"1536x1536-height":730,"2048x2048":"https:\/\/kutzig.fr\/wp-content\/uploads\/2019\/05\/route-des-vins-scaled.jpg","2048x2048-width":2048,"2048x2048-height":974,"article-mini":"https:\/\/kutzig.fr\/wp-content\/uploads\/2019\/05\/route-des-vins-scaled.jpg","article-mini-width":70,"article-mini-height":33,"sparkling-featured":"https:\/\/kutzig.fr\/wp-content\/uploads\/2019\/05\/route-des-vins-750x410.jpg","sparkling-featured-width":750,"sparkling-featured-height":410,"sparkling-featured-fullwidth":"https:\/\/kutzig.fr\/wp-content\/uploads\/2019\/05\/route-des-vins-scaled.jpg","sparkling-featured-fullwidth-width":1140,"sparkling-featured-fullwidth-height":542,"tab-small":"https:\/\/kutzig.fr\/wp-content\/uploads\/2019\/05\/route-des-vins-60x60.jpg","tab-small-width":60,"tab-small-height":60,"slider":"https:\/\/kutzig.fr\/wp-content\/uploads\/2019\/05\/route-des-vins-scaled.jpg","slider-width":1451,"slider-height":690,"woocommerce_thumbnail":"https:\/\/kutzig.fr\/wp-content\/uploads\/2019\/05\/route-des-vins-scaled-300x300.jpg","woocommerce_thumbnail-width":300,"woocommerce_thumbnail-height":300,"woocommerce_single":"https:\/\/kutzig.fr\/wp-content\/uploads\/2019\/05\/route-des-vins-scaled-600x285.jpg","woocommerce_single-width":600,"woocommerce_single-height":285,"woocommerce_gallery_thumbnail":"https:\/\/kutzig.fr\/wp-content\/uploads\/2019\/05\/route-des-vins-scaled-100x100.jpg","woocommerce_gallery_thumbnail-width":100,"woocommerce_gallery_thumbnail-height":100}},"texte_icone":"<p><img loading=\"lazy\" decoding=\"async\" class=\"alignnone wp-image-816\" src=\"https:\/\/kutzig.fr\/wp-content\/uploads\/2019\/05\/icone-billet-2.svg\" alt=\"\" width=\"39\" height=\"30\" \/>\u00a0BOUTIQUE EN LIGNE<\/p>\n","texte":""},"yoast_head":"<!-- This site is optimized with the Yoast SEO plugin v23.7 - https:\/\/yoast.com\/wordpress\/plugins\/seo\/ -->\n<title>Boutique en ligne - Kutzig Buchen Sie Ihre Tickets an Bord der Kut&#039;zigBoutique en ligne - Kutzig Book your tickets on board the Kut&#039;zigBoutique en ligne - Kutzig R\u00e9servez votre place \u00e0 bord du Kut&#039;zig<\/title>\n<meta name=\"description\" content=\"Achetez vos billets Kut&#039;zig sur notre site internet s\u00e9curis\u00e9 et profitez d&#039;une immersion au coeur de la Route des Vins d&#039;Alsace\" \/>\n<meta name=\"robots\" content=\"index, follow, max-snippet:-1, max-image-preview:large, max-video-preview:-1\" \/>\n<link rel=\"canonical\" href=\"https:\/\/kutzig.fr\/es\/boutique-en-ligne\/\" \/>\n<meta property=\"og:locale\" content=\"es_ES\" \/>\n<meta property=\"og:type\" content=\"article\" \/>\n<meta property=\"og:title\" content=\"Boutique en ligne - Kutzig Buchen Sie Ihre Tickets an Bord der Kut&#039;zigBoutique en ligne - Kutzig Book your tickets on board the Kut&#039;zigBoutique en ligne - Kutzig R\u00e9servez votre place \u00e0 bord du Kut&#039;zig\" \/>\n<meta property=\"og:description\" content=\"Achetez vos billets Kut&#039;zig sur notre site internet s\u00e9curis\u00e9 et profitez d&#039;une immersion au coeur de la Route des Vins d&#039;Alsace\" \/>\n<meta property=\"og:url\" content=\"https:\/\/kutzig.fr\/es\/boutique-en-ligne\/\" \/>\n<meta property=\"og:site_name\" content=\"Kutzig\" \/>\n<meta property=\"article:modified_time\" content=\"2024-04-23T09:08:32+00:00\" \/>\n<meta name=\"twitter:card\" content=\"summary_large_image\" \/>\n<meta name=\"twitter:label1\" content=\"Tiempo de lectura\" \/>\n\t<meta name=\"twitter:data1\" content=\"1 minuto\" \/>\n<script type=\"application\/ld+json\" class=\"yoast-schema-graph\">{\"@context\":\"https:\/\/schema.org\",\"@graph\":[{\"@type\":\"WebPage\",\"@id\":\"https:\/\/kutzig.fr\/es\/boutique-en-ligne\/\",\"url\":\"https:\/\/kutzig.fr\/es\/boutique-en-ligne\/\",\"name\":\"Boutique en ligne - Kutzig Buchen Sie Ihre Tickets an Bord der Kut'zigBoutique en ligne - Kutzig Book your tickets on board the Kut'zigBoutique en ligne - Kutzig R\u00e9servez votre place \u00e0 bord du Kut'zig\",\"isPartOf\":{\"@id\":\"https:\/\/kutzig.fr\/es\/#website\"},\"datePublished\":\"2019-05-07T07:18:39+00:00\",\"dateModified\":\"2024-04-23T09:08:32+00:00\",\"description\":\"Achetez vos billets Kut'zig sur notre site internet s\u00e9curis\u00e9 et profitez d'une immersion au coeur de la Route des Vins d'Alsace\",\"breadcrumb\":{\"@id\":\"https:\/\/kutzig.fr\/es\/boutique-en-ligne\/#breadcrumb\"},\"inLanguage\":\"es\",\"potentialAction\":[{\"@type\":\"ReadAction\",\"target\":[[\"https:\/\/kutzig.fr\/es\/boutique-en-ligne\/\"]]}]},{\"@type\":\"BreadcrumbList\",\"@id\":\"https:\/\/kutzig.fr\/es\/boutique-en-ligne\/#breadcrumb\",\"itemListElement\":[{\"@type\":\"ListItem\",\"position\":1,\"name\":\"Accueil\",\"item\":\"https:\/\/kutzig.fr\/es\/\"},{\"@type\":\"ListItem\",\"position\":2,\"name\":\"Boutique en ligne\"}]},{\"@type\":\"WebSite\",\"@id\":\"https:\/\/kutzig.fr\/es\/#website\",\"url\":\"https:\/\/kutzig.fr\/es\/\",\"name\":\"Kutzig\",\"description\":\"Visitez le coeur de la route des vins d&#039;Alsace avec Kut&#039;zig\",\"potentialAction\":[{\"@type\":\"SearchAction\",\"target\":{\"@type\":\"EntryPoint\",\"urlTemplate\":\"https:\/\/kutzig.fr\/es\/?s={search_term_string}\"},\"query-input\":{\"@type\":\"PropertyValueSpecification\",\"valueRequired\":true,\"valueName\":\"search_term_string\"}}],\"inLanguage\":\"es\"}]}<\/script>\n<!-- \/ Yoast SEO plugin. -->","yoast_head_json":{"title":"Boutique en ligne - Kutzig Buchen Sie Ihre Tickets an Bord der Kut'zigBoutique en ligne - Kutzig Book your tickets on board the Kut'zigBoutique en ligne - Kutzig R\u00e9servez votre place \u00e0 bord du Kut'zig","description":"Achetez vos billets Kut'zig sur notre site internet s\u00e9curis\u00e9 et profitez d'une immersion au coeur de la Route des Vins d'Alsace","robots":{"index":"index","follow":"follow","max-snippet":"max-snippet:-1","max-image-preview":"max-image-preview:large","max-video-preview":"max-video-preview:-1"},"canonical":"https:\/\/kutzig.fr\/es\/boutique-en-ligne\/","og_locale":"es_ES","og_type":"article","og_title":"Boutique en ligne - Kutzig Buchen Sie Ihre Tickets an Bord der Kut'zigBoutique en ligne - Kutzig Book your tickets on board the Kut'zigBoutique en ligne - Kutzig R\u00e9servez votre place \u00e0 bord du Kut'zig","og_description":"Achetez vos billets Kut'zig sur notre site internet s\u00e9curis\u00e9 et profitez d'une immersion au coeur de la Route des Vins d'Alsace","og_url":"https:\/\/kutzig.fr\/es\/boutique-en-ligne\/","og_site_name":"Kutzig","article_modified_time":"2024-04-23T09:08:32+00:00","twitter_card":"summary_large_image","twitter_misc":{"Tiempo de lectura":"1 minuto"},"schema":{"@context":"https:\/\/schema.org","@graph":[{"@type":"WebPage","@id":"https:\/\/kutzig.fr\/es\/boutique-en-ligne\/","url":"https:\/\/kutzig.fr\/es\/boutique-en-ligne\/","name":"Boutique en ligne - Kutzig Buchen Sie Ihre Tickets an Bord der Kut'zigBoutique en ligne - Kutzig Book your tickets on board the Kut'zigBoutique en ligne - Kutzig R\u00e9servez votre place \u00e0 bord du Kut'zig","isPartOf":{"@id":"https:\/\/kutzig.fr\/es\/#website"},"datePublished":"2019-05-07T07:18:39+00:00","dateModified":"2024-04-23T09:08:32+00:00","description":"Achetez vos billets Kut'zig sur notre site internet s\u00e9curis\u00e9 et profitez d'une immersion au coeur de la Route des Vins d'Alsace","breadcrumb":{"@id":"https:\/\/kutzig.fr\/es\/boutique-en-ligne\/#breadcrumb"},"inLanguage":"es","potentialAction":[{"@type":"ReadAction","target":[["https:\/\/kutzig.fr\/es\/boutique-en-ligne\/"]]}]},{"@type":"BreadcrumbList","@id":"https:\/\/kutzig.fr\/es\/boutique-en-ligne\/#breadcrumb","itemListElement":[{"@type":"ListItem","position":1,"name":"Accueil","item":"https:\/\/kutzig.fr\/es\/"},{"@type":"ListItem","position":2,"name":"Boutique en ligne"}]},{"@type":"WebSite","@id":"https:\/\/kutzig.fr\/es\/#website","url":"https:\/\/kutzig.fr\/es\/","name":"Kutzig","description":"Visitez le coeur de la route des vins d&#039;Alsace avec Kut&#039;zig","potentialAction":[{"@type":"SearchAction","target":{"@type":"EntryPoint","urlTemplate":"https:\/\/kutzig.fr\/es\/?s={search_term_string}"},"query-input":{"@type":"PropertyValueSpecification","valueRequired":true,"valueName":"search_term_string"}}],"inLanguage":"es"}]}},"_links":{"self":[{"href":"https:\/\/kutzig.fr\/es\/wp-json\/wp\/v2\/pages\/894"}],"collection":[{"href":"https:\/\/kutzig.fr\/es\/wp-json\/wp\/v2\/pages"}],"about":[{"href":"https:\/\/kutzig.fr\/es\/wp-json\/wp\/v2\/types\/page"}],"author":[{"embeddable":true,"href":"https:\/\/kutzig.fr\/es\/wp-json\/wp\/v2\/users\/1"}],"replies":[{"embeddable":true,"href":"https:\/\/kutzig.fr\/es\/wp-json\/wp\/v2\/comments?post=894"}],"version-history":[{"count":0,"href":"https:\/\/kutzig.fr\/es\/wp-json\/wp\/v2\/pages\/894\/revisions"}],"wp:attachment":[{"href":"https:\/\/kutzig.fr\/es\/wp-json\/wp\/v2\/media?parent=894"}],"curies":[{"name":"wp","href":"https:\/\/api.w.org\/{rel}","templated":true}]}}