{"id":3110,"date":"2022-07-19T14:54:22","date_gmt":"2022-07-19T12:54:22","guid":{"rendered":"https:\/\/kutzig.fr\/?page_id=3110"},"modified":"2026-03-03T17:53:02","modified_gmt":"2026-03-03T16:53:02","slug":"privatiser-le-kutzig","status":"publish","type":"page","link":"https:\/\/kutzig.fr\/es\/privatizar-el-kutzig\/","title":{"rendered":"Privatizar el Kut&#8217;zig"},"content":{"rendered":"<p><\/p>\n<p style=\"text-align: center;\"><img loading=\"lazy\" decoding=\"async\" src=\"https:\/\/kutzig.fr\/wp-content\/uploads\/2019\/05\/logo.jpg\" alt=\"Tour bus Kutzig\" width=\"173\" height=\"71\" \/><\/p>\n<h3 style=\"text-align: center;\"><span style=\"color: #2a2e43;\">el autob\u00fas descapotable que recorre<\/span><br \/>\n<span style=\"color: #e41b13;\">el centro de la Ruta del Vino de Alsacia<\/span><\/h3>\n<hr style=\"width: 95px; background-color: #fc0; border: 1px solid #FC0; border-radius: 7px 7px 7px 7px; height: 5px;\" \/>\n<div class=\"row\"><div class=\"col-sm-12\">\n<h3 style=\"text-align: center;\">\u00bfEs usted un grupo de amigos, una empresa o un CES?<\/h3>\n<p style=\"text-align: center;\">\u00bfDesea organizar una jornada original en Alsacia? Entonces, \u00a1tome el Kut&#8217;zig en privado!<br \/>\n<strong>Tiene dos opciones: contratar s\u00f3lo el autob\u00fas (con conductor) o a\u00f1adir servicios (visitas a bodegas, catering, actividades, etc.).<\/strong><\/p>\n<p>&nbsp;<\/p>\n<table  class=\" aligncenter table table-hover\"  width=\"324\">\n<tbody>\n<tr>\n<td width=\"324\"><strong>Privatizaci\u00f3n posible:<\/strong><\/td>\n<\/tr>\n<tr>\n<td>\n<ul>\n<li>Todos los d\u00edas<\/li>\n<\/ul>\n<\/td>\n<\/tr>\n<tr>\n<td><\/td>\n<\/tr>\n<tr>\n<td><\/td>\n<\/tr>\n<\/tbody>\n<\/table>\n<p><\/p><\/div><\/div>\n<p><div class=\"row\"><div class=\"col-sm-12\">\n\n<div class=\"wpcf7 no-js\" id=\"wpcf7-f3666-o4\" lang=\"fr-FR\" dir=\"ltr\">\n<div class=\"screen-reader-response\"><p role=\"status\" aria-live=\"polite\" aria-atomic=\"true\"><\/p> <ul><\/ul><\/div>\n<form action=\"\/es\/wp-json\/wp\/v2\/pages\/3110#wpcf7-f3666-o4\" method=\"post\" class=\"wpcf7-form init\" aria-label=\"Formulaire de contact\" novalidate=\"novalidate\" data-status=\"init\">\n<div style=\"display: none;\">\n<input type=\"hidden\" name=\"_wpcf7\" value=\"3666\" \/>\n<input type=\"hidden\" name=\"_wpcf7_version\" value=\"5.9.8\" \/>\n<input type=\"hidden\" name=\"_wpcf7_locale\" value=\"fr_FR\" \/>\n<input type=\"hidden\" name=\"_wpcf7_unit_tag\" value=\"wpcf7-f3666-o4\" \/>\n<input type=\"hidden\" name=\"_wpcf7_container_post\" value=\"0\" \/>\n<input type=\"hidden\" name=\"_wpcf7_posted_data_hash\" value=\"\" \/>\n<\/div>\n<div class=\"col-md-12\">\n\t<p><label>Apellido nombre *<\/label><span class=\"wpcf7-form-control-wrap\" data-name=\"nomprenom\"><input size=\"40\" maxlength=\"400\" class=\"wpcf7-form-control wpcf7-text wpcf7-validates-as-required\" aria-required=\"true\" aria-invalid=\"false\" value=\"\" type=\"text\" name=\"nomprenom\" \/><\/span>\n\t<\/p>\n<\/div>\n<div class=\"col-md-6\">\n\t<p><label>Compa\u00f1\u00eda<\/label><span class=\"wpcf7-form-control-wrap\" data-name=\"societe\"><input size=\"40\" maxlength=\"400\" class=\"wpcf7-form-control wpcf7-text\" aria-invalid=\"false\" value=\"\" type=\"text\" name=\"societe\" \/><\/span>\n\t<\/p>\n<\/div>\n<div class=\"col-md-6\">\n\t<p><label>Correo *<\/label><span class=\"wpcf7-form-control-wrap\" data-name=\"mail\"><input size=\"40\" maxlength=\"400\" class=\"wpcf7-form-control wpcf7-text wpcf7-validates-as-required\" aria-required=\"true\" aria-invalid=\"false\" value=\"\" type=\"text\" name=\"mail\" \/><\/span>\n\t<\/p>\n<\/div>\n<div class=\"col-md-6\">\n\t<p><label>Tel\u00e9fono<\/label><span class=\"wpcf7-form-control-wrap\" data-name=\"telephone\"><input size=\"40\" maxlength=\"400\" class=\"wpcf7-form-control wpcf7-text wpcf7-validates-as-required\" aria-required=\"true\" aria-invalid=\"false\" value=\"\" type=\"text\" name=\"telephone\" \/><\/span>\n\t<\/p>\n<\/div>\n<div class=\"col-md-6\">\n\t<p><label>N\u00famero de personas (1 Autob\u00fas = 26 plazas) *<\/label><span class=\"wpcf7-form-control-wrap\" data-name=\"menu-171\"><select class=\"wpcf7-form-control wpcf7-select wpcf7-validates-as-required\" aria-required=\"true\" aria-invalid=\"false\" name=\"menu-171\"><option value=\"1\">1<\/option><option value=\"2\">2<\/option><option value=\"3\">3<\/option><option value=\"4\">4<\/option><option value=\"5\">5<\/option><option value=\"6\">6<\/option><option value=\"7\">7<\/option><option value=\"8\">8<\/option><option value=\"9\">9<\/option><option value=\"10\">10<\/option><option value=\"11\">11<\/option><option value=\"12\">12<\/option><option value=\"13\">13<\/option><option value=\"14\">14<\/option><option value=\"15\">15<\/option><option value=\"16\">16<\/option><option value=\"17\">17<\/option><option value=\"18\">18<\/option><option value=\"19\">19<\/option><option value=\"20\">20<\/option><option value=\"21\">21<\/option><option value=\"22\">22<\/option><option value=\"23\">23<\/option><option value=\"24\">24<\/option><option value=\"25\">25<\/option><option value=\"26\">26<\/option><\/select><\/span>\n\t<\/p>\n<\/div>\n<div class=\"col-md-6\">\n\t<p><label>Fecha en la que desea privatizar el autob\u00fas *<\/label><span class=\"wpcf7-form-control-wrap\" data-name=\"date-653\"><input class=\"wpcf7-form-control wpcf7-date wpcf7-validates-as-required wpcf7-validates-as-date\" aria-required=\"true\" aria-invalid=\"false\" value=\"\" type=\"date\" name=\"date-653\" \/><\/span>\n\t<\/p>\n<\/div>\n<p><label>Para :<\/label><span class=\"wpcf7-form-control-wrap\" data-name=\"checkbox-684\"><span class=\"wpcf7-form-control wpcf7-checkbox wpcf7-validates-as-required wpcf7-exclusive-checkbox\"><span class=\"wpcf7-list-item first\"><input type=\"checkbox\" name=\"checkbox-684\" value=\"un dia completo\" \/><span class=\"wpcf7-list-item-label\">un dia completo<\/span><\/span><span class=\"wpcf7-list-item last\"><input type=\"checkbox\" name=\"checkbox-684\" value=\"Media jornada\" \/><span class=\"wpcf7-list-item-label\">Media jornada<\/span><\/span><\/span><\/span>\n<\/p>\n<div class=\"col-md-12\">\n\t<p><label>Deseo *<\/label><span class=\"wpcf7-form-control-wrap\" data-name=\"checkbox-685\"><span class=\"wpcf7-form-control wpcf7-checkbox wpcf7-validates-as-required wpcf7-exclusive-checkbox\"><span class=\"wpcf7-list-item first\"><input type=\"checkbox\" name=\"checkbox-685\" value=\"Privatizar el veh\u00edculo s\u00f3lo (con conductor)\" \/><span class=\"wpcf7-list-item-label\">Privatizar el veh\u00edculo s\u00f3lo (con conductor)<\/span><\/span><span class=\"wpcf7-list-item last\"><input type=\"checkbox\" name=\"checkbox-685\" value=\"Privatizar el veh\u00edculo y a\u00f1adir servicios (visitas a bodega, catering, etc.)\" \/><span class=\"wpcf7-list-item-label\">Privatizar el veh\u00edculo y a\u00f1adir servicios (visitas a bodega, catering, etc.)<\/span><\/span><\/span><\/span>\n\t<\/p>\n<\/div>\n<div class=\"col-md-12\">\n\t<p><label>Cu\u00e9ntanos m\u00e1s sobre tu proyecto:<\/label><span class=\"wpcf7-form-control-wrap\" data-name=\"textarea-89\"><textarea cols=\"40\" rows=\"10\" maxlength=\"2000\" class=\"wpcf7-form-control wpcf7-textarea\" aria-invalid=\"false\" name=\"textarea-89\"><\/textarea><\/span>\n\t<\/p>\n<\/div>\n<div class=\"col-md-12\">\n\t<p><label>*Campos obligatorios<\/label>\n\t<\/p>\n<\/div>\n<div class=\"col-md-12\">\n\t<p><span class=\"wpcf7-form-control-wrap\" data-name=\"rgpd\"><span class=\"wpcf7-form-control wpcf7-acceptance\"><span class=\"wpcf7-list-item\"><label><input type=\"checkbox\" name=\"rgpd\" value=\"1\" aria-invalid=\"false\" \/><span class=\"wpcf7-list-item-label\">*Al enviar este formulario, acepto que la informaci\u00f3n ingresada ser\u00e1 utilizada como parte de la solicitud de informaci\u00f3n y la relaci\u00f3n comercial que de la misma pueda resultar. Para conocer y ejercer sus derechos, en particular para retirar su consentimiento al uso de los datos recopilados mediante este formulario, consulte nuestra pol\u00edtica de confidencialidad..<\/span><\/label><\/span><\/span><\/span>\n\t<\/p>\n<\/div>\n<div class=\"col-md-12\">\n\t<p><span class=\"wpcf7-form-control-wrap kc_captcha\" data-name=\"kc_captcha\"><span class=\"wpcf7-form-control wpcf7-radio\"><span class=\"captcha-image\"><span class=\"cf7ic_instructions\">Veuillez prouver que vous \u00eates humain en s\u00e9lectionnant<span> la tasse<\/span>.<\/span><label><input aria-label=\"1\" type=\"radio\" name=\"kc_captcha\" value=\"bot\" \/><svg aria-hidden=\"true\" role=\"img\" xmlns=\"http:\/\/www.w3.org\/2000\/svg\" viewBox=\"0 0 576 512\"><path fill=\"currentColor\" d=\"M488 313v143c0 13-11 24-24 24H348c-7 0-12-5-12-12V356c0-7-5-12-12-12h-72c-7 0-12 5-12 12v112c0 7-5 12-12 12H112c-13 0-24-11-24-24V313c0-4 2-7 4-10l188-154c5-4 11-4 16 0l188 154c2 3 4 6 4 10zm84-61l-84-69V44c0-6-5-12-12-12h-56c-7 0-12 6-12 12v73l-89-74a48 48 0 00-61 0L4 252c-5 4-5 12-1 17l25 31c5 5 12 5 17 1l235-193c5-4 11-4 16 0l235 193c5 5 13 4 17-1l25-31c4-6 4-13-1-17z\"><\/path><\/svg><\/label><label><input aria-label=\"2\" type=\"radio\" name=\"kc_captcha\" value=\"bot\" \/><svg aria-hidden=\"true\" role=\"img\" xmlns=\"http:\/\/www.w3.org\/2000\/svg\" viewBox=\"0 0 576 512\"><path fill=\"currentColor\" d=\"M259 18l-65 132-146 22c-26 3-37 36-18 54l106 103-25 146c-5 26 23 46 46 33l131-68 131 68c23 13 51-7 46-33l-25-146 106-103c19-18 8-51-18-54l-146-22-65-132a32 32 0 00-58 0z\"><\/path><\/svg><\/label><label><input aria-label=\"3\" type=\"radio\" name=\"kc_captcha\" value=\"kc_human\" \/><svg aria-hidden=\"true\" role=\"img\" xmlns=\"http:\/\/www.w3.org\/2000\/svg\" viewBox=\"0 0 640 512\"><path fill=\"currentColor\" d=\"M192 384h192c53 0 96-43 96-96h32a128 128 0 000-256H120c-13 0-24 11-24 24v232c0 53 43 96 96 96zM512 96a64 64 0 010 128h-32V96h32zm48 384H48c-47 0-61-64-36-64h584c25 0 11 64-36 64z\"><\/path><\/svg><\/label>\r\n    <\/span>\r\n    <span style=\"display:none\">\r\n        <input type=\"text\" name=\"kc_honeypot\"\/>\r\n    <\/span><\/span><\/span>\n\t<\/p>\n<\/div>\n<div class=\"col-md-12\">\n\t<p><input class=\"wpcf7-form-control wpcf7-submit has-spinner\" type=\"submit\" value=\"enviar a\" \/>\n\t<\/p>\n<\/div><div class=\"wpcf7-response-output\" aria-hidden=\"true\"><\/div>\n<\/form>\n<\/div>\n\n<p><\/p><\/div><\/div><\/p>","protected":false},"excerpt":{"rendered":"<p>el autob\u00fas descapotable que recorre el centro de la Ruta del Vino de Alsacia<\/p>\n","protected":false},"author":1,"featured_media":0,"parent":0,"menu_order":4,"comment_status":"closed","ping_status":"closed","template":"","meta":{"_acf_changed":false,"inline_featured_image":false,"footnotes":""},"acf":{"bandeau_image":{"ID":786,"id":786,"title":"route-des-vins","filename":"route-des-vins-scaled.jpg","filesize":726069,"url":"https:\/\/kutzig.fr\/wp-content\/uploads\/2019\/05\/route-des-vins-scaled.jpg","link":"https:\/\/kutzig.fr\/es\/pagina-principal\/route-des-vins\/","alt":"","author":"1","description":"","caption":"","name":"route-des-vins","status":"inherit","uploaded_to":2,"date":"2019-05-02 17:00:54","modified":"2019-05-02 19:53:10","menu_order":0,"mime_type":"image\/jpeg","type":"image","subtype":"jpeg","icon":"https:\/\/kutzig.fr\/wp-includes\/images\/media\/default.png","width":2560,"height":1217,"sizes":{"thumbnail":"https:\/\/kutzig.fr\/wp-content\/uploads\/2019\/05\/route-des-vins-150x150.jpg","thumbnail-width":150,"thumbnail-height":150,"medium":"https:\/\/kutzig.fr\/wp-content\/uploads\/2019\/05\/route-des-vins-300x143.jpg","medium-width":300,"medium-height":143,"medium_large":"https:\/\/kutzig.fr\/wp-content\/uploads\/2019\/05\/route-des-vins-768x365.jpg","medium_large-width":648,"medium_large-height":308,"large":"https:\/\/kutzig.fr\/wp-content\/uploads\/2019\/05\/route-des-vins-1024x487.jpg","large-width":648,"large-height":308,"1536x1536":"https:\/\/kutzig.fr\/wp-content\/uploads\/2019\/05\/route-des-vins-scaled.jpg","1536x1536-width":1536,"1536x1536-height":730,"2048x2048":"https:\/\/kutzig.fr\/wp-content\/uploads\/2019\/05\/route-des-vins-scaled.jpg","2048x2048-width":2048,"2048x2048-height":974,"article-mini":"https:\/\/kutzig.fr\/wp-content\/uploads\/2019\/05\/route-des-vins-scaled.jpg","article-mini-width":70,"article-mini-height":33,"sparkling-featured":"https:\/\/kutzig.fr\/wp-content\/uploads\/2019\/05\/route-des-vins-750x410.jpg","sparkling-featured-width":750,"sparkling-featured-height":410,"sparkling-featured-fullwidth":"https:\/\/kutzig.fr\/wp-content\/uploads\/2019\/05\/route-des-vins-scaled.jpg","sparkling-featured-fullwidth-width":1140,"sparkling-featured-fullwidth-height":542,"tab-small":"https:\/\/kutzig.fr\/wp-content\/uploads\/2019\/05\/route-des-vins-60x60.jpg","tab-small-width":60,"tab-small-height":60,"slider":"https:\/\/kutzig.fr\/wp-content\/uploads\/2019\/05\/route-des-vins-scaled.jpg","slider-width":1451,"slider-height":690,"woocommerce_thumbnail":"https:\/\/kutzig.fr\/wp-content\/uploads\/2019\/05\/route-des-vins-scaled-300x300.jpg","woocommerce_thumbnail-width":300,"woocommerce_thumbnail-height":300,"woocommerce_single":"https:\/\/kutzig.fr\/wp-content\/uploads\/2019\/05\/route-des-vins-scaled-600x285.jpg","woocommerce_single-width":600,"woocommerce_single-height":285,"woocommerce_gallery_thumbnail":"https:\/\/kutzig.fr\/wp-content\/uploads\/2019\/05\/route-des-vins-scaled-100x100.jpg","woocommerce_gallery_thumbnail-width":100,"woocommerce_gallery_thumbnail-height":100}},"texte_icone":"<p>Privatizar el Kut&#8217;zig<\/p>\n","texte":"<h3 style=\"text-align: center;\">Descubra las excursiones de Kut&#8217;zig<br \/>\n<span style=\"color: #e41b13;\">\u00a1con nuestra colaboradora Lisela!<\/span><\/h3>\n<hr style=\"width: 95px; background-color: #fc0; border: 1px solid #FC0; border-radius: 7px 7px 7px 7px; height: 5px;\" \/>\n"},"yoast_head":"<!-- This site is optimized with the Yoast SEO plugin v23.7 - https:\/\/yoast.com\/wordpress\/plugins\/seo\/ -->\n<title>Privatizar el Kut&#039;zig - Kutzig<\/title>\n<meta name=\"robots\" content=\"index, follow, max-snippet:-1, max-image-preview:large, max-video-preview:-1\" \/>\n<link rel=\"canonical\" href=\"https:\/\/kutzig.fr\/es\/privatiser-le-kutzig\/\" \/>\n<meta property=\"og:locale\" content=\"es_ES\" \/>\n<meta property=\"og:type\" content=\"article\" \/>\n<meta property=\"og:title\" content=\"Privatizar el Kut&#039;zig - Kutzig\" \/>\n<meta property=\"og:description\" content=\"el autob\u00fas descapotable que recorre el centro de la Ruta del Vino de Alsacia\" \/>\n<meta property=\"og:url\" content=\"https:\/\/kutzig.fr\/es\/privatiser-le-kutzig\/\" \/>\n<meta property=\"og:site_name\" content=\"Kutzig\" \/>\n<meta property=\"article:modified_time\" content=\"2026-03-03T16:53:02+00:00\" \/>\n<meta property=\"og:image\" content=\"https:\/\/kutzig.fr\/wp-content\/uploads\/2019\/05\/logo.jpg\" \/>\n<meta name=\"twitter:card\" content=\"summary_large_image\" \/>\n<meta name=\"twitter:label1\" content=\"Tiempo de lectura\" \/>\n\t<meta name=\"twitter:data1\" content=\"1 minuto\" \/>\n<script type=\"application\/ld+json\" class=\"yoast-schema-graph\">{\"@context\":\"https:\/\/schema.org\",\"@graph\":[{\"@type\":\"WebPage\",\"@id\":\"https:\/\/kutzig.fr\/es\/privatiser-le-kutzig\/\",\"url\":\"https:\/\/kutzig.fr\/es\/privatiser-le-kutzig\/\",\"name\":\"Privatizar el Kut'zig - Kutzig\",\"isPartOf\":{\"@id\":\"https:\/\/kutzig.fr\/es\/#website\"},\"primaryImageOfPage\":{\"@id\":\"https:\/\/kutzig.fr\/es\/privatiser-le-kutzig\/#primaryimage\"},\"image\":{\"@id\":\"https:\/\/kutzig.fr\/privatiser-le-kutzig\/#primaryimage\"},\"thumbnailUrl\":\"https:\/\/kutzig.fr\/wp-content\/uploads\/2019\/05\/logo.jpg\",\"datePublished\":\"2022-07-19T12:54:22+00:00\",\"dateModified\":\"2026-03-03T16:53:02+00:00\",\"breadcrumb\":{\"@id\":\"https:\/\/kutzig.fr\/es\/privatiser-le-kutzig\/#breadcrumb\"},\"inLanguage\":\"es\",\"potentialAction\":[{\"@type\":\"ReadAction\",\"target\":[[\"https:\/\/kutzig.fr\/es\/privatiser-le-kutzig\/\"]]}]},{\"@type\":\"ImageObject\",\"inLanguage\":\"es\",\"@id\":\"https:\/\/kutzig.fr\/es\/privatiser-le-kutzig\/#primaryimage\",\"url\":\"https:\/\/kutzig.fr\/wp-content\/uploads\/2019\/05\/logo.jpg\",\"contentUrl\":\"https:\/\/kutzig.fr\/wp-content\/uploads\/2019\/05\/logo.jpg\"},{\"@type\":\"BreadcrumbList\",\"@id\":\"https:\/\/kutzig.fr\/es\/privatiser-le-kutzig\/#breadcrumb\",\"itemListElement\":[{\"@type\":\"ListItem\",\"position\":1,\"name\":\"Accueil\",\"item\":\"https:\/\/kutzig.fr\/es\/\"},{\"@type\":\"ListItem\",\"position\":2,\"name\":\"Privatiser le Kut&#8217;zig\"}]},{\"@type\":\"WebSite\",\"@id\":\"https:\/\/kutzig.fr\/es\/#website\",\"url\":\"https:\/\/kutzig.fr\/es\/\",\"name\":\"Kutzig\",\"description\":\"Visitez le coeur de la route des vins d&#039;Alsace avec Kut&#039;zig\",\"potentialAction\":[{\"@type\":\"SearchAction\",\"target\":{\"@type\":\"EntryPoint\",\"urlTemplate\":\"https:\/\/kutzig.fr\/es\/?s={search_term_string}\"},\"query-input\":{\"@type\":\"PropertyValueSpecification\",\"valueRequired\":true,\"valueName\":\"search_term_string\"}}],\"inLanguage\":\"es\"}]}<\/script>\n<!-- \/ Yoast SEO plugin. -->","yoast_head_json":{"title":"Privatizar el Kut'zig - Kutzig","robots":{"index":"index","follow":"follow","max-snippet":"max-snippet:-1","max-image-preview":"max-image-preview:large","max-video-preview":"max-video-preview:-1"},"canonical":"https:\/\/kutzig.fr\/es\/privatiser-le-kutzig\/","og_locale":"es_ES","og_type":"article","og_title":"Privatizar el Kut'zig - Kutzig","og_description":"el autob\u00fas descapotable que recorre el centro de la Ruta del Vino de Alsacia","og_url":"https:\/\/kutzig.fr\/es\/privatiser-le-kutzig\/","og_site_name":"Kutzig","article_modified_time":"2026-03-03T16:53:02+00:00","og_image":[{"url":"https:\/\/kutzig.fr\/wp-content\/uploads\/2019\/05\/logo.jpg"}],"twitter_card":"summary_large_image","twitter_misc":{"Tiempo de lectura":"1 minuto"},"schema":{"@context":"https:\/\/schema.org","@graph":[{"@type":"WebPage","@id":"https:\/\/kutzig.fr\/es\/privatiser-le-kutzig\/","url":"https:\/\/kutzig.fr\/es\/privatiser-le-kutzig\/","name":"Privatizar el Kut'zig - Kutzig","isPartOf":{"@id":"https:\/\/kutzig.fr\/es\/#website"},"primaryImageOfPage":{"@id":"https:\/\/kutzig.fr\/es\/privatiser-le-kutzig\/#primaryimage"},"image":{"@id":"https:\/\/kutzig.fr\/privatiser-le-kutzig\/#primaryimage"},"thumbnailUrl":"https:\/\/kutzig.fr\/wp-content\/uploads\/2019\/05\/logo.jpg","datePublished":"2022-07-19T12:54:22+00:00","dateModified":"2026-03-03T16:53:02+00:00","breadcrumb":{"@id":"https:\/\/kutzig.fr\/es\/privatiser-le-kutzig\/#breadcrumb"},"inLanguage":"es","potentialAction":[{"@type":"ReadAction","target":[["https:\/\/kutzig.fr\/es\/privatiser-le-kutzig\/"]]}]},{"@type":"ImageObject","inLanguage":"es","@id":"https:\/\/kutzig.fr\/es\/privatiser-le-kutzig\/#primaryimage","url":"https:\/\/kutzig.fr\/wp-content\/uploads\/2019\/05\/logo.jpg","contentUrl":"https:\/\/kutzig.fr\/wp-content\/uploads\/2019\/05\/logo.jpg"},{"@type":"BreadcrumbList","@id":"https:\/\/kutzig.fr\/es\/privatiser-le-kutzig\/#breadcrumb","itemListElement":[{"@type":"ListItem","position":1,"name":"Accueil","item":"https:\/\/kutzig.fr\/es\/"},{"@type":"ListItem","position":2,"name":"Privatiser le Kut&#8217;zig"}]},{"@type":"WebSite","@id":"https:\/\/kutzig.fr\/es\/#website","url":"https:\/\/kutzig.fr\/es\/","name":"Kutzig","description":"Visitez le coeur de la route des vins d&#039;Alsace avec Kut&#039;zig","potentialAction":[{"@type":"SearchAction","target":{"@type":"EntryPoint","urlTemplate":"https:\/\/kutzig.fr\/es\/?s={search_term_string}"},"query-input":{"@type":"PropertyValueSpecification","valueRequired":true,"valueName":"search_term_string"}}],"inLanguage":"es"}]}},"_links":{"self":[{"href":"https:\/\/kutzig.fr\/es\/wp-json\/wp\/v2\/pages\/3110"}],"collection":[{"href":"https:\/\/kutzig.fr\/es\/wp-json\/wp\/v2\/pages"}],"about":[{"href":"https:\/\/kutzig.fr\/es\/wp-json\/wp\/v2\/types\/page"}],"author":[{"embeddable":true,"href":"https:\/\/kutzig.fr\/es\/wp-json\/wp\/v2\/users\/1"}],"replies":[{"embeddable":true,"href":"https:\/\/kutzig.fr\/es\/wp-json\/wp\/v2\/comments?post=3110"}],"version-history":[{"count":3,"href":"https:\/\/kutzig.fr\/es\/wp-json\/wp\/v2\/pages\/3110\/revisions"}],"predecessor-version":[{"id":20070,"href":"https:\/\/kutzig.fr\/es\/wp-json\/wp\/v2\/pages\/3110\/revisions\/20070"}],"wp:attachment":[{"href":"https:\/\/kutzig.fr\/es\/wp-json\/wp\/v2\/media?parent=3110"}],"curies":[{"name":"wp","href":"https:\/\/api.w.org\/{rel}","templated":true}]}}