{"id":2144,"date":"2019-09-06T12:07:55","date_gmt":"2019-09-06T10:07:55","guid":{"rendered":"https:\/\/kutzig.fr\/?page_id=2144"},"modified":"2019-09-09T11:22:40","modified_gmt":"2019-09-09T09:22:40","slug":"application","status":"publish","type":"page","link":"https:\/\/kutzig.fr\/es\/application\/","title":{"rendered":"application"},"content":{"rendered":"<p class=\"qtranxs-available-languages-message qtranxs-available-languages-message-es\">Disculpa, pero esta entrada est\u00e1 disponible s\u00f3lo en <a href=\"https:\/\/kutzig.fr\/fr\/wp-json\/wp\/v2\/pages\/2144\" class=\"qtranxs-available-language-link qtranxs-available-language-link-fr\" title=\"Fran\u00e7ais\">Fran\u00e7ais<\/a>, <a href=\"https:\/\/kutzig.fr\/de\/wp-json\/wp\/v2\/pages\/2144\" class=\"qtranxs-available-language-link qtranxs-available-language-link-de\" title=\"Deutsch\">Deutsch<\/a> y <a href=\"https:\/\/kutzig.fr\/en\/wp-json\/wp\/v2\/pages\/2144\" class=\"qtranxs-available-language-link qtranxs-available-language-link-en\" title=\"English\">English<\/a>.<\/p>","protected":false},"excerpt":{"rendered":"<p>Disculpa, pero esta entrada est\u00e1 disponible s\u00f3lo en Fran\u00e7ais, Deutsch y English.<\/p>\n","protected":false},"author":1,"featured_media":0,"parent":0,"menu_order":6,"comment_status":"closed","ping_status":"closed","template":"","meta":{"_acf_changed":false,"inline_featured_image":false,"footnotes":""},"acf":{"bandeau_image":{"ID":2148,"id":2148,"title":"route-des-vins","filename":"route-des-vins-2-scaled.jpg","filesize":726069,"url":"https:\/\/kutzig.fr\/wp-content\/uploads\/2019\/09\/route-des-vins-2-scaled.jpg","link":"https:\/\/kutzig.fr\/es\/application\/route-des-vins-4\/","alt":"route-des-vins","author":"1","description":"","caption":"","name":"route-des-vins-4","status":"inherit","uploaded_to":2144,"date":"2019-09-06 12:56:42","modified":"2019-09-06 14:08:30","menu_order":0,"mime_type":"image\/jpeg","type":"image","subtype":"jpeg","icon":"https:\/\/kutzig.fr\/wp-includes\/images\/media\/default.png","width":2560,"height":1217,"sizes":{"thumbnail":"https:\/\/kutzig.fr\/wp-content\/uploads\/2019\/09\/route-des-vins-2-150x150.jpg","thumbnail-width":150,"thumbnail-height":150,"medium":"https:\/\/kutzig.fr\/wp-content\/uploads\/2019\/09\/route-des-vins-2-300x143.jpg","medium-width":300,"medium-height":143,"medium_large":"https:\/\/kutzig.fr\/wp-content\/uploads\/2019\/09\/route-des-vins-2-768x365.jpg","medium_large-width":648,"medium_large-height":308,"large":"https:\/\/kutzig.fr\/wp-content\/uploads\/2019\/09\/route-des-vins-2-1024x487.jpg","large-width":648,"large-height":308,"1536x1536":"https:\/\/kutzig.fr\/wp-content\/uploads\/2019\/09\/route-des-vins-2-scaled.jpg","1536x1536-width":1536,"1536x1536-height":730,"2048x2048":"https:\/\/kutzig.fr\/wp-content\/uploads\/2019\/09\/route-des-vins-2-scaled.jpg","2048x2048-width":2048,"2048x2048-height":974,"article-mini":"https:\/\/kutzig.fr\/wp-content\/uploads\/2019\/09\/route-des-vins-2-scaled.jpg","article-mini-width":70,"article-mini-height":33,"sparkling-featured":"https:\/\/kutzig.fr\/wp-content\/uploads\/2019\/09\/route-des-vins-2-750x410.jpg","sparkling-featured-width":750,"sparkling-featured-height":410,"sparkling-featured-fullwidth":"https:\/\/kutzig.fr\/wp-content\/uploads\/2019\/09\/route-des-vins-2-scaled.jpg","sparkling-featured-fullwidth-width":1140,"sparkling-featured-fullwidth-height":542,"tab-small":"https:\/\/kutzig.fr\/wp-content\/uploads\/2019\/09\/route-des-vins-2-60x60.jpg","tab-small-width":60,"tab-small-height":60,"slider":"https:\/\/kutzig.fr\/wp-content\/uploads\/2019\/09\/route-des-vins-2-1950x690.jpg","slider-width":1950,"slider-height":690,"woocommerce_thumbnail":"https:\/\/kutzig.fr\/wp-content\/uploads\/2019\/09\/route-des-vins-2-scaled-300x300.jpg","woocommerce_thumbnail-width":300,"woocommerce_thumbnail-height":300,"woocommerce_single":"https:\/\/kutzig.fr\/wp-content\/uploads\/2019\/09\/route-des-vins-2-scaled-600x285.jpg","woocommerce_single-width":600,"woocommerce_single-height":285,"woocommerce_gallery_thumbnail":"https:\/\/kutzig.fr\/wp-content\/uploads\/2019\/09\/route-des-vins-2-scaled-100x100.jpg","woocommerce_gallery_thumbnail-width":100,"woocommerce_gallery_thumbnail-height":100}},"texte_icone":"<p>APPLICATION<\/p>\n"},"yoast_head":"<!-- This site is optimized with the Yoast SEO plugin v23.7 - https:\/\/yoast.com\/wordpress\/plugins\/seo\/ -->\n<title>application - Kutzig<\/title>\n<meta name=\"description\" content=\"Kutzig - D\u00e9couvrez l&#039;application Kut\u2019zig, le bus cabriolet qui sillonne le coeur de la route des vins d\u2019Alsace !\" \/>\n<meta name=\"robots\" content=\"index, follow, max-snippet:-1, max-image-preview:large, max-video-preview:-1\" \/>\n<link rel=\"canonical\" href=\"https:\/\/kutzig.fr\/es\/application\/\" \/>\n<meta property=\"og:locale\" content=\"es_ES\" \/>\n<meta property=\"og:type\" content=\"article\" \/>\n<meta property=\"og:title\" content=\"application - Kutzig\" \/>\n<meta property=\"og:description\" content=\"Kutzig - D\u00e9couvrez l&#039;application Kut\u2019zig, le bus cabriolet qui sillonne le coeur de la route des vins d\u2019Alsace !\" \/>\n<meta property=\"og:url\" content=\"https:\/\/kutzig.fr\/es\/application\/\" \/>\n<meta property=\"og:site_name\" content=\"Kutzig\" \/>\n<meta property=\"article:modified_time\" content=\"2019-09-09T09:22:40+00:00\" \/>\n<meta property=\"og:image\" content=\"https:\/\/kutzig.fr\/wp-content\/uploads\/2019\/09\/germany.png\" \/>\n<meta name=\"twitter:card\" content=\"summary_large_image\" \/>\n<script type=\"application\/ld+json\" class=\"yoast-schema-graph\">{\"@context\":\"https:\/\/schema.org\",\"@graph\":[{\"@type\":\"WebPage\",\"@id\":\"https:\/\/kutzig.fr\/es\/application\/\",\"url\":\"https:\/\/kutzig.fr\/es\/application\/\",\"name\":\"application - Kutzig\",\"isPartOf\":{\"@id\":\"https:\/\/kutzig.fr\/es\/#website\"},\"primaryImageOfPage\":{\"@id\":\"https:\/\/kutzig.fr\/es\/application\/#primaryimage\"},\"image\":{\"@id\":\"https:\/\/kutzig.fr\/application\/#primaryimage\"},\"thumbnailUrl\":\"https:\/\/kutzig.fr\/wp-content\/uploads\/2019\/09\/germany.png\",\"datePublished\":\"2019-09-06T10:07:55+00:00\",\"dateModified\":\"2019-09-09T09:22:40+00:00\",\"description\":\"Kutzig - D\u00e9couvrez l'application Kut\u2019zig, le bus cabriolet qui sillonne le coeur de la route des vins d\u2019Alsace !\",\"breadcrumb\":{\"@id\":\"https:\/\/kutzig.fr\/es\/application\/#breadcrumb\"},\"inLanguage\":\"es\",\"potentialAction\":[{\"@type\":\"ReadAction\",\"target\":[[\"https:\/\/kutzig.fr\/es\/application\/\"]]}]},{\"@type\":\"ImageObject\",\"inLanguage\":\"es\",\"@id\":\"https:\/\/kutzig.fr\/es\/application\/#primaryimage\",\"url\":\"https:\/\/kutzig.fr\/wp-content\/uploads\/2019\/09\/germany.png\",\"contentUrl\":\"https:\/\/kutzig.fr\/wp-content\/uploads\/2019\/09\/germany.png\"},{\"@type\":\"BreadcrumbList\",\"@id\":\"https:\/\/kutzig.fr\/es\/application\/#breadcrumb\",\"itemListElement\":[{\"@type\":\"ListItem\",\"position\":1,\"name\":\"Accueil\",\"item\":\"https:\/\/kutzig.fr\/es\/\"},{\"@type\":\"ListItem\",\"position\":2,\"name\":\"application\"}]},{\"@type\":\"WebSite\",\"@id\":\"https:\/\/kutzig.fr\/es\/#website\",\"url\":\"https:\/\/kutzig.fr\/es\/\",\"name\":\"Kutzig\",\"description\":\"Visitez le coeur de la route des vins d&#039;Alsace avec Kut&#039;zig\",\"potentialAction\":[{\"@type\":\"SearchAction\",\"target\":{\"@type\":\"EntryPoint\",\"urlTemplate\":\"https:\/\/kutzig.fr\/es\/?s={search_term_string}\"},\"query-input\":{\"@type\":\"PropertyValueSpecification\",\"valueRequired\":true,\"valueName\":\"search_term_string\"}}],\"inLanguage\":\"es\"}]}<\/script>\n<!-- \/ Yoast SEO plugin. -->","yoast_head_json":{"title":"application - Kutzig","description":"Kutzig - D\u00e9couvrez l'application Kut\u2019zig, le bus cabriolet qui sillonne le coeur de la route des vins d\u2019Alsace !","robots":{"index":"index","follow":"follow","max-snippet":"max-snippet:-1","max-image-preview":"max-image-preview:large","max-video-preview":"max-video-preview:-1"},"canonical":"https:\/\/kutzig.fr\/es\/application\/","og_locale":"es_ES","og_type":"article","og_title":"application - Kutzig","og_description":"Kutzig - D\u00e9couvrez l'application Kut\u2019zig, le bus cabriolet qui sillonne le coeur de la route des vins d\u2019Alsace !","og_url":"https:\/\/kutzig.fr\/es\/application\/","og_site_name":"Kutzig","article_modified_time":"2019-09-09T09:22:40+00:00","og_image":[{"url":"https:\/\/kutzig.fr\/wp-content\/uploads\/2019\/09\/germany.png"}],"twitter_card":"summary_large_image","schema":{"@context":"https:\/\/schema.org","@graph":[{"@type":"WebPage","@id":"https:\/\/kutzig.fr\/es\/application\/","url":"https:\/\/kutzig.fr\/es\/application\/","name":"application - Kutzig","isPartOf":{"@id":"https:\/\/kutzig.fr\/es\/#website"},"primaryImageOfPage":{"@id":"https:\/\/kutzig.fr\/es\/application\/#primaryimage"},"image":{"@id":"https:\/\/kutzig.fr\/application\/#primaryimage"},"thumbnailUrl":"https:\/\/kutzig.fr\/wp-content\/uploads\/2019\/09\/germany.png","datePublished":"2019-09-06T10:07:55+00:00","dateModified":"2019-09-09T09:22:40+00:00","description":"Kutzig - D\u00e9couvrez l'application Kut\u2019zig, le bus cabriolet qui sillonne le coeur de la route des vins d\u2019Alsace !","breadcrumb":{"@id":"https:\/\/kutzig.fr\/es\/application\/#breadcrumb"},"inLanguage":"es","potentialAction":[{"@type":"ReadAction","target":[["https:\/\/kutzig.fr\/es\/application\/"]]}]},{"@type":"ImageObject","inLanguage":"es","@id":"https:\/\/kutzig.fr\/es\/application\/#primaryimage","url":"https:\/\/kutzig.fr\/wp-content\/uploads\/2019\/09\/germany.png","contentUrl":"https:\/\/kutzig.fr\/wp-content\/uploads\/2019\/09\/germany.png"},{"@type":"BreadcrumbList","@id":"https:\/\/kutzig.fr\/es\/application\/#breadcrumb","itemListElement":[{"@type":"ListItem","position":1,"name":"Accueil","item":"https:\/\/kutzig.fr\/es\/"},{"@type":"ListItem","position":2,"name":"application"}]},{"@type":"WebSite","@id":"https:\/\/kutzig.fr\/es\/#website","url":"https:\/\/kutzig.fr\/es\/","name":"Kutzig","description":"Visitez le coeur de la route des vins d&#039;Alsace avec Kut&#039;zig","potentialAction":[{"@type":"SearchAction","target":{"@type":"EntryPoint","urlTemplate":"https:\/\/kutzig.fr\/es\/?s={search_term_string}"},"query-input":{"@type":"PropertyValueSpecification","valueRequired":true,"valueName":"search_term_string"}}],"inLanguage":"es"}]}},"_links":{"self":[{"href":"https:\/\/kutzig.fr\/es\/wp-json\/wp\/v2\/pages\/2144"}],"collection":[{"href":"https:\/\/kutzig.fr\/es\/wp-json\/wp\/v2\/pages"}],"about":[{"href":"https:\/\/kutzig.fr\/es\/wp-json\/wp\/v2\/types\/page"}],"author":[{"embeddable":true,"href":"https:\/\/kutzig.fr\/es\/wp-json\/wp\/v2\/users\/1"}],"replies":[{"embeddable":true,"href":"https:\/\/kutzig.fr\/es\/wp-json\/wp\/v2\/comments?post=2144"}],"version-history":[{"count":0,"href":"https:\/\/kutzig.fr\/es\/wp-json\/wp\/v2\/pages\/2144\/revisions"}],"wp:attachment":[{"href":"https:\/\/kutzig.fr\/es\/wp-json\/wp\/v2\/media?parent=2144"}],"curies":[{"name":"wp","href":"https:\/\/api.w.org\/{rel}","templated":true}]}}