{"id":2,"date":"2019-03-28T15:43:54","date_gmt":"2019-03-28T14:43:54","guid":{"rendered":"http:\/\/kutzig.fr\/?page_id=2"},"modified":"2026-03-12T19:26:18","modified_gmt":"2026-03-12T18:26:18","slug":"page-d-exemple","status":"publish","type":"page","link":"https:\/\/kutzig.fr\/es\/","title":{"rendered":"P\u00c1GINA PRINCIPAL"},"content":{"rendered":"<p class=\"qtranxs-available-languages-message qtranxs-available-languages-message-es\">Disculpa, pero esta entrada est\u00e1 disponible s\u00f3lo en <a href=\"https:\/\/kutzig.fr\/de\/wp-json\/wp\/v2\/pages\/2\" class=\"qtranxs-available-language-link qtranxs-available-language-link-de\" title=\"Deutsch\">Deutsch<\/a> y <a href=\"https:\/\/kutzig.fr\/en\/wp-json\/wp\/v2\/pages\/2\" class=\"qtranxs-available-language-link qtranxs-available-language-link-en\" title=\"English\">English<\/a>.<\/p>","protected":false},"excerpt":{"rendered":"<p>Disculpa, pero esta entrada est\u00e1 disponible s\u00f3lo en Deutsch y English.<\/p>\n","protected":false},"author":1,"featured_media":0,"parent":0,"menu_order":2,"comment_status":"closed","ping_status":"closed","template":"","meta":{"_acf_changed":false,"inline_featured_image":false,"footnotes":""},"acf":{"slider":[{"image":{"ID":785,"id":785,"title":"riquewihr","filename":"riquewihr.jpg","filesize":162832,"url":"https:\/\/kutzig.fr\/wp-content\/uploads\/2019\/05\/riquewihr.jpg","link":"https:\/\/kutzig.fr\/es\/pagina-principal\/riquewihr\/","alt":"","author":"1","description":"","caption":"","name":"riquewihr","status":"inherit","uploaded_to":2,"date":"2019-05-02 17:00:30","modified":"2019-05-02 19:53:10","menu_order":0,"mime_type":"image\/jpeg","type":"image","subtype":"jpeg","icon":"https:\/\/kutzig.fr\/wp-includes\/images\/media\/default.png","width":1200,"height":390,"sizes":{"thumbnail":"https:\/\/kutzig.fr\/wp-content\/uploads\/2019\/05\/riquewihr-150x150.jpg","thumbnail-width":150,"thumbnail-height":150,"medium":"https:\/\/kutzig.fr\/wp-content\/uploads\/2019\/05\/riquewihr-300x129.jpg","medium-width":300,"medium-height":129,"medium_large":"https:\/\/kutzig.fr\/wp-content\/uploads\/2019\/05\/riquewihr-768x331.jpg","medium_large-width":648,"medium_large-height":279,"large":"https:\/\/kutzig.fr\/wp-content\/uploads\/2019\/05\/riquewihr-1024x442.jpg","large-width":648,"large-height":280,"1536x1536":"https:\/\/kutzig.fr\/wp-content\/uploads\/2019\/05\/riquewihr.jpg","1536x1536-width":1200,"1536x1536-height":390,"2048x2048":"https:\/\/kutzig.fr\/wp-content\/uploads\/2019\/05\/riquewihr.jpg","2048x2048-width":1200,"2048x2048-height":390,"article-mini":"https:\/\/kutzig.fr\/wp-content\/uploads\/2019\/05\/riquewihr.jpg","article-mini-width":70,"article-mini-height":23,"sparkling-featured":"https:\/\/kutzig.fr\/wp-content\/uploads\/2019\/05\/riquewihr-750x410.jpg","sparkling-featured-width":750,"sparkling-featured-height":410,"sparkling-featured-fullwidth":"https:\/\/kutzig.fr\/wp-content\/uploads\/2019\/05\/riquewihr.jpg","sparkling-featured-fullwidth-width":1140,"sparkling-featured-fullwidth-height":371,"tab-small":"https:\/\/kutzig.fr\/wp-content\/uploads\/2019\/05\/riquewihr-60x60.jpg","tab-small-width":60,"tab-small-height":60,"slider":"https:\/\/kutzig.fr\/wp-content\/uploads\/2019\/05\/riquewihr.jpg","slider-width":1200,"slider-height":390,"woocommerce_thumbnail":"https:\/\/kutzig.fr\/wp-content\/uploads\/2019\/05\/riquewihr-300x300.jpg","woocommerce_thumbnail-width":300,"woocommerce_thumbnail-height":300,"woocommerce_single":"https:\/\/kutzig.fr\/wp-content\/uploads\/2019\/05\/riquewihr-600x195.jpg","woocommerce_single-width":600,"woocommerce_single-height":195,"woocommerce_gallery_thumbnail":"https:\/\/kutzig.fr\/wp-content\/uploads\/2019\/05\/riquewihr-100x100.jpg","woocommerce_gallery_thumbnail-width":100,"woocommerce_gallery_thumbnail-height":100}},"imagedeco":false,"texte":"<p><strong>Descubra Kut\u2019zig<\/strong><br \/>\nel autob\u00fas descapotable que recorre<br \/>\n<strong>\u00a1el centro de la Ruta del Vino de Alsacia!<\/strong><\/p>\n<hr \/>\n<p><img loading=\"lazy\" decoding=\"async\" class=\"visible-xs img-responsive alignnone wp-image-830 size-full\" src=\"https:\/\/kutzig.fr\/wp-content\/uploads\/2019\/05\/3-bis-1.png\" alt=\"\" width=\"954\" height=\"406\" srcset=\"https:\/\/kutzig.fr\/wp-content\/uploads\/2019\/05\/3-bis-1.png 954w, https:\/\/kutzig.fr\/wp-content\/uploads\/2019\/05\/3-bis-1-600x255.png 600w, https:\/\/kutzig.fr\/wp-content\/uploads\/2019\/05\/3-bis-1-300x128.png 300w, https:\/\/kutzig.fr\/wp-content\/uploads\/2019\/05\/3-bis-1-768x327.png 768w\" sizes=\"(max-width: 954px) 100vw, 954px\" \/><\/p>\n"}],"concept":{"image":"https:\/\/kutzig.fr\/wp-content\/uploads\/2024\/02\/3-bis-1-kutzig.png","texte":"<h2 style=\"text-align: right;\">EL CONCEPTO<\/h2>\n<p style=\"text-align: right;\"><strong>A bordo del Kut\u2019zig, un autob\u00fas descapotable, descubre el coraz\u00f3n de la Ruta del Vino de Alsacia sin coche : <\/strong>Colmar, Ribeauvill\u00e9, Riquewihr, Kaysersberg Vignoble, Turckheim y Eguisheim.<\/p>\n<p style=\"text-align: right;\">Puede subir y bajar tantas veces como quiera por s\u00f3lo 32 euros al d\u00eda.<\/p>\n<p style=\"text-align: right;\"><strong>Es necesario reservar en kutzig.fr o en la aplicaci\u00f3n m\u00f3vil para subir a bordo. <\/strong><\/p>\n<hr \/>\n<p style=\"text-align: right;\">Descubra qu\u00e9 hacer<br \/>\n<strong>en la Ruta del Vino<\/strong><br \/>\n<a href=\"https:\/\/kutzig.fr\/es\/actividades\/\">VER LAS ACTIVIDADES<\/a><\/p>\n"},"application":{"fond":"https:\/\/kutzig.fr\/wp-content\/uploads\/2019\/05\/village-1.jpg","image":"https:\/\/kutzig.fr\/wp-content\/uploads\/2019\/05\/iphone-X-icone-2.png","texte":"<h3>LA APLICACI\u00d3N M\u00d3VIL.<\/h3>\n<p><strong>Al descargar la aplicaci\u00f3n m\u00f3vil, podr\u00e1 :<\/strong><br \/>\ncomprar tu billete, localizar el Kut&#8217;zig y consultar los horarios,<br \/>\ndescubrir nuestras propuestas de lugares y actividades<br \/>\ny sumergirse en los vi\u00f1edos de Alsacia<br \/>\nvi\u00f1edos gracias al audiocomentario<\/p>\n<hr \/>\n<p><a class=\"btn2\" href=\"https:\/\/apps.apple.com\/us\/app\/id1465612776\" target=\"_blank\" rel=\"noopener\">DESCARGAR LA APLICACI\u00d3N M\u00d3VIL IOS<\/a><\/p>\n<p><a class=\"btn2\" href=\"https:\/\/play.google.com\/store\/apps\/details?id=fr.nartex.android_kutzig\" target=\"_blank\" rel=\"noopener\">DESCARGAR LA APLICACI\u00d3N M\u00d3VIL ANDROID<\/a><\/p>\n"},"horaires":{"texte":"<h4 style=\"text-align: center;\">RECORRIDO Y HORARIOS<\/h4>\n<p style=\"text-align: center;\">Suba y baje tantas veces como quiera.<br \/>\ntantas veces como quiera, <span style=\"color: #e41b13;\">\u00a1desde s\u00f3lo 32 euros por persona!<\/span><br \/>\nDisfrute de paseos regulares por cada ciudad y pueblo de la ruta.<\/p>\n<hr \/>\n<p style=\"text-align: center;\"><img loading=\"lazy\" decoding=\"async\" class=\"alignnone wp-image-10352\" src=\"https:\/\/kutzig.fr\/wp-content\/uploads\/2025\/02\/Boucle_Kutzig-2025.png\" alt=\"\" width=\"448\" height=\"611\" srcset=\"https:\/\/kutzig.fr\/wp-content\/uploads\/2025\/02\/Boucle_Kutzig-2025.png 587w, https:\/\/kutzig.fr\/wp-content\/uploads\/2025\/02\/Boucle_Kutzig-2025-220x300.png 220w, https:\/\/kutzig.fr\/wp-content\/uploads\/2025\/02\/Boucle_Kutzig-2025-40x55.png 40w\" sizes=\"(max-width: 448px) 100vw, 448px\" \/><\/p>\n<p style=\"text-align: center;\"><a href=\"https:\/\/kutzig.fr\/es\/produit\/ticket\/\">COMPRAR UN BOLETO<\/a><\/p>\n"},"bandeau_image":false,"texte_icone":"","texte":"","activer_lisela":"Oui"},"yoast_head":"<!-- This site is optimized with the Yoast SEO plugin v23.7 - https:\/\/yoast.com\/wordpress\/plugins\/seo\/ -->\n<title>P\u00c1GINA PRINCIPAL - Kutzig Der Cabriobus der els\u00e4ssischen Weinstra\u00dfeP\u00c1GINA PRINCIPAL - Kutzig Open-top bus of the Alsatian Wine RouteP\u00c1GINA PRINCIPAL - Kutzig Bus Cabriolet de la Route des Vins d&#039;AlsaceP\u00c1GINA PRINCIPAL - Kutzig Autob\u00fas descapotable en la Ruta del Vino de Alsacia<\/title>\n<meta name=\"description\" content=\"Depuis les arr\u00eats dans les villages\/villes, montez \u00e0 bord de la navette cabriolet de la route des vins d&#039;Alsace et profitez du paysage et des activit\u00e9s\" \/>\n<meta name=\"robots\" content=\"index, follow, max-snippet:-1, max-image-preview:large, max-video-preview:-1\" \/>\n<link rel=\"canonical\" href=\"https:\/\/kutzig.fr\/es\/\" \/>\n<meta property=\"og:locale\" content=\"es_ES\" \/>\n<meta property=\"og:type\" content=\"article\" \/>\n<meta property=\"og:title\" content=\"P\u00c1GINA PRINCIPAL - Kutzig Der Cabriobus der els\u00e4ssischen Weinstra\u00dfeP\u00c1GINA PRINCIPAL - Kutzig Open-top bus of the Alsatian Wine RouteP\u00c1GINA PRINCIPAL - Kutzig Bus Cabriolet de la Route des Vins d&#039;AlsaceP\u00c1GINA PRINCIPAL - Kutzig Autob\u00fas descapotable en la Ruta del Vino de Alsacia\" \/>\n<meta property=\"og:description\" content=\"Depuis les arr\u00eats dans les villages\/villes, montez \u00e0 bord de la navette cabriolet de la route des vins d&#039;Alsace et profitez du paysage et des activit\u00e9s\" \/>\n<meta property=\"og:url\" content=\"https:\/\/kutzig.fr\/es\/\" \/>\n<meta property=\"og:site_name\" content=\"Kutzig\" \/>\n<meta property=\"article:modified_time\" content=\"2026-03-12T18:26:18+00:00\" \/>\n<meta name=\"twitter:card\" content=\"summary_large_image\" \/>\n<script type=\"application\/ld+json\" class=\"yoast-schema-graph\">{\"@context\":\"https:\/\/schema.org\",\"@graph\":[{\"@type\":\"WebPage\",\"@id\":\"https:\/\/kutzig.fr\/es\/\",\"url\":\"https:\/\/kutzig.fr\/es\/\",\"name\":\"P\u00c1GINA PRINCIPAL - Kutzig Der Cabriobus der els\u00e4ssischen Weinstra\u00dfeP\u00c1GINA PRINCIPAL - Kutzig Open-top bus of the Alsatian Wine RouteP\u00c1GINA PRINCIPAL - Kutzig Bus Cabriolet de la Route des Vins d'AlsaceP\u00c1GINA PRINCIPAL - Kutzig Autob\u00fas descapotable en la Ruta del Vino de Alsacia\",\"isPartOf\":{\"@id\":\"https:\/\/kutzig.fr\/es\/#website\"},\"datePublished\":\"2019-03-28T14:43:54+00:00\",\"dateModified\":\"2026-03-12T18:26:18+00:00\",\"description\":\"Depuis les arr\u00eats dans les villages\/villes, montez \u00e0 bord de la navette cabriolet de la route des vins d'Alsace et profitez du paysage et des activit\u00e9s\",\"breadcrumb\":{\"@id\":\"https:\/\/kutzig.fr\/es\/#breadcrumb\"},\"inLanguage\":\"es\",\"potentialAction\":[{\"@type\":\"ReadAction\",\"target\":[[\"https:\/\/kutzig.fr\/es\/\"]]}]},{\"@type\":\"BreadcrumbList\",\"@id\":\"https:\/\/kutzig.fr\/es\/#breadcrumb\",\"itemListElement\":[{\"@type\":\"ListItem\",\"position\":1,\"name\":\"Accueil\",\"item\":\"https:\/\/kutzig.fr\/es\/\"},{\"@type\":\"ListItem\",\"position\":2,\"name\":\"ACCUEIL\"}]},{\"@type\":\"WebSite\",\"@id\":\"https:\/\/kutzig.fr\/es\/#website\",\"url\":\"https:\/\/kutzig.fr\/es\/\",\"name\":\"Kutzig\",\"description\":\"Visitez le coeur de la route des vins d&#039;Alsace avec Kut&#039;zig\",\"potentialAction\":[{\"@type\":\"SearchAction\",\"target\":{\"@type\":\"EntryPoint\",\"urlTemplate\":\"https:\/\/kutzig.fr\/es\/?s={search_term_string}\"},\"query-input\":{\"@type\":\"PropertyValueSpecification\",\"valueRequired\":true,\"valueName\":\"search_term_string\"}}],\"inLanguage\":\"es\"}]}<\/script>\n<!-- \/ Yoast SEO plugin. -->","yoast_head_json":{"title":"P\u00c1GINA PRINCIPAL - Kutzig Der Cabriobus der els\u00e4ssischen Weinstra\u00dfeP\u00c1GINA PRINCIPAL - Kutzig Open-top bus of the Alsatian Wine RouteP\u00c1GINA PRINCIPAL - Kutzig Bus Cabriolet de la Route des Vins d'AlsaceP\u00c1GINA PRINCIPAL - Kutzig Autob\u00fas descapotable en la Ruta del Vino de Alsacia","description":"Depuis les arr\u00eats dans les villages\/villes, montez \u00e0 bord de la navette cabriolet de la route des vins d'Alsace et profitez du paysage et des activit\u00e9s","robots":{"index":"index","follow":"follow","max-snippet":"max-snippet:-1","max-image-preview":"max-image-preview:large","max-video-preview":"max-video-preview:-1"},"canonical":"https:\/\/kutzig.fr\/es\/","og_locale":"es_ES","og_type":"article","og_title":"P\u00c1GINA PRINCIPAL - Kutzig Der Cabriobus der els\u00e4ssischen Weinstra\u00dfeP\u00c1GINA PRINCIPAL - Kutzig Open-top bus of the Alsatian Wine RouteP\u00c1GINA PRINCIPAL - Kutzig Bus Cabriolet de la Route des Vins d'AlsaceP\u00c1GINA PRINCIPAL - Kutzig Autob\u00fas descapotable en la Ruta del Vino de Alsacia","og_description":"Depuis les arr\u00eats dans les villages\/villes, montez \u00e0 bord de la navette cabriolet de la route des vins d'Alsace et profitez du paysage et des activit\u00e9s","og_url":"https:\/\/kutzig.fr\/es\/","og_site_name":"Kutzig","article_modified_time":"2026-03-12T18:26:18+00:00","twitter_card":"summary_large_image","schema":{"@context":"https:\/\/schema.org","@graph":[{"@type":"WebPage","@id":"https:\/\/kutzig.fr\/es\/","url":"https:\/\/kutzig.fr\/es\/","name":"P\u00c1GINA PRINCIPAL - Kutzig Der Cabriobus der els\u00e4ssischen Weinstra\u00dfeP\u00c1GINA PRINCIPAL - Kutzig Open-top bus of the Alsatian Wine RouteP\u00c1GINA PRINCIPAL - Kutzig Bus Cabriolet de la Route des Vins d'AlsaceP\u00c1GINA PRINCIPAL - Kutzig Autob\u00fas descapotable en la Ruta del Vino de Alsacia","isPartOf":{"@id":"https:\/\/kutzig.fr\/es\/#website"},"datePublished":"2019-03-28T14:43:54+00:00","dateModified":"2026-03-12T18:26:18+00:00","description":"Depuis les arr\u00eats dans les villages\/villes, montez \u00e0 bord de la navette cabriolet de la route des vins d'Alsace et profitez du paysage et des activit\u00e9s","breadcrumb":{"@id":"https:\/\/kutzig.fr\/es\/#breadcrumb"},"inLanguage":"es","potentialAction":[{"@type":"ReadAction","target":[["https:\/\/kutzig.fr\/es\/"]]}]},{"@type":"BreadcrumbList","@id":"https:\/\/kutzig.fr\/es\/#breadcrumb","itemListElement":[{"@type":"ListItem","position":1,"name":"Accueil","item":"https:\/\/kutzig.fr\/es\/"},{"@type":"ListItem","position":2,"name":"ACCUEIL"}]},{"@type":"WebSite","@id":"https:\/\/kutzig.fr\/es\/#website","url":"https:\/\/kutzig.fr\/es\/","name":"Kutzig","description":"Visitez le coeur de la route des vins d&#039;Alsace avec Kut&#039;zig","potentialAction":[{"@type":"SearchAction","target":{"@type":"EntryPoint","urlTemplate":"https:\/\/kutzig.fr\/es\/?s={search_term_string}"},"query-input":{"@type":"PropertyValueSpecification","valueRequired":true,"valueName":"search_term_string"}}],"inLanguage":"es"}]}},"_links":{"self":[{"href":"https:\/\/kutzig.fr\/es\/wp-json\/wp\/v2\/pages\/2"}],"collection":[{"href":"https:\/\/kutzig.fr\/es\/wp-json\/wp\/v2\/pages"}],"about":[{"href":"https:\/\/kutzig.fr\/es\/wp-json\/wp\/v2\/types\/page"}],"author":[{"embeddable":true,"href":"https:\/\/kutzig.fr\/es\/wp-json\/wp\/v2\/users\/1"}],"replies":[{"embeddable":true,"href":"https:\/\/kutzig.fr\/es\/wp-json\/wp\/v2\/comments?post=2"}],"version-history":[{"count":0,"href":"https:\/\/kutzig.fr\/es\/wp-json\/wp\/v2\/pages\/2\/revisions"}],"wp:attachment":[{"href":"https:\/\/kutzig.fr\/es\/wp-json\/wp\/v2\/media?parent=2"}],"curies":[{"name":"wp","href":"https:\/\/api.w.org\/{rel}","templated":true}]}}