{"id":1686,"date":"2019-05-23T12:00:06","date_gmt":"2019-05-23T10:00:06","guid":{"rendered":"https:\/\/kutzig.fr\/de\/?page_id=1686"},"modified":"2026-03-02T17:34:20","modified_gmt":"2026-03-02T16:34:20","slug":"les-horaires","status":"publish","type":"page","link":"https:\/\/kutzig.fr\/es\/horarios\/","title":{"rendered":"HORARIOS"},"content":{"rendered":"<p><\/p>\n<div style=\"text-align: center; margin-top: 50px;\">\n<h2>HORARIOS<\/h2>\n<h3>Del viernes 3 de abril al domingo 11 de octubre 2025.<\/h3>\n<p><span style=\"color: #ff0d00;\">Abril, Mayo, Junio, Octubre<br \/>\n<\/span>De viernes a domingo y d\u00edas festivos<\/p>\n<p><span style=\"color: #ff0d00;\">Julio, Agosto, Septiembre<br \/>\n<\/span>De martes a domingo y d\u00edas festivos<\/p>\n<p><span style=\"color: #ff0d00;\">Posibilidad de privatizar el veh\u00edculo<\/span><\/p>\n<\/div>\n<hr style=\"width: 95px; background-color: #fc0; border: 1px solid #FC0; border-radius: 7px 7px 7px 7px; height: 5px;\" \/>\n<p style=\"text-align: center;\"><strong>PPara garantizarle la mejor experiencia posible a bordo del Kut&#8217;zig y el m\u00e1ximo confort,<br \/>\nle aconsejamos que d\u00e9 prioridad a las salidas indicadas<\/strong><strong> <span style=\"color: #ffffff; background: #2A2E43;\">en negro<\/span><\/strong><\/p>\n<p style=\"text-align: center;\"><a class=\"acheter-billet-entete btnspecial\" href=\"#arretnavette\"><img decoding=\"async\" src=\"\/wp-content\/uploads\/2019\/05\/icone-parcours-3-1.svg\" \/><b>VER LAS PARADAS DE LA LANZADERA<\/b><\/a><\/p>\n<div class=\"row\"><br \/>\n<div class=\"col-md-offset-3 col-md-6 horairesa\">\n<h4>HORARIOS<\/h4>\n<div style=\"display: flex; align-items: center;\">\n<div style=\"margin: 0 auto;\">\n<ul>\n<li><strong>COLMAR<\/strong> <em>Gare<\/em><br \/>\n<span style=\"color: #e41b13;\">08:30<\/span> \u01c0 <span style=\"color: #e41b13;\">10:15<\/span> \u01c0 12:00 \u01c0 13:45 \u01c0 15:30 \u01c0 17:15<\/li>\n<li><strong>COLMAR<\/strong> <em>Office du Tourisme &#8211; Unterlinden<\/em><br \/>\n<span style=\"color: #e41b13;\">08:35<\/span> \u01c0 <span style=\"color: #dd9610;\">10:20<\/span> \u01c0 12:05 \u01c0 13:50 \u01c0 15:35 \u01c0 17:20<\/li>\n<li><strong>RIBEAUVILL\u00c9<\/strong> <em>Gare Routi\u00e8re<\/em><br \/>\n09:05 \u01c0 <span style=\"color: #dd9610;\">10:50<\/span> \u01c0 <span style=\"color: #e41b13;\">12:35<\/span> \u01c0 <span style=\"color: #dd9610;\">14:20<\/span> \u01c0 16:05 \u01c0 17:50<\/li>\n<li><strong>RIQUEWIHR<\/strong> <em>Poste<\/em><br \/>\n09:25 \u01c0 11:10 \u01c0 <span style=\"color: #dd9610;\">12:55<\/span> \u01c0\u00a0<span style=\"color: #dd9610;\">14:40<\/span> \u01c0 16:25 \u01c0 18:10<\/li>\n<li><strong>KAYSERSBERG VIGNOBLE<\/strong><em>\u00a0Porte Basse<\/em><br \/>\n09:40 \u01c0 11:25 \u01c0 13:10 \u01c0 <span style=\"color: #dd9610;\">14:55<\/span> \u01c0 <span style=\"color: #e41b13;\">16:40<\/span> \u01c0 18:25<\/li>\n<li><strong>TURCKHEIM<\/strong> R\u00e9publique<br \/>\n09:50 \u01c0 11:35 \u01c0 13:20 \u01c0 <span style=\"color: #dd9610;\">15:05<\/span> \u01c0 <span style=\"color: #dd9610;\">16:50<\/span> \u01c0 18:35<\/li>\n<li style=\"text-align: left;\"><strong>EGUISHEIM<\/strong> <em>Parking de la Mairie<\/em><br \/>\n10:00 \u01c0 11:45 \u01c0 13:30 \u01c0 <span style=\"color: #e41b13;\">15:15<\/span> \u01c0 <span style=\"color: #e41b13;\">17:00<\/span>\u00a0\u01c0 <span style=\"color: #e41b13;\"><span style=\"color: #e41b13;\">18:45<\/span><\/span><em><span style=\"color: #dd9610;\">Horario amarillo: moderadamente ocupado <\/span>\u01c0 <span style=\"color: #e41b13;\">Horario rojo: muy ocupado<\/span><\/em><\/li>\n<\/ul>\n<\/div>\n<\/div>\n<p><\/p><\/div><\/div>\n<div style=\"text-align: center; margin-top: 50px;\">\n<p style=\"color: #ff0d00;\"><img loading=\"lazy\" decoding=\"async\" class=\"alignnone wp-image-3406\" src=\"https:\/\/kutzig.fr\/wp-content\/uploads\/2023\/08\/rond.png\" alt=\"\" width=\"50\" height=\"50\" srcset=\"https:\/\/kutzig.fr\/wp-content\/uploads\/2023\/08\/rond.png 512w, https:\/\/kutzig.fr\/wp-content\/uploads\/2023\/08\/rond-300x300.png 300w, https:\/\/kutzig.fr\/wp-content\/uploads\/2023\/08\/rond-100x100.png 100w, https:\/\/kutzig.fr\/wp-content\/uploads\/2023\/08\/rond-150x150.png 150w, https:\/\/kutzig.fr\/wp-content\/uploads\/2023\/08\/rond-55x55.png 55w, https:\/\/kutzig.fr\/wp-content\/uploads\/2023\/08\/rond-60x60.png 60w\" sizes=\"(max-width: 50px) 100vw, 50px\" \/><br \/>\nEn caso de saturaci\u00f3n en un horario determinado, nos reservamos el derecho<br \/>\nde proporcionar un veh\u00edculo de refuerzo que no sea el autob\u00fas cabriol\u00e9 rojo.<\/p>\n<p>&nbsp;<\/p>\n<\/div>\n<p>&nbsp;<\/p>","protected":false},"excerpt":{"rendered":"<p>HORARIOS Del viernes 3 de abril al domingo 11 de octubre 2025. Abril, Mayo, Junio, Octubre De viernes a domingo y d\u00edas festivos Julio, Agosto, Septiembre De martes a domingo y d\u00edas festivos Posibilidad de privatizar el veh\u00edculo PPara garantizarle la mejor experiencia posible a bordo del Kut&#8217;zig y el m\u00e1ximo confort, le aconsejamos que [&hellip;]<\/p>\n","protected":false},"author":1,"featured_media":0,"parent":0,"menu_order":11,"comment_status":"closed","ping_status":"closed","template":"","meta":{"_acf_changed":false,"inline_featured_image":false,"footnotes":""},"acf":{"bandeau_image":{"ID":786,"id":786,"title":"route-des-vins","filename":"route-des-vins-scaled.jpg","filesize":726069,"url":"https:\/\/kutzig.fr\/wp-content\/uploads\/2019\/05\/route-des-vins-scaled.jpg","link":"https:\/\/kutzig.fr\/es\/pagina-principal\/route-des-vins\/","alt":"","author":"1","description":"","caption":"","name":"route-des-vins","status":"inherit","uploaded_to":2,"date":"2019-05-02 17:00:54","modified":"2019-05-02 19:53:10","menu_order":0,"mime_type":"image\/jpeg","type":"image","subtype":"jpeg","icon":"https:\/\/kutzig.fr\/wp-includes\/images\/media\/default.png","width":2560,"height":1217,"sizes":{"thumbnail":"https:\/\/kutzig.fr\/wp-content\/uploads\/2019\/05\/route-des-vins-150x150.jpg","thumbnail-width":150,"thumbnail-height":150,"medium":"https:\/\/kutzig.fr\/wp-content\/uploads\/2019\/05\/route-des-vins-300x143.jpg","medium-width":300,"medium-height":143,"medium_large":"https:\/\/kutzig.fr\/wp-content\/uploads\/2019\/05\/route-des-vins-768x365.jpg","medium_large-width":648,"medium_large-height":308,"large":"https:\/\/kutzig.fr\/wp-content\/uploads\/2019\/05\/route-des-vins-1024x487.jpg","large-width":648,"large-height":308,"1536x1536":"https:\/\/kutzig.fr\/wp-content\/uploads\/2019\/05\/route-des-vins-scaled.jpg","1536x1536-width":1536,"1536x1536-height":730,"2048x2048":"https:\/\/kutzig.fr\/wp-content\/uploads\/2019\/05\/route-des-vins-scaled.jpg","2048x2048-width":2048,"2048x2048-height":974,"article-mini":"https:\/\/kutzig.fr\/wp-content\/uploads\/2019\/05\/route-des-vins-scaled.jpg","article-mini-width":70,"article-mini-height":33,"sparkling-featured":"https:\/\/kutzig.fr\/wp-content\/uploads\/2019\/05\/route-des-vins-750x410.jpg","sparkling-featured-width":750,"sparkling-featured-height":410,"sparkling-featured-fullwidth":"https:\/\/kutzig.fr\/wp-content\/uploads\/2019\/05\/route-des-vins-scaled.jpg","sparkling-featured-fullwidth-width":1140,"sparkling-featured-fullwidth-height":542,"tab-small":"https:\/\/kutzig.fr\/wp-content\/uploads\/2019\/05\/route-des-vins-60x60.jpg","tab-small-width":60,"tab-small-height":60,"slider":"https:\/\/kutzig.fr\/wp-content\/uploads\/2019\/05\/route-des-vins-scaled.jpg","slider-width":1451,"slider-height":690,"woocommerce_thumbnail":"https:\/\/kutzig.fr\/wp-content\/uploads\/2019\/05\/route-des-vins-scaled-300x300.jpg","woocommerce_thumbnail-width":300,"woocommerce_thumbnail-height":300,"woocommerce_single":"https:\/\/kutzig.fr\/wp-content\/uploads\/2019\/05\/route-des-vins-scaled-600x285.jpg","woocommerce_single-width":600,"woocommerce_single-height":285,"woocommerce_gallery_thumbnail":"https:\/\/kutzig.fr\/wp-content\/uploads\/2019\/05\/route-des-vins-scaled-100x100.jpg","woocommerce_gallery_thumbnail-width":100,"woocommerce_gallery_thumbnail-height":100}},"texte_icone":"<p><img loading=\"lazy\" decoding=\"async\" class=\"alignnone wp-image-810\" src=\"https:\/\/kutzig.fr\/wp-content\/uploads\/2019\/05\/icone-horaires-2.svg\" alt=\"\" width=\"40\" height=\"35\" \/> HORARIOS<\/p>\n","texte":""},"yoast_head":"<!-- This site is optimized with the Yoast SEO plugin v23.7 - https:\/\/yoast.com\/wordpress\/plugins\/seo\/ -->\n<title>HORARIOS - Kutzig D\u00e9couvrez les horaires du Kut&#039;zig<\/title>\n<meta name=\"description\" content=\"D\u00e9couvrez les horaires du Kut&#039;zig, le bus rouge cabriolet qui sillonne la Route des Vins d&#039;Alsace.\" \/>\n<meta name=\"robots\" content=\"index, follow, max-snippet:-1, max-image-preview:large, max-video-preview:-1\" \/>\n<link rel=\"canonical\" href=\"https:\/\/kutzig.fr\/es\/horaires\/\" \/>\n<meta property=\"og:locale\" content=\"es_ES\" \/>\n<meta property=\"og:type\" content=\"article\" \/>\n<meta property=\"og:title\" content=\"HORARIOS - Kutzig D\u00e9couvrez les horaires du Kut&#039;zig\" \/>\n<meta property=\"og:description\" content=\"D\u00e9couvrez les horaires du Kut&#039;zig, le bus rouge cabriolet qui sillonne la Route des Vins d&#039;Alsace.\" \/>\n<meta property=\"og:url\" content=\"https:\/\/kutzig.fr\/es\/horaires\/\" \/>\n<meta property=\"og:site_name\" content=\"Kutzig\" \/>\n<meta property=\"article:modified_time\" content=\"2026-03-02T16:34:20+00:00\" \/>\n<meta property=\"og:image\" content=\"https:\/\/kutzig.fr\/wp-content\/uploads\/2023\/08\/rond.png\" \/>\n<meta name=\"twitter:card\" content=\"summary_large_image\" \/>\n<meta name=\"twitter:label1\" content=\"Tiempo de lectura\" \/>\n\t<meta name=\"twitter:data1\" content=\"2 minutos\" \/>\n<script type=\"application\/ld+json\" class=\"yoast-schema-graph\">{\"@context\":\"https:\/\/schema.org\",\"@graph\":[{\"@type\":\"WebPage\",\"@id\":\"https:\/\/kutzig.fr\/es\/horaires\/\",\"url\":\"https:\/\/kutzig.fr\/es\/horaires\/\",\"name\":\"HORARIOS - Kutzig D\u00e9couvrez les horaires du Kut'zig\",\"isPartOf\":{\"@id\":\"https:\/\/kutzig.fr\/es\/#website\"},\"primaryImageOfPage\":{\"@id\":\"https:\/\/kutzig.fr\/es\/horaires\/#primaryimage\"},\"image\":{\"@id\":\"https:\/\/kutzig.fr\/horaires\/#primaryimage\"},\"thumbnailUrl\":\"https:\/\/kutzig.fr\/wp-content\/uploads\/2023\/08\/rond.png\",\"datePublished\":\"2019-05-23T10:00:06+00:00\",\"dateModified\":\"2026-03-02T16:34:20+00:00\",\"description\":\"D\u00e9couvrez les horaires du Kut'zig, le bus rouge cabriolet qui sillonne la Route des Vins d'Alsace.\",\"breadcrumb\":{\"@id\":\"https:\/\/kutzig.fr\/es\/horaires\/#breadcrumb\"},\"inLanguage\":\"es\",\"potentialAction\":[{\"@type\":\"ReadAction\",\"target\":[[\"https:\/\/kutzig.fr\/es\/horaires\/\"]]}]},{\"@type\":\"ImageObject\",\"inLanguage\":\"es\",\"@id\":\"https:\/\/kutzig.fr\/es\/horaires\/#primaryimage\",\"url\":\"https:\/\/kutzig.fr\/wp-content\/uploads\/2023\/08\/rond.png\",\"contentUrl\":\"https:\/\/kutzig.fr\/wp-content\/uploads\/2023\/08\/rond.png\"},{\"@type\":\"BreadcrumbList\",\"@id\":\"https:\/\/kutzig.fr\/es\/horaires\/#breadcrumb\",\"itemListElement\":[{\"@type\":\"ListItem\",\"position\":1,\"name\":\"Accueil\",\"item\":\"https:\/\/kutzig.fr\/es\/\"},{\"@type\":\"ListItem\",\"position\":2,\"name\":\"HORAIRES\"}]},{\"@type\":\"WebSite\",\"@id\":\"https:\/\/kutzig.fr\/es\/#website\",\"url\":\"https:\/\/kutzig.fr\/es\/\",\"name\":\"Kutzig\",\"description\":\"Visitez le coeur de la route des vins d&#039;Alsace avec Kut&#039;zig\",\"potentialAction\":[{\"@type\":\"SearchAction\",\"target\":{\"@type\":\"EntryPoint\",\"urlTemplate\":\"https:\/\/kutzig.fr\/es\/?s={search_term_string}\"},\"query-input\":{\"@type\":\"PropertyValueSpecification\",\"valueRequired\":true,\"valueName\":\"search_term_string\"}}],\"inLanguage\":\"es\"}]}<\/script>\n<!-- \/ Yoast SEO plugin. -->","yoast_head_json":{"title":"HORARIOS - Kutzig D\u00e9couvrez les horaires du Kut'zig","description":"D\u00e9couvrez les horaires du Kut'zig, le bus rouge cabriolet qui sillonne la Route des Vins d'Alsace.","robots":{"index":"index","follow":"follow","max-snippet":"max-snippet:-1","max-image-preview":"max-image-preview:large","max-video-preview":"max-video-preview:-1"},"canonical":"https:\/\/kutzig.fr\/es\/horaires\/","og_locale":"es_ES","og_type":"article","og_title":"HORARIOS - Kutzig D\u00e9couvrez les horaires du Kut'zig","og_description":"D\u00e9couvrez les horaires du Kut'zig, le bus rouge cabriolet qui sillonne la Route des Vins d'Alsace.","og_url":"https:\/\/kutzig.fr\/es\/horaires\/","og_site_name":"Kutzig","article_modified_time":"2026-03-02T16:34:20+00:00","og_image":[{"url":"https:\/\/kutzig.fr\/wp-content\/uploads\/2023\/08\/rond.png"}],"twitter_card":"summary_large_image","twitter_misc":{"Tiempo de lectura":"2 minutos"},"schema":{"@context":"https:\/\/schema.org","@graph":[{"@type":"WebPage","@id":"https:\/\/kutzig.fr\/es\/horaires\/","url":"https:\/\/kutzig.fr\/es\/horaires\/","name":"HORARIOS - Kutzig D\u00e9couvrez les horaires du Kut'zig","isPartOf":{"@id":"https:\/\/kutzig.fr\/es\/#website"},"primaryImageOfPage":{"@id":"https:\/\/kutzig.fr\/es\/horaires\/#primaryimage"},"image":{"@id":"https:\/\/kutzig.fr\/horaires\/#primaryimage"},"thumbnailUrl":"https:\/\/kutzig.fr\/wp-content\/uploads\/2023\/08\/rond.png","datePublished":"2019-05-23T10:00:06+00:00","dateModified":"2026-03-02T16:34:20+00:00","description":"D\u00e9couvrez les horaires du Kut'zig, le bus rouge cabriolet qui sillonne la Route des Vins d'Alsace.","breadcrumb":{"@id":"https:\/\/kutzig.fr\/es\/horaires\/#breadcrumb"},"inLanguage":"es","potentialAction":[{"@type":"ReadAction","target":[["https:\/\/kutzig.fr\/es\/horaires\/"]]}]},{"@type":"ImageObject","inLanguage":"es","@id":"https:\/\/kutzig.fr\/es\/horaires\/#primaryimage","url":"https:\/\/kutzig.fr\/wp-content\/uploads\/2023\/08\/rond.png","contentUrl":"https:\/\/kutzig.fr\/wp-content\/uploads\/2023\/08\/rond.png"},{"@type":"BreadcrumbList","@id":"https:\/\/kutzig.fr\/es\/horaires\/#breadcrumb","itemListElement":[{"@type":"ListItem","position":1,"name":"Accueil","item":"https:\/\/kutzig.fr\/es\/"},{"@type":"ListItem","position":2,"name":"HORAIRES"}]},{"@type":"WebSite","@id":"https:\/\/kutzig.fr\/es\/#website","url":"https:\/\/kutzig.fr\/es\/","name":"Kutzig","description":"Visitez le coeur de la route des vins d&#039;Alsace avec Kut&#039;zig","potentialAction":[{"@type":"SearchAction","target":{"@type":"EntryPoint","urlTemplate":"https:\/\/kutzig.fr\/es\/?s={search_term_string}"},"query-input":{"@type":"PropertyValueSpecification","valueRequired":true,"valueName":"search_term_string"}}],"inLanguage":"es"}]}},"_links":{"self":[{"href":"https:\/\/kutzig.fr\/es\/wp-json\/wp\/v2\/pages\/1686"}],"collection":[{"href":"https:\/\/kutzig.fr\/es\/wp-json\/wp\/v2\/pages"}],"about":[{"href":"https:\/\/kutzig.fr\/es\/wp-json\/wp\/v2\/types\/page"}],"author":[{"embeddable":true,"href":"https:\/\/kutzig.fr\/es\/wp-json\/wp\/v2\/users\/1"}],"replies":[{"embeddable":true,"href":"https:\/\/kutzig.fr\/es\/wp-json\/wp\/v2\/comments?post=1686"}],"version-history":[{"count":3,"href":"https:\/\/kutzig.fr\/es\/wp-json\/wp\/v2\/pages\/1686\/revisions"}],"predecessor-version":[{"id":20064,"href":"https:\/\/kutzig.fr\/es\/wp-json\/wp\/v2\/pages\/1686\/revisions\/20064"}],"wp:attachment":[{"href":"https:\/\/kutzig.fr\/es\/wp-json\/wp\/v2\/media?parent=1686"}],"curies":[{"name":"wp","href":"https:\/\/api.w.org\/{rel}","templated":true}]}}