{"id":744,"date":"2019-05-02T16:58:28","date_gmt":"2019-05-02T14:58:28","guid":{"rendered":"https:\/\/kutzig.fr\/?page_id=744"},"modified":"2019-09-24T16:39:28","modified_gmt":"2019-09-24T14:39:28","slug":"mentions-legales","status":"publish","type":"page","link":"https:\/\/kutzig.fr\/en\/mentions-legales\/","title":{"rendered":"Legal Notice"},"content":{"rendered":"<p>&nbsp;<\/p>\n<div class=\"row\"><div class=\"col-md-offset-2 col-md-8\">\n<h3>DROITS D\u2019AUTEUR ET PROPRI\u00c9T\u00c9 INTELLECTUELLE :<\/h3>\n<p>Tous les \u00e9crans apparaissant sur le site\u00a0www.kutzig.fr\u00a0(ainsi que ses alias de domaine) et l&#8217;application mobile Kutzig, y compris les graphismes, textes, images, logos et ic\u00f4nes ainsi que leur mise en forme sont la propri\u00e9t\u00e9 exclusive de\u00a0LK \u2013 Voyages Lucien KUNEGEL\u00a0et de leurs propri\u00e9taires respectifs.<\/p>\n<p>Tous les autres droits non express\u00e9ment cit\u00e9s ici sont r\u00e9serv\u00e9s. Toute reproduction, distribution, modification, retransmission ou publication de ces \u00e9l\u00e9ments est strictement interdite sans l\u2019accord express par \u00e9crit de la soci\u00e9t\u00e9\u00a0LK \u2013 Voyages Lucien KUNEGEL<\/p>\n<p>Copyright \u00a9 2019 \u2013\u00a0LK \u2013 Voyages Lucien KUNEGEL<\/p>\n<p>&nbsp;<\/p>\n<h3>DONN\u00c9ES PERSONNELLES (RGPD) ET POLITIQUE DE CONFIDENTIALIT\u00c9 :<\/h3>\n<p>Les traitements de donn\u00e9es personnelles sur le site\u00a0www.kutzig.fr\u00a0(ainsi que ses alias de domaine) et l&#8217;application mobile Kut&#8217;zig est soumis au\u00a0R\u00e8glement\u00a0relatif \u00e0 la protection des personnes physiques \u00e0 l\u2019\u00e9gard du traitement des donn\u00e9es \u00e0 caract\u00e8re personnel et \u00e0 la libre circulation de ces donn\u00e9es, et abrogeant la directive 95\/46\/CE (r\u00e8glement g\u00e9n\u00e9ral sur la protection des donn\u00e9es).\u00a0Ces donn\u00e9es personnelles seront conserv\u00e9es au maximum un an dans le cadre de demande de renseignements, de campagne de communication et marketing et \u00e0 des fins de relations commerciales.<\/p>\n<p>Conform\u00e9ment aux dispositions de ce texte,\u00a0LK \u2013 Voyages Lucien KUNEGEL\u00a0s\u2019engage \u00e0 informer les personnes sur lesquelles des donn\u00e9es sont collect\u00e9es de leurs droits et \u00e0 leur garantir un droit d\u2019acc\u00e8s et de rectification sur les donn\u00e9es nominatives les concernant. Vous pouvez exercer votre droit d\u2019acc\u00e8s aux donn\u00e9es vous concernant et les faire rectifier ou en demander le retrait \u00e0 l\u2019adresse suivante :<\/p>\n<p>Si\u00e8ge social :<br \/>\n<strong>LK &#8211; Voyages Lucien KUNEGEL :<\/strong><br \/>\n42 rue des Jardins<br \/>\n68000 COLMAR<br \/>\nT\u00e9l 03 89 24 65 65<br \/>\ncontact[a]<a href=\"http:\/\/l-k.fr\/\" target=\"_blank\" rel=\"noopener\" data-saferedirecturl=\"https:\/\/www.google.com\/url?q=http:\/\/l-k.fr&amp;source=gmail&amp;ust=1569401784162000&amp;usg=AFQjCNGuCW-I2ELVh6pi5PTorIv_OMdvfQ\">l-k.fr<\/a><\/p>\n<p>Soci\u00e9t\u00e9 par actions simplifi\u00e9e au capital de 260\u00a0000 \u20ac<br \/>\nSIRET : 916 920 671 00044 RCS COLMAR<br \/>\nNum\u00e9ro de TVA intracommunautaire\u00a0: FR 38\u00a0916\u00a0920 671<\/p>\n<p>Responsable de publication : Marie Jacquet<br \/>\nD\u00e9l\u00e9gu\u00e9 \u00e0 la protection des donn\u00e9es personnelles : Lionel FEDERLEN<\/p>\n<p>&nbsp;<\/p>\n<h3>LES COOKIES UTILIS\u00c9S SUR CE SITE WEB PERMETTENT\u00a0DE FACILITER LA NAVIGATION DE L\u2019UTILISATEUR SUR NOTRE SITE ET D\u2019AM\u00c9LIORER NOS SERVICES :<\/h3>\n<p>en suivant sa navigation au cours de la session afin d\u2019assurer la qualit\u00e9 et la s\u00e9curit\u00e9 de la navigation sur le site ;<br \/>\nen conservant les informations saisies dans les champs pr\u00e9vus \u00e0 cet effet lorsque l\u2019utilisateur change de page ;<br \/>\nen permettant \u00e0 l\u2019utilisateur de rester sur le m\u00eame serveur h\u00f4te pendant toute la dur\u00e9e de sa session ;<br \/>\nen redirigeant l\u2019utilisateur vers le site de la langue ou de la filiale correspondante au pays depuis lequel il semble se connecter (si le site est multilingue) ;<br \/>\nen permettant \u00e0 l\u2019utilisateur de rester connect\u00e9 \u00e0 certaines parties du site (par exemple aux syst\u00e8mes de commande, s\u2019il s\u2019ag\u00eet d\u2019un site e-commerce) lors de sa navigation ;<br \/>\nen masquant l\u2019information sur l\u2019utilisation des cookies du site lorsque l\u2019utilisateur a accept\u00e9 leur utilisation ;<br \/>\nen obtenant des donn\u00e9es statistiques anonymes de fr\u00e9quentation concernant l\u2019utilisation du site visit\u00e9 ;<br \/>\nen identifiant les visiteurs du site qui proviendraient d\u2019une campagne digitale.<\/p>\n<p>&nbsp;<\/p>\n<h3>RESPONSABILIT\u00c9S :<\/h3>\n<p>Le Site peut contenir des liens vers d\u2019autres sites que nous n\u2019exploitons pas. Nous ne pouvons en aucune mani\u00e8re \u00eatre tenus responsables de la mise \u00e0 disposition de ces liens permettant l\u2019acc\u00e8s \u00e0 ces sites et sources externes, ni de leur contenu, publicit\u00e9s, produits, services ou tout autre mat\u00e9riel disponible sur ou \u00e0 partir de ces sites ou sources externes qui ne sont ni v\u00e9rifi\u00e9s ni approuv\u00e9s par nos \u00e9quipes.<\/p>\n<p>LK \u2013 Voyages Lucien KUNEGEL\u00a0s\u2019engage \u00e0 assurer ses meilleurs efforts pour offrir des informations actualis\u00e9es et exactes. Elle ne saurait \u00eatre tenue responsable d\u2019erreurs et\/ou d\u2019omissions se rapportant \u00e0 ces informations.<\/p>\n<p>LK \u2013 Voyages Lucien KUNEGEL\u00a0se r\u00e9serve le droit de corriger ces erreurs et\/ou omissions, d\u00e8s qu\u2019elles sont port\u00e9es \u00e0 sa connaissance et, plus g\u00e9n\u00e9ralement, de modifier, \u00e0 tout moment, sans pr\u00e9avis, tout ou partie du Site ainsi que les pr\u00e9sentes, sans que sa responsabilit\u00e9 puisse \u00eatre engag\u00e9e de ce fait.<\/p>\n<p>Le t\u00e9l\u00e9chargement de tous mat\u00e9riels et\/ou documents lors de l\u2019utilisation du Site est de la responsabilit\u00e9 de l\u2019utilisateur qui est seul responsable de tout dommage subi par son \u00e9quipement informatique et\/ou de toutes pertes de donn\u00e9es cons\u00e9cutives y aff\u00e9rent.<\/p>\n<p>Plus g\u00e9n\u00e9ralement,\u00a0LK \u2013 Voyages Lucien KUNEGEL\u00a0ne pourra en aucun cas \u00eatre tenue responsable en cas de dommages directs et\/ou indirects r\u00e9sultant de l\u2019utilisation du Site.<\/p>\n<p>&nbsp;<\/p>\n<h3>DISPONIBILIT\u00c9 DU WEB :<\/h3>\n<p>LK \u2013 Voyages Lucien KUNEGEL\u00a0rappelle qu\u2019il est techniquement impossible d\u2019\u00e9diter un site internet exempt de tous d\u00e9fauts lesquels peuvent conduire \u00e0 l\u2019indisponibilit\u00e9 temporaire du site. De m\u00eame le bon fonctionnement du site peut \u00eatre affect\u00e9 par des \u00e9v\u00e9nements et\/ou des \u00e9l\u00e9ments ext\u00e9rieurs et impr\u00e9visibles tels qu\u2019une panne des moyens de transmission et de communication.<\/p>\n<p>LK \u2013 Voyages Lucien KUNEGEL\u00a0se r\u00e9serve le droit, \u00e0 tout moment, d\u2019interrompre temporairement ou de fa\u00e7on permanente tout ou partie du Site pour effectuer des op\u00e9rations de maintenance, d\u2019am\u00e9liorations et\/ou des modifications du Site.<\/p>\n<p>R\u00c9ALISATION ET H\u00c9BERGEMENT :<\/p>\n<p><strong>PROSPECTIV* :<\/strong><span class=\"adresse\"><br \/>\n6, rue de Mulhouse<br \/>\n68000 COLMAR \u2013 France<\/span><\/p>\n<p><span class=\"adresse\">SARL au capital\u00a0<span class=\"s1\">de 130 000 \u20ac<br \/>\n<\/span><span class=\"s1\">RCS Colmar :<span class=\"Apple-converted-space\">\u00a0\u00a0<\/span>434 196 242 000 37 \u2013 Code APE 7021Z<br \/>\nTVA Intracom. FR 854 341 962 42<\/span><\/span><\/p>\n<p><span class=\"adresse\"><strong>T\u00e9l. 03 89 230 755<\/strong><\/span><br \/>\n<a title=\"Prospectiv* contactez-nous\" href=\"https:\/\/www.prospectiv.net\/nous-contacter\/\" target=\"_blank\" rel=\"noopener\">Contactez-nous<br \/>\n<\/a><a title=\"Prospectiv* contactez-nous\" href=\"https:\/\/www.prospectiv.net\/\" target=\"_blank\" rel=\"noopener\">Cr\u00e9ation de sites internet \u2013 webagency Colmar Alsace<br \/>\n<\/a><a href=\"https:\/\/www.prospectiv.net\/portfolio\/\">Agence de communication Colmar Alsace<\/a><\/p>\n<p>&nbsp;<\/p>\n<p>&nbsp;<\/p>\n<p><\/p><\/div><\/div>\n","protected":false},"excerpt":{"rendered":"<p>&nbsp;<\/p>\n","protected":false},"author":1,"featured_media":0,"parent":0,"menu_order":19,"comment_status":"closed","ping_status":"closed","template":"","meta":{"_acf_changed":false,"inline_featured_image":false,"footnotes":""},"acf":{"bandeau_image":{"ID":786,"id":786,"title":"route-des-vins","filename":"route-des-vins-scaled.jpg","filesize":726069,"url":"https:\/\/kutzig.fr\/wp-content\/uploads\/2019\/05\/route-des-vins-scaled.jpg","link":"https:\/\/kutzig.fr\/en\/homepage\/route-des-vins\/","alt":"","author":"1","description":"","caption":"","name":"route-des-vins","status":"inherit","uploaded_to":2,"date":"2019-05-02 17:00:54","modified":"2019-05-02 19:53:10","menu_order":0,"mime_type":"image\/jpeg","type":"image","subtype":"jpeg","icon":"https:\/\/kutzig.fr\/wp-includes\/images\/media\/default.png","width":2560,"height":1217,"sizes":{"thumbnail":"https:\/\/kutzig.fr\/wp-content\/uploads\/2019\/05\/route-des-vins-150x150.jpg","thumbnail-width":150,"thumbnail-height":150,"medium":"https:\/\/kutzig.fr\/wp-content\/uploads\/2019\/05\/route-des-vins-300x143.jpg","medium-width":300,"medium-height":143,"medium_large":"https:\/\/kutzig.fr\/wp-content\/uploads\/2019\/05\/route-des-vins-768x365.jpg","medium_large-width":648,"medium_large-height":308,"large":"https:\/\/kutzig.fr\/wp-content\/uploads\/2019\/05\/route-des-vins-1024x487.jpg","large-width":648,"large-height":308,"1536x1536":"https:\/\/kutzig.fr\/wp-content\/uploads\/2019\/05\/route-des-vins-scaled.jpg","1536x1536-width":1536,"1536x1536-height":730,"2048x2048":"https:\/\/kutzig.fr\/wp-content\/uploads\/2019\/05\/route-des-vins-scaled.jpg","2048x2048-width":2048,"2048x2048-height":974,"article-mini":"https:\/\/kutzig.fr\/wp-content\/uploads\/2019\/05\/route-des-vins-scaled.jpg","article-mini-width":70,"article-mini-height":33,"sparkling-featured":"https:\/\/kutzig.fr\/wp-content\/uploads\/2019\/05\/route-des-vins-750x410.jpg","sparkling-featured-width":750,"sparkling-featured-height":410,"sparkling-featured-fullwidth":"https:\/\/kutzig.fr\/wp-content\/uploads\/2019\/05\/route-des-vins-scaled.jpg","sparkling-featured-fullwidth-width":1140,"sparkling-featured-fullwidth-height":542,"tab-small":"https:\/\/kutzig.fr\/wp-content\/uploads\/2019\/05\/route-des-vins-60x60.jpg","tab-small-width":60,"tab-small-height":60,"slider":"https:\/\/kutzig.fr\/wp-content\/uploads\/2019\/05\/route-des-vins-scaled.jpg","slider-width":1451,"slider-height":690,"woocommerce_thumbnail":"https:\/\/kutzig.fr\/wp-content\/uploads\/2019\/05\/route-des-vins-scaled-300x300.jpg","woocommerce_thumbnail-width":300,"woocommerce_thumbnail-height":300,"woocommerce_single":"https:\/\/kutzig.fr\/wp-content\/uploads\/2019\/05\/route-des-vins-scaled-600x285.jpg","woocommerce_single-width":600,"woocommerce_single-height":285,"woocommerce_gallery_thumbnail":"https:\/\/kutzig.fr\/wp-content\/uploads\/2019\/05\/route-des-vins-scaled-100x100.jpg","woocommerce_gallery_thumbnail-width":100,"woocommerce_gallery_thumbnail-height":100}},"texte_icone":"<p>Mentions l\u00e9gales<\/p>\n"},"yoast_head":"<!-- This site is optimized with the Yoast SEO plugin v23.7 - https:\/\/yoast.com\/wordpress\/plugins\/seo\/ -->\n<title>Legal Notice - Kutzig<\/title>\n<meta name=\"description\" content=\"Mentions l\u00e9gales et politique de confidentialit\u00e9.\" \/>\n<meta name=\"robots\" content=\"index, follow, max-snippet:-1, max-image-preview:large, max-video-preview:-1\" \/>\n<link rel=\"canonical\" href=\"https:\/\/kutzig.fr\/en\/mentions-legales\/\" \/>\n<meta property=\"og:locale\" content=\"en_US\" \/>\n<meta property=\"og:type\" content=\"article\" \/>\n<meta property=\"og:title\" content=\"Legal Notice - Kutzig\" \/>\n<meta property=\"og:description\" content=\"Mentions l\u00e9gales et politique de confidentialit\u00e9.\" \/>\n<meta property=\"og:url\" content=\"https:\/\/kutzig.fr\/en\/mentions-legales\/\" \/>\n<meta property=\"og:site_name\" content=\"Kutzig\" \/>\n<meta property=\"article:modified_time\" content=\"2019-09-24T14:39:28+00:00\" \/>\n<meta name=\"twitter:card\" content=\"summary_large_image\" \/>\n<meta name=\"twitter:label1\" content=\"Est. reading time\" \/>\n\t<meta name=\"twitter:data1\" content=\"5 minutes\" \/>\n<script type=\"application\/ld+json\" class=\"yoast-schema-graph\">{\"@context\":\"https:\/\/schema.org\",\"@graph\":[{\"@type\":\"WebPage\",\"@id\":\"https:\/\/kutzig.fr\/en\/mentions-legales\/\",\"url\":\"https:\/\/kutzig.fr\/en\/mentions-legales\/\",\"name\":\"Legal Notice - Kutzig\",\"isPartOf\":{\"@id\":\"https:\/\/kutzig.fr\/en\/#website\"},\"datePublished\":\"2019-05-02T14:58:28+00:00\",\"dateModified\":\"2019-09-24T14:39:28+00:00\",\"description\":\"Mentions l\u00e9gales et politique de confidentialit\u00e9.\",\"breadcrumb\":{\"@id\":\"https:\/\/kutzig.fr\/en\/mentions-legales\/#breadcrumb\"},\"inLanguage\":\"en-US\",\"potentialAction\":[{\"@type\":\"ReadAction\",\"target\":[[\"https:\/\/kutzig.fr\/en\/mentions-legales\/\"]]}]},{\"@type\":\"BreadcrumbList\",\"@id\":\"https:\/\/kutzig.fr\/en\/mentions-legales\/#breadcrumb\",\"itemListElement\":[{\"@type\":\"ListItem\",\"position\":1,\"name\":\"Accueil\",\"item\":\"https:\/\/kutzig.fr\/en\/\"},{\"@type\":\"ListItem\",\"position\":2,\"name\":\"Mentions l\u00e9gales\"}]},{\"@type\":\"WebSite\",\"@id\":\"https:\/\/kutzig.fr\/en\/#website\",\"url\":\"https:\/\/kutzig.fr\/en\/\",\"name\":\"Kutzig\",\"description\":\"Discover the heart of the Alsace Wine Route with Kut&#039;zig\",\"potentialAction\":[{\"@type\":\"SearchAction\",\"target\":{\"@type\":\"EntryPoint\",\"urlTemplate\":\"https:\/\/kutzig.fr\/en\/?s={search_term_string}\"},\"query-input\":{\"@type\":\"PropertyValueSpecification\",\"valueRequired\":true,\"valueName\":\"search_term_string\"}}],\"inLanguage\":\"en-US\"}]}<\/script>\n<!-- \/ Yoast SEO plugin. -->","yoast_head_json":{"title":"Legal Notice - Kutzig","description":"Mentions l\u00e9gales et politique de confidentialit\u00e9.","robots":{"index":"index","follow":"follow","max-snippet":"max-snippet:-1","max-image-preview":"max-image-preview:large","max-video-preview":"max-video-preview:-1"},"canonical":"https:\/\/kutzig.fr\/en\/mentions-legales\/","og_locale":"en_US","og_type":"article","og_title":"Legal Notice - Kutzig","og_description":"Mentions l\u00e9gales et politique de confidentialit\u00e9.","og_url":"https:\/\/kutzig.fr\/en\/mentions-legales\/","og_site_name":"Kutzig","article_modified_time":"2019-09-24T14:39:28+00:00","twitter_card":"summary_large_image","twitter_misc":{"Est. reading time":"5 minutes"},"schema":{"@context":"https:\/\/schema.org","@graph":[{"@type":"WebPage","@id":"https:\/\/kutzig.fr\/en\/mentions-legales\/","url":"https:\/\/kutzig.fr\/en\/mentions-legales\/","name":"Legal Notice - Kutzig","isPartOf":{"@id":"https:\/\/kutzig.fr\/en\/#website"},"datePublished":"2019-05-02T14:58:28+00:00","dateModified":"2019-09-24T14:39:28+00:00","description":"Mentions l\u00e9gales et politique de confidentialit\u00e9.","breadcrumb":{"@id":"https:\/\/kutzig.fr\/en\/mentions-legales\/#breadcrumb"},"inLanguage":"en-US","potentialAction":[{"@type":"ReadAction","target":[["https:\/\/kutzig.fr\/en\/mentions-legales\/"]]}]},{"@type":"BreadcrumbList","@id":"https:\/\/kutzig.fr\/en\/mentions-legales\/#breadcrumb","itemListElement":[{"@type":"ListItem","position":1,"name":"Accueil","item":"https:\/\/kutzig.fr\/en\/"},{"@type":"ListItem","position":2,"name":"Mentions l\u00e9gales"}]},{"@type":"WebSite","@id":"https:\/\/kutzig.fr\/en\/#website","url":"https:\/\/kutzig.fr\/en\/","name":"Kutzig","description":"Discover the heart of the Alsace Wine Route with Kut&#039;zig","potentialAction":[{"@type":"SearchAction","target":{"@type":"EntryPoint","urlTemplate":"https:\/\/kutzig.fr\/en\/?s={search_term_string}"},"query-input":{"@type":"PropertyValueSpecification","valueRequired":true,"valueName":"search_term_string"}}],"inLanguage":"en-US"}]}},"_links":{"self":[{"href":"https:\/\/kutzig.fr\/en\/wp-json\/wp\/v2\/pages\/744"}],"collection":[{"href":"https:\/\/kutzig.fr\/en\/wp-json\/wp\/v2\/pages"}],"about":[{"href":"https:\/\/kutzig.fr\/en\/wp-json\/wp\/v2\/types\/page"}],"author":[{"embeddable":true,"href":"https:\/\/kutzig.fr\/en\/wp-json\/wp\/v2\/users\/1"}],"replies":[{"embeddable":true,"href":"https:\/\/kutzig.fr\/en\/wp-json\/wp\/v2\/comments?post=744"}],"version-history":[{"count":0,"href":"https:\/\/kutzig.fr\/en\/wp-json\/wp\/v2\/pages\/744\/revisions"}],"wp:attachment":[{"href":"https:\/\/kutzig.fr\/en\/wp-json\/wp\/v2\/media?parent=744"}],"curies":[{"name":"wp","href":"https:\/\/api.w.org\/{rel}","templated":true}]}}