{"id":740,"date":"2019-05-02T16:58:08","date_gmt":"2019-05-02T14:58:08","guid":{"rendered":"https:\/\/kutzig.fr\/?page_id=740"},"modified":"2025-10-01T13:53:27","modified_gmt":"2025-10-01T11:53:27","slug":"nos-partenaires","status":"publish","type":"page","link":"https:\/\/kutzig.fr\/de\/unsere-partner\/","title":{"rendered":"UNSERE PARTNER"},"content":{"rendered":"<p><\/p>\n<div style=\"text-align: center;\">\n<h3><span class=\"gmail_default\">Kut\u2019zig ist aufgrund eine Initiative von LK-Kunegel entstanden<\/span><\/h3>\n<h3><b style=\"font-size: 16px;\">Das Projekt wurde realisiert in Zusammenarbeit mit :<\/b><\/h3>\n<div><\/div>\n<div><\/div>\n<div><\/div>\n<div style=\"text-align: center;\">\n<p style=\"color: #ff0d00;\"><span style=\"color: #ff0000;\"><a style=\"color: #ff0000;\" href=\"http:\/\/www.grandest.fr\" target=\"_blank\" rel=\"noopener noreferrer\">Grand-Est<\/a><\/span><\/p>\n<p>&nbsp;<\/p>\n<p><img loading=\"lazy\" decoding=\"async\" class=\"wp-image-1842 aligncenter\" src=\"https:\/\/kutzig.fr\/wp-content\/uploads\/2019\/06\/ge-logo-hd.jpg\" alt=\"Grand Est \" width=\"193\" height=\"75\" srcset=\"https:\/\/kutzig.fr\/wp-content\/uploads\/2019\/06\/ge-logo-hd.jpg 1800w, https:\/\/kutzig.fr\/wp-content\/uploads\/2019\/06\/ge-logo-hd-600x233.jpg 600w, https:\/\/kutzig.fr\/wp-content\/uploads\/2019\/06\/ge-logo-hd-300x117.jpg 300w, https:\/\/kutzig.fr\/wp-content\/uploads\/2019\/06\/ge-logo-hd-768x299.jpg 768w, https:\/\/kutzig.fr\/wp-content\/uploads\/2019\/06\/ge-logo-hd-1024x398.jpg 1024w\" sizes=\"(max-width: 193px) 100vw, 193px\" \/><\/p>\n<p>&nbsp;<\/p>\n<p style=\"color: #ff0d00;\"><a style=\"color: #ff0000;\" href=\"http:\/\/www.alsace-destination-tourisme.com\" target=\"_blank\" rel=\"noopener noreferrer\">\u00a0Alsace Destination Tourisme<\/a><\/p>\n<p>&nbsp;<\/p>\n<p><img loading=\"lazy\" decoding=\"async\" class=\"wp-image-1816 aligncenter\" src=\"https:\/\/kutzig.fr\/wp-content\/uploads\/2019\/06\/ADT_Horizontal_RVB.jpg\" alt=\"Alsace Destination Tourisme\" width=\"167\" height=\"83\" srcset=\"https:\/\/kutzig.fr\/wp-content\/uploads\/2019\/06\/ADT_Horizontal_RVB.jpg 1488w, https:\/\/kutzig.fr\/wp-content\/uploads\/2019\/06\/ADT_Horizontal_RVB-600x299.jpg 600w, https:\/\/kutzig.fr\/wp-content\/uploads\/2019\/06\/ADT_Horizontal_RVB-300x149.jpg 300w, https:\/\/kutzig.fr\/wp-content\/uploads\/2019\/06\/ADT_Horizontal_RVB-768x382.jpg 768w, https:\/\/kutzig.fr\/wp-content\/uploads\/2019\/06\/ADT_Horizontal_RVB-1024x510.jpg 1024w\" sizes=\"(max-width: 167px) 100vw, 167px\" \/><\/p>\n<p>&nbsp;<\/p>\n<p style=\"color: #ff0d00;\"><span style=\"color: #ff0000;\"><a style=\"color: #ff0000;\" href=\"http:\/\/www.alsace-essentielle.fr\" target=\"_blank\" rel=\"noopener noreferrer\">Alsace essentielle<\/a><\/span><\/p>\n<p>&nbsp;<\/p>\n<p><img loading=\"lazy\" decoding=\"async\" class=\"wp-image-1815 aligncenter\" src=\"https:\/\/kutzig.fr\/wp-content\/uploads\/2019\/06\/logo.png\" alt=\"Alsace Essentielle\" width=\"136\" height=\"86\" \/><\/p>\n<\/div>\n<\/div>\n<p>&nbsp;<\/p>\n<div style=\"text-align: center;\">\n<p style=\"color: #ff0d00;\"><a href=\"https:\/\/www.atout-france.fr\/services\/le-label-vignobles-decouvertes\" target=\"_blank\" rel=\"noopener\"><span style=\"color: #ff0000;\">Vignobles &amp; D\u00e9couvertes<\/span><\/a><\/p>\n<p>&nbsp;<\/p>\n<p><img loading=\"lazy\" decoding=\"async\" class=\"aligncenter wp-image-3509\" src=\"https:\/\/kutzig.fr\/wp-content\/uploads\/2024\/02\/LOGO_VIGNOBLESETDECOUVERTES-Web.jpg\" alt=\"\" width=\"120\" height=\"153\" srcset=\"https:\/\/kutzig.fr\/wp-content\/uploads\/2024\/02\/LOGO_VIGNOBLESETDECOUVERTES-Web.jpg 1219w, https:\/\/kutzig.fr\/wp-content\/uploads\/2024\/02\/LOGO_VIGNOBLESETDECOUVERTES-Web-600x767.jpg 600w, https:\/\/kutzig.fr\/wp-content\/uploads\/2024\/02\/LOGO_VIGNOBLESETDECOUVERTES-Web-235x300.jpg 235w, https:\/\/kutzig.fr\/wp-content\/uploads\/2024\/02\/LOGO_VIGNOBLESETDECOUVERTES-Web-801x1024.jpg 801w, https:\/\/kutzig.fr\/wp-content\/uploads\/2024\/02\/LOGO_VIGNOBLESETDECOUVERTES-Web-768x982.jpg 768w, https:\/\/kutzig.fr\/wp-content\/uploads\/2024\/02\/LOGO_VIGNOBLESETDECOUVERTES-Web-1202x1536.jpg 1202w, https:\/\/kutzig.fr\/wp-content\/uploads\/2024\/02\/LOGO_VIGNOBLESETDECOUVERTES-Web-43x55.jpg 43w\" sizes=\"(max-width: 120px) 100vw, 120px\" \/><\/p>\n<p>&nbsp;<\/p>\n<\/div>\n<p>&nbsp;<\/p>","protected":false},"excerpt":{"rendered":"<p>Kut\u2019zig ist aufgrund eine Initiative von LK-Kunegel entstanden Das Projekt wurde realisiert in Zusammenarbeit mit : Grand-Est &nbsp; &nbsp; \u00a0Alsace Destination Tourisme &nbsp; &nbsp; Alsace essentielle &nbsp; &nbsp; Vignobles &amp; D\u00e9couvertes &nbsp; &nbsp; &nbsp;<\/p>\n","protected":false},"author":1,"featured_media":0,"parent":0,"menu_order":18,"comment_status":"closed","ping_status":"closed","template":"","meta":{"_acf_changed":false,"inline_featured_image":false,"footnotes":""},"acf":{"bandeau_image":{"ID":786,"id":786,"title":"route-des-vins","filename":"route-des-vins-scaled.jpg","filesize":726069,"url":"https:\/\/kutzig.fr\/wp-content\/uploads\/2019\/05\/route-des-vins-scaled.jpg","link":"https:\/\/kutzig.fr\/de\/willkommen\/route-des-vins\/","alt":"","author":"1","description":"","caption":"","name":"route-des-vins","status":"inherit","uploaded_to":2,"date":"2019-05-02 17:00:54","modified":"2019-05-02 19:53:10","menu_order":0,"mime_type":"image\/jpeg","type":"image","subtype":"jpeg","icon":"https:\/\/kutzig.fr\/wp-includes\/images\/media\/default.png","width":2560,"height":1217,"sizes":{"thumbnail":"https:\/\/kutzig.fr\/wp-content\/uploads\/2019\/05\/route-des-vins-150x150.jpg","thumbnail-width":150,"thumbnail-height":150,"medium":"https:\/\/kutzig.fr\/wp-content\/uploads\/2019\/05\/route-des-vins-300x143.jpg","medium-width":300,"medium-height":143,"medium_large":"https:\/\/kutzig.fr\/wp-content\/uploads\/2019\/05\/route-des-vins-768x365.jpg","medium_large-width":648,"medium_large-height":308,"large":"https:\/\/kutzig.fr\/wp-content\/uploads\/2019\/05\/route-des-vins-1024x487.jpg","large-width":648,"large-height":308,"1536x1536":"https:\/\/kutzig.fr\/wp-content\/uploads\/2019\/05\/route-des-vins-scaled.jpg","1536x1536-width":1536,"1536x1536-height":730,"2048x2048":"https:\/\/kutzig.fr\/wp-content\/uploads\/2019\/05\/route-des-vins-scaled.jpg","2048x2048-width":2048,"2048x2048-height":974,"article-mini":"https:\/\/kutzig.fr\/wp-content\/uploads\/2019\/05\/route-des-vins-scaled.jpg","article-mini-width":70,"article-mini-height":33,"sparkling-featured":"https:\/\/kutzig.fr\/wp-content\/uploads\/2019\/05\/route-des-vins-750x410.jpg","sparkling-featured-width":750,"sparkling-featured-height":410,"sparkling-featured-fullwidth":"https:\/\/kutzig.fr\/wp-content\/uploads\/2019\/05\/route-des-vins-scaled.jpg","sparkling-featured-fullwidth-width":1140,"sparkling-featured-fullwidth-height":542,"tab-small":"https:\/\/kutzig.fr\/wp-content\/uploads\/2019\/05\/route-des-vins-60x60.jpg","tab-small-width":60,"tab-small-height":60,"slider":"https:\/\/kutzig.fr\/wp-content\/uploads\/2019\/05\/route-des-vins-scaled.jpg","slider-width":1451,"slider-height":690,"woocommerce_thumbnail":"https:\/\/kutzig.fr\/wp-content\/uploads\/2019\/05\/route-des-vins-scaled-300x300.jpg","woocommerce_thumbnail-width":300,"woocommerce_thumbnail-height":300,"woocommerce_single":"https:\/\/kutzig.fr\/wp-content\/uploads\/2019\/05\/route-des-vins-scaled-600x285.jpg","woocommerce_single-width":600,"woocommerce_single-height":285,"woocommerce_gallery_thumbnail":"https:\/\/kutzig.fr\/wp-content\/uploads\/2019\/05\/route-des-vins-scaled-100x100.jpg","woocommerce_gallery_thumbnail-width":100,"woocommerce_gallery_thumbnail-height":100}},"texte_icone":"<p>UNSERE PARTNER<\/p>\n","texte":""},"yoast_head":"<!-- This site is optimized with the Yoast SEO plugin v23.7 - https:\/\/yoast.com\/wordpress\/plugins\/seo\/ -->\n<title>UNSERE PARTNER - Kutzig Entdecken Sie die Partner dieses ProjektsUNSERE PARTNER - Kutzig Discover the partners of this projectUNSERE PARTNER - Kutzig D\u00e9couvrez les partenaires de ce projet<\/title>\n<meta name=\"description\" content=\"Entdecken Sie die Partner von Kut&#039;zig, das neue Konzept von LK Kunegel : den Cabrio-Bus, der entlang der els\u00e4ssischen Weinstra\u00dfe f\u00e4hrt.\" \/>\n<meta name=\"robots\" content=\"index, follow, max-snippet:-1, max-image-preview:large, max-video-preview:-1\" \/>\n<link rel=\"canonical\" href=\"https:\/\/kutzig.fr\/de\/nos-partenaires\/\" \/>\n<meta property=\"og:locale\" content=\"de_DE\" \/>\n<meta property=\"og:type\" content=\"article\" \/>\n<meta property=\"og:title\" content=\"UNSERE PARTNER - Kutzig Entdecken Sie die Partner dieses ProjektsUNSERE PARTNER - Kutzig Discover the partners of this projectUNSERE PARTNER - Kutzig D\u00e9couvrez les partenaires de ce projet\" \/>\n<meta property=\"og:description\" content=\"Entdecken Sie die Partner von Kut&#039;zig, das neue Konzept von LK Kunegel : den Cabrio-Bus, der entlang der els\u00e4ssischen Weinstra\u00dfe f\u00e4hrt.\" \/>\n<meta property=\"og:url\" content=\"https:\/\/kutzig.fr\/de\/nos-partenaires\/\" \/>\n<meta property=\"og:site_name\" content=\"Kutzig\" \/>\n<meta property=\"article:modified_time\" content=\"2025-10-01T11:53:27+00:00\" \/>\n<meta property=\"og:image\" content=\"https:\/\/kutzig.fr\/wp-content\/uploads\/2019\/06\/ge-logo-hd.jpg\" \/>\n\t<meta property=\"og:image:width\" content=\"1800\" \/>\n\t<meta property=\"og:image:height\" content=\"700\" \/>\n\t<meta property=\"og:image:type\" content=\"image\/jpeg\" \/>\n<meta name=\"twitter:card\" content=\"summary_large_image\" \/>\n<meta name=\"twitter:label1\" content=\"Gesch\u00e4tzte Lesezeit\" \/>\n\t<meta name=\"twitter:data1\" content=\"1\u00a0Minute\" \/>\n<script type=\"application\/ld+json\" class=\"yoast-schema-graph\">{\"@context\":\"https:\/\/schema.org\",\"@graph\":[{\"@type\":\"WebPage\",\"@id\":\"https:\/\/kutzig.fr\/de\/nos-partenaires\/\",\"url\":\"https:\/\/kutzig.fr\/de\/nos-partenaires\/\",\"name\":\"UNSERE PARTNER - Kutzig Entdecken Sie die Partner dieses ProjektsUNSERE PARTNER - Kutzig Discover the partners of this projectUNSERE PARTNER - Kutzig D\u00e9couvrez les partenaires de ce projet\",\"isPartOf\":{\"@id\":\"https:\/\/kutzig.fr\/de\/#website\"},\"primaryImageOfPage\":{\"@id\":\"https:\/\/kutzig.fr\/de\/nos-partenaires\/#primaryimage\"},\"image\":{\"@id\":\"https:\/\/kutzig.fr\/nos-partenaires\/#primaryimage\"},\"thumbnailUrl\":\"https:\/\/kutzig.fr\/wp-content\/uploads\/2019\/06\/ge-logo-hd.jpg\",\"datePublished\":\"2019-05-02T14:58:08+00:00\",\"dateModified\":\"2025-10-01T11:53:27+00:00\",\"description\":\"Entdecken Sie die Partner von Kut'zig, das neue Konzept von LK Kunegel : den Cabrio-Bus, der entlang der els\u00e4ssischen Weinstra\u00dfe f\u00e4hrt.\",\"breadcrumb\":{\"@id\":\"https:\/\/kutzig.fr\/de\/nos-partenaires\/#breadcrumb\"},\"inLanguage\":\"de\",\"potentialAction\":[{\"@type\":\"ReadAction\",\"target\":[[\"https:\/\/kutzig.fr\/de\/nos-partenaires\/\"]]}]},{\"@type\":\"ImageObject\",\"inLanguage\":\"de\",\"@id\":\"https:\/\/kutzig.fr\/de\/nos-partenaires\/#primaryimage\",\"url\":\"https:\/\/kutzig.fr\/wp-content\/uploads\/2019\/06\/ge-logo-hd.jpg\",\"contentUrl\":\"https:\/\/kutzig.fr\/wp-content\/uploads\/2019\/06\/ge-logo-hd.jpg\"},{\"@type\":\"BreadcrumbList\",\"@id\":\"https:\/\/kutzig.fr\/de\/nos-partenaires\/#breadcrumb\",\"itemListElement\":[{\"@type\":\"ListItem\",\"position\":1,\"name\":\"Accueil\",\"item\":\"https:\/\/kutzig.fr\/de\/\"},{\"@type\":\"ListItem\",\"position\":2,\"name\":\"Nos partenaires\"}]},{\"@type\":\"WebSite\",\"@id\":\"https:\/\/kutzig.fr\/de\/#website\",\"url\":\"https:\/\/kutzig.fr\/de\/\",\"name\":\"Kutzig\",\"description\":\"Entdecken Sie das Herz der els\u00e4ssischen Weinstra\u00dfe mit Kut&#039;zig\",\"potentialAction\":[{\"@type\":\"SearchAction\",\"target\":{\"@type\":\"EntryPoint\",\"urlTemplate\":\"https:\/\/kutzig.fr\/de\/?s={search_term_string}\"},\"query-input\":{\"@type\":\"PropertyValueSpecification\",\"valueRequired\":true,\"valueName\":\"search_term_string\"}}],\"inLanguage\":\"de\"}]}<\/script>\n<!-- \/ Yoast SEO plugin. -->","yoast_head_json":{"title":"UNSERE PARTNER - Kutzig Entdecken Sie die Partner dieses ProjektsUNSERE PARTNER - Kutzig Discover the partners of this projectUNSERE PARTNER - Kutzig D\u00e9couvrez les partenaires de ce projet","description":"Entdecken Sie die Partner von Kut'zig, das neue Konzept von LK Kunegel : den Cabrio-Bus, der entlang der els\u00e4ssischen Weinstra\u00dfe f\u00e4hrt.","robots":{"index":"index","follow":"follow","max-snippet":"max-snippet:-1","max-image-preview":"max-image-preview:large","max-video-preview":"max-video-preview:-1"},"canonical":"https:\/\/kutzig.fr\/de\/nos-partenaires\/","og_locale":"de_DE","og_type":"article","og_title":"UNSERE PARTNER - Kutzig Entdecken Sie die Partner dieses ProjektsUNSERE PARTNER - Kutzig Discover the partners of this projectUNSERE PARTNER - Kutzig D\u00e9couvrez les partenaires de ce projet","og_description":"Entdecken Sie die Partner von Kut'zig, das neue Konzept von LK Kunegel : den Cabrio-Bus, der entlang der els\u00e4ssischen Weinstra\u00dfe f\u00e4hrt.","og_url":"https:\/\/kutzig.fr\/de\/nos-partenaires\/","og_site_name":"Kutzig","article_modified_time":"2025-10-01T11:53:27+00:00","og_image":[{"width":1800,"height":700,"url":"https:\/\/kutzig.fr\/wp-content\/uploads\/2019\/06\/ge-logo-hd.jpg","type":"image\/jpeg"}],"twitter_card":"summary_large_image","twitter_misc":{"Gesch\u00e4tzte Lesezeit":"1\u00a0Minute"},"schema":{"@context":"https:\/\/schema.org","@graph":[{"@type":"WebPage","@id":"https:\/\/kutzig.fr\/de\/nos-partenaires\/","url":"https:\/\/kutzig.fr\/de\/nos-partenaires\/","name":"UNSERE PARTNER - Kutzig Entdecken Sie die Partner dieses ProjektsUNSERE PARTNER - Kutzig Discover the partners of this projectUNSERE PARTNER - Kutzig D\u00e9couvrez les partenaires de ce projet","isPartOf":{"@id":"https:\/\/kutzig.fr\/de\/#website"},"primaryImageOfPage":{"@id":"https:\/\/kutzig.fr\/de\/nos-partenaires\/#primaryimage"},"image":{"@id":"https:\/\/kutzig.fr\/nos-partenaires\/#primaryimage"},"thumbnailUrl":"https:\/\/kutzig.fr\/wp-content\/uploads\/2019\/06\/ge-logo-hd.jpg","datePublished":"2019-05-02T14:58:08+00:00","dateModified":"2025-10-01T11:53:27+00:00","description":"Entdecken Sie die Partner von Kut'zig, das neue Konzept von LK Kunegel : den Cabrio-Bus, der entlang der els\u00e4ssischen Weinstra\u00dfe f\u00e4hrt.","breadcrumb":{"@id":"https:\/\/kutzig.fr\/de\/nos-partenaires\/#breadcrumb"},"inLanguage":"de","potentialAction":[{"@type":"ReadAction","target":[["https:\/\/kutzig.fr\/de\/nos-partenaires\/"]]}]},{"@type":"ImageObject","inLanguage":"de","@id":"https:\/\/kutzig.fr\/de\/nos-partenaires\/#primaryimage","url":"https:\/\/kutzig.fr\/wp-content\/uploads\/2019\/06\/ge-logo-hd.jpg","contentUrl":"https:\/\/kutzig.fr\/wp-content\/uploads\/2019\/06\/ge-logo-hd.jpg"},{"@type":"BreadcrumbList","@id":"https:\/\/kutzig.fr\/de\/nos-partenaires\/#breadcrumb","itemListElement":[{"@type":"ListItem","position":1,"name":"Accueil","item":"https:\/\/kutzig.fr\/de\/"},{"@type":"ListItem","position":2,"name":"Nos partenaires"}]},{"@type":"WebSite","@id":"https:\/\/kutzig.fr\/de\/#website","url":"https:\/\/kutzig.fr\/de\/","name":"Kutzig","description":"Entdecken Sie das Herz der els\u00e4ssischen Weinstra\u00dfe mit Kut&#039;zig","potentialAction":[{"@type":"SearchAction","target":{"@type":"EntryPoint","urlTemplate":"https:\/\/kutzig.fr\/de\/?s={search_term_string}"},"query-input":{"@type":"PropertyValueSpecification","valueRequired":true,"valueName":"search_term_string"}}],"inLanguage":"de"}]}},"_links":{"self":[{"href":"https:\/\/kutzig.fr\/de\/wp-json\/wp\/v2\/pages\/740"}],"collection":[{"href":"https:\/\/kutzig.fr\/de\/wp-json\/wp\/v2\/pages"}],"about":[{"href":"https:\/\/kutzig.fr\/de\/wp-json\/wp\/v2\/types\/page"}],"author":[{"embeddable":true,"href":"https:\/\/kutzig.fr\/de\/wp-json\/wp\/v2\/users\/1"}],"replies":[{"embeddable":true,"href":"https:\/\/kutzig.fr\/de\/wp-json\/wp\/v2\/comments?post=740"}],"version-history":[{"count":0,"href":"https:\/\/kutzig.fr\/de\/wp-json\/wp\/v2\/pages\/740\/revisions"}],"wp:attachment":[{"href":"https:\/\/kutzig.fr\/de\/wp-json\/wp\/v2\/media?parent=740"}],"curies":[{"name":"wp","href":"https:\/\/api.w.org\/{rel}","templated":true}]}}