{"id":3765,"date":"2024-04-23T18:05:07","date_gmt":"2024-04-23T16:05:07","guid":{"rendered":"https:\/\/kutzig.fr\/?page_id=3765"},"modified":"2025-04-17T11:48:45","modified_gmt":"2025-04-17T09:48:45","slug":"mentions-legales-2","status":"publish","type":"page","link":"https:\/\/kutzig.fr\/de\/reisetagebuch\/","title":{"rendered":"Reisetagebuch"},"content":{"rendered":"<p><\/p>\n<h3 style=\"text-align: center;\">Um die unumg\u00e4nglichen Perlen des els\u00e4ssischen Weinbaugebiets (wieder) zu entdecken!<\/h3>\n<p style=\"text-align: center;\">Ausgearbeitet von den 6 Fremdenverkehrsb\u00fcros des &#8220;Alsace Essentielle&#8221;, Pays de Colmar,<br \/>\nDas Carnet de Voyage Kut&#8217;zig pr\u00e4sentiert Rundreisen und Favoriten in den Gemeinden, die vom Kut&#8217;zig bedient werden.<\/p>\n<p style=\"text-align: center;\"><a href=\"https:\/\/www.calameo.com\/read\/003861465b61e10d8f3e4\" target=\"_blank\" rel=\"noopener\">Das Carnet de Voyage konsultieren<\/a><a href=\"https:\/\/www.calameo.com\/read\/003861465b61e10d8f3e4\" target=\"_blank\" rel=\"noopener\"><img loading=\"lazy\" decoding=\"async\" class=\"aligncenter wp-image-7131\" src=\"https:\/\/kutzig.fr\/wp-content\/uploads\/2024\/07\/DE-1024x1024.png\" alt=\"\" width=\"50\" height=\"50\" srcset=\"https:\/\/kutzig.fr\/wp-content\/uploads\/2024\/07\/DE-1024x1024.png 1024w, https:\/\/kutzig.fr\/wp-content\/uploads\/2024\/07\/DE-300x300.png 300w, https:\/\/kutzig.fr\/wp-content\/uploads\/2024\/07\/DE-150x150.png 150w, https:\/\/kutzig.fr\/wp-content\/uploads\/2024\/07\/DE-768x768.png 768w, https:\/\/kutzig.fr\/wp-content\/uploads\/2024\/07\/DE-55x55.png 55w, https:\/\/kutzig.fr\/wp-content\/uploads\/2024\/07\/DE-60x60.png 60w, https:\/\/kutzig.fr\/wp-content\/uploads\/2024\/07\/DE-600x600.png 600w, https:\/\/kutzig.fr\/wp-content\/uploads\/2024\/07\/DE-100x100.png 100w, https:\/\/kutzig.fr\/wp-content\/uploads\/2024\/07\/DE.png 1080w\" sizes=\"(max-width: 50px) 100vw, 50px\" \/><\/a><a href=\"https:\/\/www.calameo.com\/read\/0038614659c13bb5d2e5e\" target=\"_blank\" rel=\"noopener\"><img loading=\"lazy\" decoding=\"async\" class=\"centered aligncenter\" src=\"https:\/\/kutzig.fr\/wp-content\/uploads\/2024\/07\/EN-150x150.png\" alt=\"\" width=\"50\" height=\"50\" \/><\/a><a href=\"https:\/\/www.calameo.com\/read\/003861465abb726c3364e\" target=\"_blank\" rel=\"noopener\"><img loading=\"lazy\" decoding=\"async\" class=\"alignnone wp-image-7134\" src=\"https:\/\/kutzig.fr\/wp-content\/uploads\/2024\/07\/FR-1024x1024.png\" alt=\"\" width=\"50\" height=\"50\" srcset=\"https:\/\/kutzig.fr\/wp-content\/uploads\/2024\/07\/FR-1024x1024.png 1024w, https:\/\/kutzig.fr\/wp-content\/uploads\/2024\/07\/FR-300x300.png 300w, https:\/\/kutzig.fr\/wp-content\/uploads\/2024\/07\/FR-150x150.png 150w, https:\/\/kutzig.fr\/wp-content\/uploads\/2024\/07\/FR-768x768.png 768w, https:\/\/kutzig.fr\/wp-content\/uploads\/2024\/07\/FR-55x55.png 55w, https:\/\/kutzig.fr\/wp-content\/uploads\/2024\/07\/FR-60x60.png 60w, https:\/\/kutzig.fr\/wp-content\/uploads\/2024\/07\/FR-600x600.png 600w, https:\/\/kutzig.fr\/wp-content\/uploads\/2024\/07\/FR-100x100.png 100w, https:\/\/kutzig.fr\/wp-content\/uploads\/2024\/07\/FR.png 1080w\" sizes=\"(max-width: 50px) 100vw, 50px\" \/><\/a><a href=\"https:\/\/www.calameo.com\/read\/003861465f8634e00635b\" target=\"_blank\" rel=\"noopener\"><img loading=\"lazy\" decoding=\"async\" class=\"wp-image-7133 aligncenter\" src=\"https:\/\/kutzig.fr\/wp-content\/uploads\/2024\/07\/ESP-1024x1024.png\" alt=\"\" width=\"50\" height=\"50\" srcset=\"https:\/\/kutzig.fr\/wp-content\/uploads\/2024\/07\/ESP-1024x1024.png 1024w, https:\/\/kutzig.fr\/wp-content\/uploads\/2024\/07\/ESP-300x300.png 300w, https:\/\/kutzig.fr\/wp-content\/uploads\/2024\/07\/ESP-150x150.png 150w, https:\/\/kutzig.fr\/wp-content\/uploads\/2024\/07\/ESP-768x768.png 768w, https:\/\/kutzig.fr\/wp-content\/uploads\/2024\/07\/ESP-55x55.png 55w, https:\/\/kutzig.fr\/wp-content\/uploads\/2024\/07\/ESP-60x60.png 60w, https:\/\/kutzig.fr\/wp-content\/uploads\/2024\/07\/ESP-600x600.png 600w, https:\/\/kutzig.fr\/wp-content\/uploads\/2024\/07\/ESP-100x100.png 100w, https:\/\/kutzig.fr\/wp-content\/uploads\/2024\/07\/ESP.png 1080w\" sizes=\"(max-width: 50px) 100vw, 50px\" \/><\/a><\/p>\n<p>&nbsp;<\/p>\n<p style=\"text-align: center;\">\n<p><\/p>","protected":false},"excerpt":{"rendered":"<p>Um die unumg\u00e4nglichen Perlen des els\u00e4ssischen Weinbaugebiets (wieder) zu entdecken! Ausgearbeitet von den 6 Fremdenverkehrsb\u00fcros des &#8220;Alsace Essentielle&#8221;, Pays de Colmar, Das Carnet de Voyage Kut&#8217;zig pr\u00e4sentiert Rundreisen und Favoriten in den Gemeinden, die vom Kut&#8217;zig bedient werden. Das Carnet de Voyage konsultieren &nbsp;<\/p>\n","protected":false},"author":6,"featured_media":0,"parent":0,"menu_order":20,"comment_status":"closed","ping_status":"closed","template":"","meta":{"_acf_changed":false,"inline_featured_image":false,"footnotes":""},"acf":{"bandeau_image":{"ID":786,"id":786,"title":"route-des-vins","filename":"route-des-vins-scaled.jpg","filesize":726069,"url":"https:\/\/kutzig.fr\/wp-content\/uploads\/2019\/05\/route-des-vins-scaled.jpg","link":"https:\/\/kutzig.fr\/de\/willkommen\/route-des-vins\/","alt":"","author":"1","description":"","caption":"","name":"route-des-vins","status":"inherit","uploaded_to":2,"date":"2019-05-02 17:00:54","modified":"2019-05-02 19:53:10","menu_order":0,"mime_type":"image\/jpeg","type":"image","subtype":"jpeg","icon":"https:\/\/kutzig.fr\/wp-includes\/images\/media\/default.png","width":2560,"height":1217,"sizes":{"thumbnail":"https:\/\/kutzig.fr\/wp-content\/uploads\/2019\/05\/route-des-vins-150x150.jpg","thumbnail-width":150,"thumbnail-height":150,"medium":"https:\/\/kutzig.fr\/wp-content\/uploads\/2019\/05\/route-des-vins-300x143.jpg","medium-width":300,"medium-height":143,"medium_large":"https:\/\/kutzig.fr\/wp-content\/uploads\/2019\/05\/route-des-vins-768x365.jpg","medium_large-width":648,"medium_large-height":308,"large":"https:\/\/kutzig.fr\/wp-content\/uploads\/2019\/05\/route-des-vins-1024x487.jpg","large-width":648,"large-height":308,"1536x1536":"https:\/\/kutzig.fr\/wp-content\/uploads\/2019\/05\/route-des-vins-scaled.jpg","1536x1536-width":1536,"1536x1536-height":730,"2048x2048":"https:\/\/kutzig.fr\/wp-content\/uploads\/2019\/05\/route-des-vins-scaled.jpg","2048x2048-width":2048,"2048x2048-height":974,"article-mini":"https:\/\/kutzig.fr\/wp-content\/uploads\/2019\/05\/route-des-vins-scaled.jpg","article-mini-width":70,"article-mini-height":33,"sparkling-featured":"https:\/\/kutzig.fr\/wp-content\/uploads\/2019\/05\/route-des-vins-750x410.jpg","sparkling-featured-width":750,"sparkling-featured-height":410,"sparkling-featured-fullwidth":"https:\/\/kutzig.fr\/wp-content\/uploads\/2019\/05\/route-des-vins-scaled.jpg","sparkling-featured-fullwidth-width":1140,"sparkling-featured-fullwidth-height":542,"tab-small":"https:\/\/kutzig.fr\/wp-content\/uploads\/2019\/05\/route-des-vins-60x60.jpg","tab-small-width":60,"tab-small-height":60,"slider":"https:\/\/kutzig.fr\/wp-content\/uploads\/2019\/05\/route-des-vins-scaled.jpg","slider-width":1451,"slider-height":690,"woocommerce_thumbnail":"https:\/\/kutzig.fr\/wp-content\/uploads\/2019\/05\/route-des-vins-scaled-300x300.jpg","woocommerce_thumbnail-width":300,"woocommerce_thumbnail-height":300,"woocommerce_single":"https:\/\/kutzig.fr\/wp-content\/uploads\/2019\/05\/route-des-vins-scaled-600x285.jpg","woocommerce_single-width":600,"woocommerce_single-height":285,"woocommerce_gallery_thumbnail":"https:\/\/kutzig.fr\/wp-content\/uploads\/2019\/05\/route-des-vins-scaled-100x100.jpg","woocommerce_gallery_thumbnail-width":100,"woocommerce_gallery_thumbnail-height":100}},"texte_icone":"<p>Reisetagebuch<\/p>\n","texte":""},"yoast_head":"<!-- This site is optimized with the Yoast SEO plugin v23.7 - https:\/\/yoast.com\/wordpress\/plugins\/seo\/ -->\n<title>Reisetagebuch - Kutzig<\/title>\n<meta name=\"description\" content=\"Impressum und Datenschutzerkl\u00e4rung.\" \/>\n<meta name=\"robots\" content=\"index, follow, max-snippet:-1, max-image-preview:large, max-video-preview:-1\" \/>\n<link rel=\"canonical\" href=\"https:\/\/kutzig.fr\/de\/carnet-de-voyage\/\" \/>\n<meta property=\"og:locale\" content=\"de_DE\" \/>\n<meta property=\"og:type\" content=\"article\" \/>\n<meta property=\"og:title\" content=\"Reisetagebuch - Kutzig\" \/>\n<meta property=\"og:description\" content=\"Impressum und Datenschutzerkl\u00e4rung.\" \/>\n<meta property=\"og:url\" content=\"https:\/\/kutzig.fr\/de\/carnet-de-voyage\/\" \/>\n<meta property=\"og:site_name\" content=\"Kutzig\" \/>\n<meta property=\"article:modified_time\" content=\"2025-04-17T09:48:45+00:00\" \/>\n<meta property=\"og:image\" content=\"https:\/\/kutzig.fr\/wp-content\/uploads\/2024\/07\/FR.png\" \/>\n\t<meta property=\"og:image:width\" content=\"1080\" \/>\n\t<meta property=\"og:image:height\" content=\"1080\" \/>\n\t<meta property=\"og:image:type\" content=\"image\/png\" \/>\n<meta name=\"twitter:card\" content=\"summary_large_image\" \/>\n<meta name=\"twitter:label1\" content=\"Gesch\u00e4tzte Lesezeit\" \/>\n\t<meta name=\"twitter:data1\" content=\"2\u00a0Minuten\" \/>\n<script type=\"application\/ld+json\" class=\"yoast-schema-graph\">{\"@context\":\"https:\/\/schema.org\",\"@graph\":[{\"@type\":\"WebPage\",\"@id\":\"https:\/\/kutzig.fr\/de\/carnet-de-voyage\/\",\"url\":\"https:\/\/kutzig.fr\/de\/carnet-de-voyage\/\",\"name\":\"Reisetagebuch - Kutzig\",\"isPartOf\":{\"@id\":\"https:\/\/kutzig.fr\/de\/#website\"},\"primaryImageOfPage\":{\"@id\":\"https:\/\/kutzig.fr\/de\/carnet-de-voyage\/#primaryimage\"},\"image\":{\"@id\":\"https:\/\/kutzig.fr\/carnet-de-voyage\/#primaryimage\"},\"thumbnailUrl\":\"https:\/\/kutzig.fr\/wp-content\/uploads\/2024\/07\/FR-1024x1024.png\",\"datePublished\":\"2024-04-23T16:05:07+00:00\",\"dateModified\":\"2025-04-17T09:48:45+00:00\",\"description\":\"Impressum und Datenschutzerkl\u00e4rung.\",\"breadcrumb\":{\"@id\":\"https:\/\/kutzig.fr\/de\/carnet-de-voyage\/#breadcrumb\"},\"inLanguage\":\"de\",\"potentialAction\":[{\"@type\":\"ReadAction\",\"target\":[[\"https:\/\/kutzig.fr\/de\/carnet-de-voyage\/\"]]}]},{\"@type\":\"ImageObject\",\"inLanguage\":\"de\",\"@id\":\"https:\/\/kutzig.fr\/de\/carnet-de-voyage\/#primaryimage\",\"url\":\"https:\/\/kutzig.fr\/wp-content\/uploads\/2024\/07\/FR-1024x1024.png\",\"contentUrl\":\"https:\/\/kutzig.fr\/wp-content\/uploads\/2024\/07\/FR-1024x1024.png\"},{\"@type\":\"BreadcrumbList\",\"@id\":\"https:\/\/kutzig.fr\/de\/carnet-de-voyage\/#breadcrumb\",\"itemListElement\":[{\"@type\":\"ListItem\",\"position\":1,\"name\":\"Accueil\",\"item\":\"https:\/\/kutzig.fr\/de\/\"},{\"@type\":\"ListItem\",\"position\":2,\"name\":\"Carnet de Voyage\"}]},{\"@type\":\"WebSite\",\"@id\":\"https:\/\/kutzig.fr\/de\/#website\",\"url\":\"https:\/\/kutzig.fr\/de\/\",\"name\":\"Kutzig\",\"description\":\"Entdecken Sie das Herz der els\u00e4ssischen Weinstra\u00dfe mit Kut&#039;zig\",\"potentialAction\":[{\"@type\":\"SearchAction\",\"target\":{\"@type\":\"EntryPoint\",\"urlTemplate\":\"https:\/\/kutzig.fr\/de\/?s={search_term_string}\"},\"query-input\":{\"@type\":\"PropertyValueSpecification\",\"valueRequired\":true,\"valueName\":\"search_term_string\"}}],\"inLanguage\":\"de\"}]}<\/script>\n<!-- \/ Yoast SEO plugin. -->","yoast_head_json":{"title":"Reisetagebuch - Kutzig","description":"Impressum und Datenschutzerkl\u00e4rung.","robots":{"index":"index","follow":"follow","max-snippet":"max-snippet:-1","max-image-preview":"max-image-preview:large","max-video-preview":"max-video-preview:-1"},"canonical":"https:\/\/kutzig.fr\/de\/carnet-de-voyage\/","og_locale":"de_DE","og_type":"article","og_title":"Reisetagebuch - Kutzig","og_description":"Impressum und Datenschutzerkl\u00e4rung.","og_url":"https:\/\/kutzig.fr\/de\/carnet-de-voyage\/","og_site_name":"Kutzig","article_modified_time":"2025-04-17T09:48:45+00:00","og_image":[{"width":1080,"height":1080,"url":"https:\/\/kutzig.fr\/wp-content\/uploads\/2024\/07\/FR.png","type":"image\/png"}],"twitter_card":"summary_large_image","twitter_misc":{"Gesch\u00e4tzte Lesezeit":"2\u00a0Minuten"},"schema":{"@context":"https:\/\/schema.org","@graph":[{"@type":"WebPage","@id":"https:\/\/kutzig.fr\/de\/carnet-de-voyage\/","url":"https:\/\/kutzig.fr\/de\/carnet-de-voyage\/","name":"Reisetagebuch - Kutzig","isPartOf":{"@id":"https:\/\/kutzig.fr\/de\/#website"},"primaryImageOfPage":{"@id":"https:\/\/kutzig.fr\/de\/carnet-de-voyage\/#primaryimage"},"image":{"@id":"https:\/\/kutzig.fr\/carnet-de-voyage\/#primaryimage"},"thumbnailUrl":"https:\/\/kutzig.fr\/wp-content\/uploads\/2024\/07\/FR-1024x1024.png","datePublished":"2024-04-23T16:05:07+00:00","dateModified":"2025-04-17T09:48:45+00:00","description":"Impressum und Datenschutzerkl\u00e4rung.","breadcrumb":{"@id":"https:\/\/kutzig.fr\/de\/carnet-de-voyage\/#breadcrumb"},"inLanguage":"de","potentialAction":[{"@type":"ReadAction","target":[["https:\/\/kutzig.fr\/de\/carnet-de-voyage\/"]]}]},{"@type":"ImageObject","inLanguage":"de","@id":"https:\/\/kutzig.fr\/de\/carnet-de-voyage\/#primaryimage","url":"https:\/\/kutzig.fr\/wp-content\/uploads\/2024\/07\/FR-1024x1024.png","contentUrl":"https:\/\/kutzig.fr\/wp-content\/uploads\/2024\/07\/FR-1024x1024.png"},{"@type":"BreadcrumbList","@id":"https:\/\/kutzig.fr\/de\/carnet-de-voyage\/#breadcrumb","itemListElement":[{"@type":"ListItem","position":1,"name":"Accueil","item":"https:\/\/kutzig.fr\/de\/"},{"@type":"ListItem","position":2,"name":"Carnet de Voyage"}]},{"@type":"WebSite","@id":"https:\/\/kutzig.fr\/de\/#website","url":"https:\/\/kutzig.fr\/de\/","name":"Kutzig","description":"Entdecken Sie das Herz der els\u00e4ssischen Weinstra\u00dfe mit Kut&#039;zig","potentialAction":[{"@type":"SearchAction","target":{"@type":"EntryPoint","urlTemplate":"https:\/\/kutzig.fr\/de\/?s={search_term_string}"},"query-input":{"@type":"PropertyValueSpecification","valueRequired":true,"valueName":"search_term_string"}}],"inLanguage":"de"}]}},"_links":{"self":[{"href":"https:\/\/kutzig.fr\/de\/wp-json\/wp\/v2\/pages\/3765"}],"collection":[{"href":"https:\/\/kutzig.fr\/de\/wp-json\/wp\/v2\/pages"}],"about":[{"href":"https:\/\/kutzig.fr\/de\/wp-json\/wp\/v2\/types\/page"}],"author":[{"embeddable":true,"href":"https:\/\/kutzig.fr\/de\/wp-json\/wp\/v2\/users\/6"}],"replies":[{"embeddable":true,"href":"https:\/\/kutzig.fr\/de\/wp-json\/wp\/v2\/comments?post=3765"}],"version-history":[{"count":0,"href":"https:\/\/kutzig.fr\/de\/wp-json\/wp\/v2\/pages\/3765\/revisions"}],"wp:attachment":[{"href":"https:\/\/kutzig.fr\/de\/wp-json\/wp\/v2\/media?parent=3765"}],"curies":[{"name":"wp","href":"https:\/\/api.w.org\/{rel}","templated":true}]}}