{"id":3110,"date":"2022-07-19T14:54:22","date_gmt":"2022-07-19T12:54:22","guid":{"rendered":"https:\/\/kutzig.fr\/?page_id=3110"},"modified":"2026-03-03T17:53:02","modified_gmt":"2026-03-03T16:53:02","slug":"privatiser-le-kutzig","status":"publish","type":"page","link":"https:\/\/kutzig.fr\/de\/privatiser-le-kutzig\/","title":{"rendered":"Kut&#8217;zig privatisieren"},"content":{"rendered":"<p><\/p>\n<div class=\"col-md-8 col-md-offset-2 padtop40 padbot20\">\n<p style=\"text-align: center;\"><img loading=\"lazy\" decoding=\"async\" src=\"https:\/\/kutzig.fr\/wp-content\/uploads\/2019\/05\/logo.jpg\" alt=\"Tour bus Kutzig\" width=\"173\" height=\"71\" \/><\/p>\n<h3 style=\"text-align: center;\"><span style=\"color: #2a2e43;\">der Cabrio-Bus, der f\u00e4hrt<\/span><br \/>\n<span style=\"color: #e41b13;\">das Herz der Els\u00e4sser Weinstra\u00dfe<\/span><\/h3>\n<hr style=\"width: 95px; background-color: #fc0; border: 1px solid #FC0; border-radius: 7px 7px 7px 7px; height: 5px;\" \/>\n<div class=\"row\"><div class=\"col-sm-12\">\n<h3 style=\"text-align: center;\">Sind Sie eine Gruppe von Freunden, ein Unternehmen, ein CSE?<\/h3>\n<p style=\"text-align: center;\">M\u00f6chten Sie einen originellen Tag im Elsass organisieren? Also privatisieren Sie Kut\u2019zig!<br \/>\nIhnen stehen zwei M\u00f6glichkeiten zur Verf\u00fcgung: <strong>nur den Bus (mit Fahrer) mieten oder Dienstleistungen hinzuf\u00fcgen (Kellerbesichtigung, Catering, Aktivit\u00e4ten usw.)<\/strong><\/p>\n<\/div>\n<p>&nbsp;<\/p>\n<table  class=\" aligncenter table table-hover\"  width=\"324\">\n<tbody>\n<tr>\n<td width=\"324\"><strong>M\u00f6gliche Privatisierung :<\/strong><\/td>\n<\/tr>\n<tr>\n<td>\n<ul>\n<li>T\u00e4glich<\/li>\n<\/ul>\n<\/td>\n<\/tr>\n<tr>\n<td><\/td>\n<\/tr>\n<tr>\n<td><\/td>\n<\/tr>\n<\/tbody>\n<\/table>\n<div class=\"col-md-8 col-md-offset-2 padtop40 padbot20\">\n<p><\/p><\/div><\/div>\n<div class=\"row\"><div class=\"col-sm-12\">\n<p>\n<div class=\"wpcf7 no-js\" id=\"wpcf7-f3666-o2\" lang=\"fr-FR\" dir=\"ltr\">\n<div class=\"screen-reader-response\"><p role=\"status\" aria-live=\"polite\" aria-atomic=\"true\"><\/p> <ul><\/ul><\/div>\n<form action=\"\/de\/wp-json\/wp\/v2\/pages\/3110#wpcf7-f3666-o2\" method=\"post\" class=\"wpcf7-form init\" aria-label=\"Formulaire de contact\" novalidate=\"novalidate\" data-status=\"init\">\n<div style=\"display: none;\">\n<input type=\"hidden\" name=\"_wpcf7\" value=\"3666\" \/>\n<input type=\"hidden\" name=\"_wpcf7_version\" value=\"5.9.8\" \/>\n<input type=\"hidden\" name=\"_wpcf7_locale\" value=\"fr_FR\" \/>\n<input type=\"hidden\" name=\"_wpcf7_unit_tag\" value=\"wpcf7-f3666-o2\" \/>\n<input type=\"hidden\" name=\"_wpcf7_container_post\" value=\"0\" \/>\n<input type=\"hidden\" name=\"_wpcf7_posted_data_hash\" value=\"\" \/>\n<\/div>\n<div class=\"col-md-12\">\n\t<p><label>Nachname Vorname *<\/label><span class=\"wpcf7-form-control-wrap\" data-name=\"nomprenom\"><input size=\"40\" maxlength=\"400\" class=\"wpcf7-form-control wpcf7-text wpcf7-validates-as-required\" aria-required=\"true\" aria-invalid=\"false\" value=\"\" type=\"text\" name=\"nomprenom\" \/><\/span>\n\t<\/p>\n<\/div>\n<div class=\"col-md-6\">\n\t<p><label>Unternehmen<\/label><span class=\"wpcf7-form-control-wrap\" data-name=\"societe\"><input size=\"40\" maxlength=\"400\" class=\"wpcf7-form-control wpcf7-text\" aria-invalid=\"false\" value=\"\" type=\"text\" name=\"societe\" \/><\/span>\n\t<\/p>\n<\/div>\n<div class=\"col-md-6\">\n\t<p><label>E-Mail *<\/label><span class=\"wpcf7-form-control-wrap\" data-name=\"mail\"><input size=\"40\" maxlength=\"400\" class=\"wpcf7-form-control wpcf7-text wpcf7-validates-as-required\" aria-required=\"true\" aria-invalid=\"false\" value=\"\" type=\"text\" name=\"mail\" \/><\/span>\n\t<\/p>\n<\/div>\n<div class=\"col-md-6\">\n\t<p><label>Telefon *<\/label><span class=\"wpcf7-form-control-wrap\" data-name=\"telephone\"><input size=\"40\" maxlength=\"400\" class=\"wpcf7-form-control wpcf7-text wpcf7-validates-as-required\" aria-required=\"true\" aria-invalid=\"false\" value=\"\" type=\"text\" name=\"telephone\" \/><\/span>\n\t<\/p>\n<\/div>\n<div class=\"col-md-6\">\n\t<p><label>Anzahl Personen (1 Bus = 26 Sitzpl\u00e4tze) *<\/label><span class=\"wpcf7-form-control-wrap\" data-name=\"menu-171\"><select class=\"wpcf7-form-control wpcf7-select wpcf7-validates-as-required\" aria-required=\"true\" aria-invalid=\"false\" name=\"menu-171\"><option value=\"1\">1<\/option><option value=\"2\">2<\/option><option value=\"3\">3<\/option><option value=\"4\">4<\/option><option value=\"5\">5<\/option><option value=\"6\">6<\/option><option value=\"7\">7<\/option><option value=\"8\">8<\/option><option value=\"9\">9<\/option><option value=\"10\">10<\/option><option value=\"11\">11<\/option><option value=\"12\">12<\/option><option value=\"13\">13<\/option><option value=\"14\">14<\/option><option value=\"15\">15<\/option><option value=\"16\">16<\/option><option value=\"17\">17<\/option><option value=\"18\">18<\/option><option value=\"19\">19<\/option><option value=\"20\">20<\/option><option value=\"21\">21<\/option><option value=\"22\">22<\/option><option value=\"23\">23<\/option><option value=\"24\">24<\/option><option value=\"25\">25<\/option><option value=\"26\">26<\/option><\/select><\/span>\n\t<\/p>\n<\/div>\n<div class=\"col-md-6\">\n\t<p><label>Datum, an dem Sie den Bus privatisieren m\u00f6chten *<\/label><span class=\"wpcf7-form-control-wrap\" data-name=\"date-653\"><input class=\"wpcf7-form-control wpcf7-date wpcf7-validates-as-required wpcf7-validates-as-date\" aria-required=\"true\" aria-invalid=\"false\" value=\"\" type=\"date\" name=\"date-653\" \/><\/span>\n\t<\/p>\n<\/div>\n<p><label>F\u00fcr :<\/label><span class=\"wpcf7-form-control-wrap\" data-name=\"checkbox-684\"><span class=\"wpcf7-form-control wpcf7-checkbox wpcf7-validates-as-required wpcf7-exclusive-checkbox\"><span class=\"wpcf7-list-item first\"><input type=\"checkbox\" name=\"checkbox-684\" value=\"Ein ganzer Tag\" \/><span class=\"wpcf7-list-item-label\">Ein ganzer Tag<\/span><\/span><span class=\"wpcf7-list-item last\"><input type=\"checkbox\" name=\"checkbox-684\" value=\"Einen halben Tag\" \/><span class=\"wpcf7-list-item-label\">Einen halben Tag<\/span><\/span><\/span><\/span>\n<\/p>\n<div class=\"col-md-12\">\n\t<p><label>Ich w\u00fcnsche *<\/label><span class=\"wpcf7-form-control-wrap\" data-name=\"checkbox-685\"><span class=\"wpcf7-form-control wpcf7-checkbox wpcf7-validates-as-required wpcf7-exclusive-checkbox\"><span class=\"wpcf7-list-item first\"><input type=\"checkbox\" name=\"checkbox-685\" value=\"Nur das Fahrzeug privatisieren (mit Fahrer)\" \/><span class=\"wpcf7-list-item-label\">Nur das Fahrzeug privatisieren (mit Fahrer)<\/span><\/span><span class=\"wpcf7-list-item last\"><input type=\"checkbox\" name=\"checkbox-685\" value=\"Das Fahrzeug privatisieren und Dienstleistungen hinzuf\u00fcgen (Kellerbesuche, Catering usw.)\" \/><span class=\"wpcf7-list-item-label\">Das Fahrzeug privatisieren und Dienstleistungen hinzuf\u00fcgen (Kellerbesuche, Catering usw.)<\/span><\/span><\/span><\/span>\n\t<\/p>\n<\/div>\n<div class=\"col-md-12\">\n\t<p><label>Erz\u00e4hlen Sie uns mehr \u00fcber Ihr Projekt:<\/label><span class=\"wpcf7-form-control-wrap\" data-name=\"textarea-89\"><textarea cols=\"40\" rows=\"10\" maxlength=\"2000\" class=\"wpcf7-form-control wpcf7-textarea\" aria-invalid=\"false\" name=\"textarea-89\"><\/textarea><\/span>\n\t<\/p>\n<\/div>\n<div class=\"col-md-12\">\n\t<p><label>*Ben\u00f6tigte Felder<\/label>\n\t<\/p>\n<\/div>\n<div class=\"col-md-12\">\n\t<p><span class=\"wpcf7-form-control-wrap\" data-name=\"rgpd\"><span class=\"wpcf7-form-control wpcf7-acceptance\"><span class=\"wpcf7-list-item\"><label><input type=\"checkbox\" name=\"rgpd\" value=\"1\" aria-invalid=\"false\" \/><span class=\"wpcf7-list-item-label\">*Mit dem Absenden dieses Formulars akzeptiere ich, dass die eingegebenen Informationen im Rahmen der Informationsanfrage und der daraus resultierenden Gesch\u00e4ftsbeziehung verwendet werden. Um Ihre Rechte zu kennen und auszu\u00fcben, insbesondere um Ihre Einwilligung zur Verwendung der mit diesem Formular erfassten Daten zu widerrufen, lesen Sie bitte unsere Datenschutzerkl\u00e4rung.<\/span><\/label><\/span><\/span><\/span>\n\t<\/p>\n<\/div>\n<div class=\"col-md-12\">\n\t<p><span class=\"wpcf7-form-control-wrap kc_captcha\" data-name=\"kc_captcha\"><span class=\"wpcf7-form-control wpcf7-radio\"><span class=\"captcha-image\"><span class=\"cf7ic_instructions\">Veuillez prouver que vous \u00eates humain en s\u00e9lectionnant<span> la voiture<\/span>.<\/span><label><input aria-label=\"1\" type=\"radio\" name=\"kc_captcha\" value=\"bot\" \/><svg aria-hidden=\"true\" role=\"img\" xmlns=\"http:\/\/www.w3.org\/2000\/svg\" viewBox=\"0 0 576 512\"><path fill=\"currentColor\" d=\"M415 24c-53 0-103 42-127 65-24-23-74-65-127-65C70 24 16 77 16 166c0 72 67 133 69 135l187 181c9 8 23 8 32 0l187-180c2-3 69-64 69-136 0-89-54-142-145-142z\"><\/path><\/svg><\/label><label><input aria-label=\"2\" type=\"radio\" name=\"kc_captcha\" value=\"kc_human\" \/><svg aria-hidden=\"true\" role=\"img\" xmlns=\"http:\/\/www.w3.org\/2000\/svg\" viewBox=\"0 0 512 512\"><path fill=\"currentColor\" d=\"M500 168h-55l-8-21a127 127 0 00-120-83H195a127 127 0 00-120 83l-8 21H12c-8 0-14 8-11 16l8 24a12 12 0 0011 8h29a64 64 0 00-33 56v48c0 16 6 31 16 42v62c0 13 11 24 24 24h48c13 0 24-11 24-24v-40h256v40c0 13 11 24 24 24h48c13 0 24-11 24-24v-62c10-11 16-26 16-42v-48c0-24-13-45-33-56h29a12 12 0 0011-8l8-24c3-8-3-16-11-16zm-365 2c9-25 33-42 60-42h122c27 0 51 17 60 42l15 38H120l15-38zM88 328a32 32 0 010-64c18 0 48 30 48 48s-30 16-48 16zm336 0c-18 0-48 2-48-16s30-48 48-48 32 14 32 32-14 32-32 32z\"><\/path><\/svg><\/label><label><input aria-label=\"3\" type=\"radio\" name=\"kc_captcha\" value=\"bot\" \/><svg aria-hidden=\"true\" role=\"img\" xmlns=\"http:\/\/www.w3.org\/2000\/svg\" viewBox=\"0 0 576 512\"><path fill=\"currentColor\" d=\"M472 200H360L256 6a12 12 0 00-10-6h-58c-8 0-14 7-12 15l34 185H100l-35-58a12 12 0 00-10-6H12c-8 0-13 7-12 14l21 106L0 362c-1 7 4 14 12 14h43c4 0 8-2 10-6l35-58h110l-34 185c-2 8 4 15 12 15h58a12 12 0 0010-6l104-194h112c57 0 104-25 104-56s-47-56-104-56z\"><\/path><\/svg><\/label>\r\n    <\/span>\r\n    <span style=\"display:none\">\r\n        <input type=\"text\" name=\"kc_honeypot\"\/>\r\n    <\/span><\/span><\/span>\n\t<\/p>\n<\/div>\n<div class=\"col-md-12\">\n\t<p><input class=\"wpcf7-form-control wpcf7-submit has-spinner\" type=\"submit\" value=\"Schicken\" \/>\n\t<\/p>\n<\/div><div class=\"wpcf7-response-output\" aria-hidden=\"true\"><\/div>\n<\/form>\n<\/div>\n<\/p>\n<p><\/p><\/div><\/div>\n<\/div>\n<p><\/p>","protected":false},"excerpt":{"rendered":"<p>der Cabrio-Bus, der f\u00e4hrt das Herz der Els\u00e4sser Weinstra\u00dfe<\/p>\n","protected":false},"author":1,"featured_media":0,"parent":0,"menu_order":4,"comment_status":"closed","ping_status":"closed","template":"","meta":{"_acf_changed":false,"inline_featured_image":false,"footnotes":""},"acf":{"bandeau_image":{"ID":786,"id":786,"title":"route-des-vins","filename":"route-des-vins-scaled.jpg","filesize":726069,"url":"https:\/\/kutzig.fr\/wp-content\/uploads\/2019\/05\/route-des-vins-scaled.jpg","link":"https:\/\/kutzig.fr\/de\/willkommen\/route-des-vins\/","alt":"","author":"1","description":"","caption":"","name":"route-des-vins","status":"inherit","uploaded_to":2,"date":"2019-05-02 17:00:54","modified":"2019-05-02 19:53:10","menu_order":0,"mime_type":"image\/jpeg","type":"image","subtype":"jpeg","icon":"https:\/\/kutzig.fr\/wp-includes\/images\/media\/default.png","width":2560,"height":1217,"sizes":{"thumbnail":"https:\/\/kutzig.fr\/wp-content\/uploads\/2019\/05\/route-des-vins-150x150.jpg","thumbnail-width":150,"thumbnail-height":150,"medium":"https:\/\/kutzig.fr\/wp-content\/uploads\/2019\/05\/route-des-vins-300x143.jpg","medium-width":300,"medium-height":143,"medium_large":"https:\/\/kutzig.fr\/wp-content\/uploads\/2019\/05\/route-des-vins-768x365.jpg","medium_large-width":648,"medium_large-height":308,"large":"https:\/\/kutzig.fr\/wp-content\/uploads\/2019\/05\/route-des-vins-1024x487.jpg","large-width":648,"large-height":308,"1536x1536":"https:\/\/kutzig.fr\/wp-content\/uploads\/2019\/05\/route-des-vins-scaled.jpg","1536x1536-width":1536,"1536x1536-height":730,"2048x2048":"https:\/\/kutzig.fr\/wp-content\/uploads\/2019\/05\/route-des-vins-scaled.jpg","2048x2048-width":2048,"2048x2048-height":974,"article-mini":"https:\/\/kutzig.fr\/wp-content\/uploads\/2019\/05\/route-des-vins-scaled.jpg","article-mini-width":70,"article-mini-height":33,"sparkling-featured":"https:\/\/kutzig.fr\/wp-content\/uploads\/2019\/05\/route-des-vins-750x410.jpg","sparkling-featured-width":750,"sparkling-featured-height":410,"sparkling-featured-fullwidth":"https:\/\/kutzig.fr\/wp-content\/uploads\/2019\/05\/route-des-vins-scaled.jpg","sparkling-featured-fullwidth-width":1140,"sparkling-featured-fullwidth-height":542,"tab-small":"https:\/\/kutzig.fr\/wp-content\/uploads\/2019\/05\/route-des-vins-60x60.jpg","tab-small-width":60,"tab-small-height":60,"slider":"https:\/\/kutzig.fr\/wp-content\/uploads\/2019\/05\/route-des-vins-scaled.jpg","slider-width":1451,"slider-height":690,"woocommerce_thumbnail":"https:\/\/kutzig.fr\/wp-content\/uploads\/2019\/05\/route-des-vins-scaled-300x300.jpg","woocommerce_thumbnail-width":300,"woocommerce_thumbnail-height":300,"woocommerce_single":"https:\/\/kutzig.fr\/wp-content\/uploads\/2019\/05\/route-des-vins-scaled-600x285.jpg","woocommerce_single-width":600,"woocommerce_single-height":285,"woocommerce_gallery_thumbnail":"https:\/\/kutzig.fr\/wp-content\/uploads\/2019\/05\/route-des-vins-scaled-100x100.jpg","woocommerce_gallery_thumbnail-width":100,"woocommerce_gallery_thumbnail-height":100}},"texte_icone":"<p>Kut&#8217;zig privatisieren<\/p>\n","texte":"<h3 style=\"text-align: center;\">Entdecken Sie die Kut&#8217;zig-Ausfl\u00fcge<br \/>\n<span style=\"color: #e41b13;\">mit unserem Partner Lisela!<\/span><\/h3>\n<hr style=\"width: 95px; background-color: #fc0; border: 1px solid #FC0; border-radius: 7px 7px 7px 7px; height: 5px;\" \/>\n"},"yoast_head":"<!-- This site is optimized with the Yoast SEO plugin v23.7 - https:\/\/yoast.com\/wordpress\/plugins\/seo\/ -->\n<title>Kut&#039;zig privatisieren - Kutzig<\/title>\n<meta name=\"robots\" content=\"index, follow, max-snippet:-1, max-image-preview:large, max-video-preview:-1\" \/>\n<link rel=\"canonical\" href=\"https:\/\/kutzig.fr\/de\/privatiser-le-kutzig\/\" \/>\n<meta property=\"og:locale\" content=\"de_DE\" \/>\n<meta property=\"og:type\" content=\"article\" \/>\n<meta property=\"og:title\" content=\"Kut&#039;zig privatisieren - Kutzig\" \/>\n<meta property=\"og:description\" content=\"der Cabrio-Bus, der f\u00e4hrt das Herz der Els\u00e4sser Weinstra\u00dfe\" \/>\n<meta property=\"og:url\" content=\"https:\/\/kutzig.fr\/de\/privatiser-le-kutzig\/\" \/>\n<meta property=\"og:site_name\" content=\"Kutzig\" \/>\n<meta property=\"article:modified_time\" content=\"2026-03-03T16:53:02+00:00\" \/>\n<meta property=\"og:image\" content=\"https:\/\/kutzig.fr\/wp-content\/uploads\/2019\/05\/logo.jpg\" \/>\n<meta name=\"twitter:card\" content=\"summary_large_image\" \/>\n<meta name=\"twitter:label1\" content=\"Gesch\u00e4tzte Lesezeit\" \/>\n\t<meta name=\"twitter:data1\" content=\"1\u00a0Minute\" \/>\n<script type=\"application\/ld+json\" class=\"yoast-schema-graph\">{\"@context\":\"https:\/\/schema.org\",\"@graph\":[{\"@type\":\"WebPage\",\"@id\":\"https:\/\/kutzig.fr\/de\/privatiser-le-kutzig\/\",\"url\":\"https:\/\/kutzig.fr\/de\/privatiser-le-kutzig\/\",\"name\":\"Kut'zig privatisieren - Kutzig\",\"isPartOf\":{\"@id\":\"https:\/\/kutzig.fr\/de\/#website\"},\"primaryImageOfPage\":{\"@id\":\"https:\/\/kutzig.fr\/de\/privatiser-le-kutzig\/#primaryimage\"},\"image\":{\"@id\":\"https:\/\/kutzig.fr\/privatiser-le-kutzig\/#primaryimage\"},\"thumbnailUrl\":\"https:\/\/kutzig.fr\/wp-content\/uploads\/2019\/05\/logo.jpg\",\"datePublished\":\"2022-07-19T12:54:22+00:00\",\"dateModified\":\"2026-03-03T16:53:02+00:00\",\"breadcrumb\":{\"@id\":\"https:\/\/kutzig.fr\/de\/privatiser-le-kutzig\/#breadcrumb\"},\"inLanguage\":\"de\",\"potentialAction\":[{\"@type\":\"ReadAction\",\"target\":[[\"https:\/\/kutzig.fr\/de\/privatiser-le-kutzig\/\"]]}]},{\"@type\":\"ImageObject\",\"inLanguage\":\"de\",\"@id\":\"https:\/\/kutzig.fr\/de\/privatiser-le-kutzig\/#primaryimage\",\"url\":\"https:\/\/kutzig.fr\/wp-content\/uploads\/2019\/05\/logo.jpg\",\"contentUrl\":\"https:\/\/kutzig.fr\/wp-content\/uploads\/2019\/05\/logo.jpg\"},{\"@type\":\"BreadcrumbList\",\"@id\":\"https:\/\/kutzig.fr\/de\/privatiser-le-kutzig\/#breadcrumb\",\"itemListElement\":[{\"@type\":\"ListItem\",\"position\":1,\"name\":\"Accueil\",\"item\":\"https:\/\/kutzig.fr\/de\/\"},{\"@type\":\"ListItem\",\"position\":2,\"name\":\"Privatiser le Kut&#8217;zig\"}]},{\"@type\":\"WebSite\",\"@id\":\"https:\/\/kutzig.fr\/de\/#website\",\"url\":\"https:\/\/kutzig.fr\/de\/\",\"name\":\"Kutzig\",\"description\":\"Entdecken Sie das Herz der els\u00e4ssischen Weinstra\u00dfe mit Kut&#039;zig\",\"potentialAction\":[{\"@type\":\"SearchAction\",\"target\":{\"@type\":\"EntryPoint\",\"urlTemplate\":\"https:\/\/kutzig.fr\/de\/?s={search_term_string}\"},\"query-input\":{\"@type\":\"PropertyValueSpecification\",\"valueRequired\":true,\"valueName\":\"search_term_string\"}}],\"inLanguage\":\"de\"}]}<\/script>\n<!-- \/ Yoast SEO plugin. -->","yoast_head_json":{"title":"Kut'zig privatisieren - Kutzig","robots":{"index":"index","follow":"follow","max-snippet":"max-snippet:-1","max-image-preview":"max-image-preview:large","max-video-preview":"max-video-preview:-1"},"canonical":"https:\/\/kutzig.fr\/de\/privatiser-le-kutzig\/","og_locale":"de_DE","og_type":"article","og_title":"Kut'zig privatisieren - Kutzig","og_description":"der Cabrio-Bus, der f\u00e4hrt das Herz der Els\u00e4sser Weinstra\u00dfe","og_url":"https:\/\/kutzig.fr\/de\/privatiser-le-kutzig\/","og_site_name":"Kutzig","article_modified_time":"2026-03-03T16:53:02+00:00","og_image":[{"url":"https:\/\/kutzig.fr\/wp-content\/uploads\/2019\/05\/logo.jpg"}],"twitter_card":"summary_large_image","twitter_misc":{"Gesch\u00e4tzte Lesezeit":"1\u00a0Minute"},"schema":{"@context":"https:\/\/schema.org","@graph":[{"@type":"WebPage","@id":"https:\/\/kutzig.fr\/de\/privatiser-le-kutzig\/","url":"https:\/\/kutzig.fr\/de\/privatiser-le-kutzig\/","name":"Kut'zig privatisieren - Kutzig","isPartOf":{"@id":"https:\/\/kutzig.fr\/de\/#website"},"primaryImageOfPage":{"@id":"https:\/\/kutzig.fr\/de\/privatiser-le-kutzig\/#primaryimage"},"image":{"@id":"https:\/\/kutzig.fr\/privatiser-le-kutzig\/#primaryimage"},"thumbnailUrl":"https:\/\/kutzig.fr\/wp-content\/uploads\/2019\/05\/logo.jpg","datePublished":"2022-07-19T12:54:22+00:00","dateModified":"2026-03-03T16:53:02+00:00","breadcrumb":{"@id":"https:\/\/kutzig.fr\/de\/privatiser-le-kutzig\/#breadcrumb"},"inLanguage":"de","potentialAction":[{"@type":"ReadAction","target":[["https:\/\/kutzig.fr\/de\/privatiser-le-kutzig\/"]]}]},{"@type":"ImageObject","inLanguage":"de","@id":"https:\/\/kutzig.fr\/de\/privatiser-le-kutzig\/#primaryimage","url":"https:\/\/kutzig.fr\/wp-content\/uploads\/2019\/05\/logo.jpg","contentUrl":"https:\/\/kutzig.fr\/wp-content\/uploads\/2019\/05\/logo.jpg"},{"@type":"BreadcrumbList","@id":"https:\/\/kutzig.fr\/de\/privatiser-le-kutzig\/#breadcrumb","itemListElement":[{"@type":"ListItem","position":1,"name":"Accueil","item":"https:\/\/kutzig.fr\/de\/"},{"@type":"ListItem","position":2,"name":"Privatiser le Kut&#8217;zig"}]},{"@type":"WebSite","@id":"https:\/\/kutzig.fr\/de\/#website","url":"https:\/\/kutzig.fr\/de\/","name":"Kutzig","description":"Entdecken Sie das Herz der els\u00e4ssischen Weinstra\u00dfe mit Kut&#039;zig","potentialAction":[{"@type":"SearchAction","target":{"@type":"EntryPoint","urlTemplate":"https:\/\/kutzig.fr\/de\/?s={search_term_string}"},"query-input":{"@type":"PropertyValueSpecification","valueRequired":true,"valueName":"search_term_string"}}],"inLanguage":"de"}]}},"_links":{"self":[{"href":"https:\/\/kutzig.fr\/de\/wp-json\/wp\/v2\/pages\/3110"}],"collection":[{"href":"https:\/\/kutzig.fr\/de\/wp-json\/wp\/v2\/pages"}],"about":[{"href":"https:\/\/kutzig.fr\/de\/wp-json\/wp\/v2\/types\/page"}],"author":[{"embeddable":true,"href":"https:\/\/kutzig.fr\/de\/wp-json\/wp\/v2\/users\/1"}],"replies":[{"embeddable":true,"href":"https:\/\/kutzig.fr\/de\/wp-json\/wp\/v2\/comments?post=3110"}],"version-history":[{"count":3,"href":"https:\/\/kutzig.fr\/de\/wp-json\/wp\/v2\/pages\/3110\/revisions"}],"predecessor-version":[{"id":20070,"href":"https:\/\/kutzig.fr\/de\/wp-json\/wp\/v2\/pages\/3110\/revisions\/20070"}],"wp:attachment":[{"href":"https:\/\/kutzig.fr\/de\/wp-json\/wp\/v2\/media?parent=3110"}],"curies":[{"name":"wp","href":"https:\/\/api.w.org\/{rel}","templated":true}]}}