{"id":2445,"date":"2020-07-15T09:40:27","date_gmt":"2020-07-15T07:40:27","guid":{"rendered":"https:\/\/kutzig.fr\/?page_id=2445"},"modified":"2020-07-15T16:46:30","modified_gmt":"2020-07-15T14:46:30","slug":"infos-covid","status":"publish","type":"page","link":"https:\/\/kutzig.fr\/de\/infos-covid\/","title":{"rendered":"INFORMATIONEN COVID-19"},"content":{"rendered":"<p><\/p>\n<div class=\"container\">\n<div class=\"row\">\n<div class=\"col-md-8 col-md-offset-2 padtop40 padbot80\">\n<p style=\"text-align: center;\"><img loading=\"lazy\" decoding=\"async\" src=\"https:\/\/kutzig.fr\/wp-content\/uploads\/2019\/05\/logo.jpg\" alt=\"Tour bus Kutzig\" width=\"173\" height=\"71\" \/><\/p>\n<h3 style=\"text-align: center; line-height:3rem;\"><span style=\"color: #2a2e43;\"> Aufgrund der COVID-19-Epidemie werden neue Hygienema\u00dfnahmen an Bord von Bussen angewendet. <\/span><br \/>\n<span style=\"color: #e41b13; line-height:3rem;\"> \u00dcberqueren Sie die Els\u00e4ssische Weinstra\u00dfe mit Hilfe der Schrankengesten in v\u00f6lliger Sicherheit! <\/span><\/h3>\n<hr style=\"width: 95px; background-color: #fc0; border: 1px solid #FC0; border-radius: 7px 7px 7px 7px; height: 5px;\" \/>\n<p class=\"p1\" style=\"text-align: center;\"><span class=\"s1\"> F\u00fcr Ihre Gesundheit laden wir Sie ein, w\u00e4hrend Ihres Besuchs an Bord der Kut&#8217;zig die folgenden Ma\u00dfnahmen anzuwenden: <\/span><\/p>\n<div class=\"row\"><div class=\"col-md-3 col-xs-6 iconevovid\"><img loading=\"lazy\" decoding=\"async\" class=\"img-responsive alignnone wp-image-2281\" src=\"https:\/\/kutzig.fr\/wp-content\/uploads\/2020\/07\/icone-masque.png\" alt=\"\" width=\"80\" height=\"80\" \/>\n<p style=\"margin-top:15px;\"> Jeder Passagier ist verpflichtet, an Bord der Kut&#8217;zig eine Maske zu tragen.<\/p>\n<p><\/p><\/div><div class=\"col-md-3 col-xs-6 iconevovid\"><img loading=\"lazy\" decoding=\"async\" class=\"img-responsive alignnone wp-image-2281\" src=\"https:\/\/kutzig.fr\/wp-content\/uploads\/2020\/07\/icone-mains.png\" alt=\"\" width=\"80\" height=\"80\" \/>\n<p style=\"margin-top:15px;\"> Es wird dringend empfohlen, die H\u00e4nde vor dem Einsteigen in das Fahrzeug mit einem hydroalkoholischen Gel zu desinfizieren<\/p>\n<p><\/p><\/div><div class=\"col-md-3 col-xs-6 iconevovid\"><img loading=\"lazy\" decoding=\"async\" class=\"img-responsive alignnone wp-image-2279\" src=\"https:\/\/kutzig.fr\/wp-content\/uploads\/2020\/07\/iconecarte.png\" alt=\"\" width=\"80\" height=\"80\" \/>\n<p style=\"margin-top:15px;\"> Bevorzugen Sie die Zahlung mit einer kontaktlosen Kreditkarte (bei Barzahlung wird empfohlen, den Betrag aufzuladen).<\/p>\n<p><\/p><\/div><div class=\"col-md-3 col-xs-6 iconevovid\"><img loading=\"lazy\" decoding=\"async\" class=\"img-responsive alignnone wp-image-2282\" src=\"https:\/\/kutzig.fr\/wp-content\/uploads\/2020\/07\/icone-desinfection.png\" alt=\"\" width=\"80\" height=\"80\" \/>\n<p style=\"margin-top:15px;\"> Zu Ihrer Sicherheit werden die Fahrzeuge regelm\u00e4ssig desinfiziert.<\/p>\n<p><\/p><\/div><\/div>\n<p style=\"text-align:center;\">\n<a style=\"background: #1AA3B5;color: #fff;font-size: 18px;box-shadow: 0 3px 6px rgba(0, 0, 0, 0.16);border-radius: 8px;padding: 8px 25px;display: inline-block; list-style:none;text-decoration:none;margin-top:15px;\" href=\"https:\/\/kutzig.fr\/wp-content\/uploads\/2020\/07\/affiche-A3-covid.pdf\" target=\"_blank\" rel=\"noopener noreferrer\">Mehr erfahren<\/a>\n<\/p>\n<\/div>\n<\/div>\n<\/div>\n<p><\/p>","protected":false},"excerpt":{"rendered":"<p>Aufgrund der COVID-19-Epidemie werden neue Hygienema\u00dfnahmen an Bord von Bussen angewendet. \u00dcberqueren Sie die Els\u00e4ssische Weinstra\u00dfe mit Hilfe der Schrankengesten in v\u00f6lliger Sicherheit! F\u00fcr Ihre Gesundheit laden wir Sie ein, w\u00e4hrend Ihres Besuchs an Bord der Kut&#8217;zig die folgenden Ma\u00dfnahmen anzuwenden: Mehr erfahren<\/p>\n","protected":false},"author":1,"featured_media":0,"parent":0,"menu_order":8,"comment_status":"closed","ping_status":"closed","template":"","meta":{"_acf_changed":false,"inline_featured_image":false,"footnotes":""},"acf":{"bandeau_image":{"ID":2438,"id":2438,"title":"RIquewihr","filename":"RIquewihr-1-scaled.jpg","filesize":556798,"url":"https:\/\/kutzig.fr\/wp-content\/uploads\/2020\/06\/RIquewihr-1-scaled.jpg","link":"https:\/\/kutzig.fr\/de\/riquewihr-incontournable-cite-medievale\/riquewihr-5\/","alt":"","author":"6","description":"","caption":"","name":"riquewihr-5","status":"inherit","uploaded_to":2349,"date":"2020-07-10 14:34:34","modified":"2020-07-10 14:34:34","menu_order":0,"mime_type":"image\/jpeg","type":"image","subtype":"jpeg","icon":"https:\/\/kutzig.fr\/wp-includes\/images\/media\/default.png","width":2560,"height":1707,"sizes":{"thumbnail":"https:\/\/kutzig.fr\/wp-content\/uploads\/2020\/06\/RIquewihr-1-150x150.jpg","thumbnail-width":150,"thumbnail-height":150,"medium":"https:\/\/kutzig.fr\/wp-content\/uploads\/2020\/06\/RIquewihr-1-300x200.jpg","medium-width":300,"medium-height":200,"medium_large":"https:\/\/kutzig.fr\/wp-content\/uploads\/2020\/06\/RIquewihr-1-768x512.jpg","medium_large-width":648,"medium_large-height":432,"large":"https:\/\/kutzig.fr\/wp-content\/uploads\/2020\/06\/RIquewihr-1-1024x683.jpg","large-width":648,"large-height":432,"1536x1536":"https:\/\/kutzig.fr\/wp-content\/uploads\/2020\/06\/RIquewihr-1-1536x1024.jpg","1536x1536-width":1536,"1536x1536-height":1024,"2048x2048":"https:\/\/kutzig.fr\/wp-content\/uploads\/2020\/06\/RIquewihr-1-2048x1365.jpg","2048x2048-width":2048,"2048x2048-height":1365,"article-mini":"https:\/\/kutzig.fr\/wp-content\/uploads\/2020\/06\/RIquewihr-1-70x47.jpg","article-mini-width":70,"article-mini-height":47,"sparkling-featured":"https:\/\/kutzig.fr\/wp-content\/uploads\/2020\/06\/RIquewihr-1-750x410.jpg","sparkling-featured-width":750,"sparkling-featured-height":410,"sparkling-featured-fullwidth":"https:\/\/kutzig.fr\/wp-content\/uploads\/2020\/06\/RIquewihr-1-scaled.jpg","sparkling-featured-fullwidth-width":936,"sparkling-featured-fullwidth-height":624,"tab-small":"https:\/\/kutzig.fr\/wp-content\/uploads\/2020\/06\/RIquewihr-1-60x60.jpg","tab-small-width":60,"tab-small-height":60,"slider":"https:\/\/kutzig.fr\/wp-content\/uploads\/2020\/06\/RIquewihr-1-1950x690.jpg","slider-width":1950,"slider-height":690,"woocommerce_thumbnail":"https:\/\/kutzig.fr\/wp-content\/uploads\/2020\/06\/RIquewihr-1-scaled-300x300.jpg","woocommerce_thumbnail-width":300,"woocommerce_thumbnail-height":300,"woocommerce_single":"https:\/\/kutzig.fr\/wp-content\/uploads\/2020\/06\/RIquewihr-1-scaled-600x400.jpg","woocommerce_single-width":600,"woocommerce_single-height":400,"woocommerce_gallery_thumbnail":"https:\/\/kutzig.fr\/wp-content\/uploads\/2020\/06\/RIquewihr-1-scaled-100x100.jpg","woocommerce_gallery_thumbnail-width":100,"woocommerce_gallery_thumbnail-height":100}},"texte_icone":"<p>INFORMATIONEN COVID-19<\/p>\n"},"yoast_head":"<!-- This site is optimized with the Yoast SEO plugin v23.7 - https:\/\/yoast.com\/wordpress\/plugins\/seo\/ -->\n<title>INFORMATIONEN COVID-19 - Kutzig<\/title>\n<meta name=\"robots\" content=\"index, follow, max-snippet:-1, max-image-preview:large, max-video-preview:-1\" \/>\n<link rel=\"canonical\" href=\"https:\/\/kutzig.fr\/de\/informations-covid\/\" \/>\n<meta property=\"og:locale\" content=\"de_DE\" \/>\n<meta property=\"og:type\" content=\"article\" \/>\n<meta property=\"og:title\" content=\"INFORMATIONEN COVID-19 - Kutzig\" \/>\n<meta property=\"og:description\" content=\"Aufgrund der COVID-19-Epidemie werden neue Hygienema\u00dfnahmen an Bord von Bussen angewendet. \u00dcberqueren Sie die Els\u00e4ssische Weinstra\u00dfe mit Hilfe der Schrankengesten in v\u00f6lliger Sicherheit! F\u00fcr Ihre Gesundheit laden wir Sie ein, w\u00e4hrend Ihres Besuchs an Bord der Kut&#8217;zig die folgenden Ma\u00dfnahmen anzuwenden: Mehr erfahren\" \/>\n<meta property=\"og:url\" content=\"https:\/\/kutzig.fr\/de\/informations-covid\/\" \/>\n<meta property=\"og:site_name\" content=\"Kutzig\" \/>\n<meta property=\"article:modified_time\" content=\"2020-07-15T14:46:30+00:00\" \/>\n<meta property=\"og:image\" content=\"https:\/\/kutzig.fr\/wp-content\/uploads\/2019\/05\/logo.jpg\" \/>\n<meta name=\"twitter:card\" content=\"summary_large_image\" \/>\n<meta name=\"twitter:label1\" content=\"Gesch\u00e4tzte Lesezeit\" \/>\n\t<meta name=\"twitter:data1\" content=\"2\u00a0Minuten\" \/>\n<script type=\"application\/ld+json\" class=\"yoast-schema-graph\">{\"@context\":\"https:\/\/schema.org\",\"@graph\":[{\"@type\":\"WebPage\",\"@id\":\"https:\/\/kutzig.fr\/de\/informations-covid\/\",\"url\":\"https:\/\/kutzig.fr\/de\/informations-covid\/\",\"name\":\"INFORMATIONEN COVID-19 - Kutzig\",\"isPartOf\":{\"@id\":\"https:\/\/kutzig.fr\/de\/#website\"},\"primaryImageOfPage\":{\"@id\":\"https:\/\/kutzig.fr\/de\/informations-covid\/#primaryimage\"},\"image\":{\"@id\":\"https:\/\/kutzig.fr\/informations-covid\/#primaryimage\"},\"thumbnailUrl\":\"https:\/\/kutzig.fr\/wp-content\/uploads\/2019\/05\/logo.jpg\",\"datePublished\":\"2020-07-15T07:40:27+00:00\",\"dateModified\":\"2020-07-15T14:46:30+00:00\",\"breadcrumb\":{\"@id\":\"https:\/\/kutzig.fr\/de\/informations-covid\/#breadcrumb\"},\"inLanguage\":\"de\",\"potentialAction\":[{\"@type\":\"ReadAction\",\"target\":[[\"https:\/\/kutzig.fr\/de\/informations-covid\/\"]]}]},{\"@type\":\"ImageObject\",\"inLanguage\":\"de\",\"@id\":\"https:\/\/kutzig.fr\/de\/informations-covid\/#primaryimage\",\"url\":\"https:\/\/kutzig.fr\/wp-content\/uploads\/2019\/05\/logo.jpg\",\"contentUrl\":\"https:\/\/kutzig.fr\/wp-content\/uploads\/2019\/05\/logo.jpg\"},{\"@type\":\"BreadcrumbList\",\"@id\":\"https:\/\/kutzig.fr\/de\/informations-covid\/#breadcrumb\",\"itemListElement\":[{\"@type\":\"ListItem\",\"position\":1,\"name\":\"Accueil\",\"item\":\"https:\/\/kutzig.fr\/de\/\"},{\"@type\":\"ListItem\",\"position\":2,\"name\":\"Informations COVID\"}]},{\"@type\":\"WebSite\",\"@id\":\"https:\/\/kutzig.fr\/de\/#website\",\"url\":\"https:\/\/kutzig.fr\/de\/\",\"name\":\"Kutzig\",\"description\":\"Entdecken Sie das Herz der els\u00e4ssischen Weinstra\u00dfe mit Kut&#039;zig\",\"potentialAction\":[{\"@type\":\"SearchAction\",\"target\":{\"@type\":\"EntryPoint\",\"urlTemplate\":\"https:\/\/kutzig.fr\/de\/?s={search_term_string}\"},\"query-input\":{\"@type\":\"PropertyValueSpecification\",\"valueRequired\":true,\"valueName\":\"search_term_string\"}}],\"inLanguage\":\"de\"}]}<\/script>\n<!-- \/ Yoast SEO plugin. -->","yoast_head_json":{"title":"INFORMATIONEN COVID-19 - Kutzig","robots":{"index":"index","follow":"follow","max-snippet":"max-snippet:-1","max-image-preview":"max-image-preview:large","max-video-preview":"max-video-preview:-1"},"canonical":"https:\/\/kutzig.fr\/de\/informations-covid\/","og_locale":"de_DE","og_type":"article","og_title":"INFORMATIONEN COVID-19 - Kutzig","og_description":"Aufgrund der COVID-19-Epidemie werden neue Hygienema\u00dfnahmen an Bord von Bussen angewendet. \u00dcberqueren Sie die Els\u00e4ssische Weinstra\u00dfe mit Hilfe der Schrankengesten in v\u00f6lliger Sicherheit! F\u00fcr Ihre Gesundheit laden wir Sie ein, w\u00e4hrend Ihres Besuchs an Bord der Kut&#8217;zig die folgenden Ma\u00dfnahmen anzuwenden: Mehr erfahren","og_url":"https:\/\/kutzig.fr\/de\/informations-covid\/","og_site_name":"Kutzig","article_modified_time":"2020-07-15T14:46:30+00:00","og_image":[{"url":"https:\/\/kutzig.fr\/wp-content\/uploads\/2019\/05\/logo.jpg"}],"twitter_card":"summary_large_image","twitter_misc":{"Gesch\u00e4tzte Lesezeit":"2\u00a0Minuten"},"schema":{"@context":"https:\/\/schema.org","@graph":[{"@type":"WebPage","@id":"https:\/\/kutzig.fr\/de\/informations-covid\/","url":"https:\/\/kutzig.fr\/de\/informations-covid\/","name":"INFORMATIONEN COVID-19 - Kutzig","isPartOf":{"@id":"https:\/\/kutzig.fr\/de\/#website"},"primaryImageOfPage":{"@id":"https:\/\/kutzig.fr\/de\/informations-covid\/#primaryimage"},"image":{"@id":"https:\/\/kutzig.fr\/informations-covid\/#primaryimage"},"thumbnailUrl":"https:\/\/kutzig.fr\/wp-content\/uploads\/2019\/05\/logo.jpg","datePublished":"2020-07-15T07:40:27+00:00","dateModified":"2020-07-15T14:46:30+00:00","breadcrumb":{"@id":"https:\/\/kutzig.fr\/de\/informations-covid\/#breadcrumb"},"inLanguage":"de","potentialAction":[{"@type":"ReadAction","target":[["https:\/\/kutzig.fr\/de\/informations-covid\/"]]}]},{"@type":"ImageObject","inLanguage":"de","@id":"https:\/\/kutzig.fr\/de\/informations-covid\/#primaryimage","url":"https:\/\/kutzig.fr\/wp-content\/uploads\/2019\/05\/logo.jpg","contentUrl":"https:\/\/kutzig.fr\/wp-content\/uploads\/2019\/05\/logo.jpg"},{"@type":"BreadcrumbList","@id":"https:\/\/kutzig.fr\/de\/informations-covid\/#breadcrumb","itemListElement":[{"@type":"ListItem","position":1,"name":"Accueil","item":"https:\/\/kutzig.fr\/de\/"},{"@type":"ListItem","position":2,"name":"Informations COVID"}]},{"@type":"WebSite","@id":"https:\/\/kutzig.fr\/de\/#website","url":"https:\/\/kutzig.fr\/de\/","name":"Kutzig","description":"Entdecken Sie das Herz der els\u00e4ssischen Weinstra\u00dfe mit Kut&#039;zig","potentialAction":[{"@type":"SearchAction","target":{"@type":"EntryPoint","urlTemplate":"https:\/\/kutzig.fr\/de\/?s={search_term_string}"},"query-input":{"@type":"PropertyValueSpecification","valueRequired":true,"valueName":"search_term_string"}}],"inLanguage":"de"}]}},"_links":{"self":[{"href":"https:\/\/kutzig.fr\/de\/wp-json\/wp\/v2\/pages\/2445"}],"collection":[{"href":"https:\/\/kutzig.fr\/de\/wp-json\/wp\/v2\/pages"}],"about":[{"href":"https:\/\/kutzig.fr\/de\/wp-json\/wp\/v2\/types\/page"}],"author":[{"embeddable":true,"href":"https:\/\/kutzig.fr\/de\/wp-json\/wp\/v2\/users\/1"}],"replies":[{"embeddable":true,"href":"https:\/\/kutzig.fr\/de\/wp-json\/wp\/v2\/comments?post=2445"}],"version-history":[{"count":0,"href":"https:\/\/kutzig.fr\/de\/wp-json\/wp\/v2\/pages\/2445\/revisions"}],"wp:attachment":[{"href":"https:\/\/kutzig.fr\/de\/wp-json\/wp\/v2\/media?parent=2445"}],"curies":[{"name":"wp","href":"https:\/\/api.w.org\/{rel}","templated":true}]}}