{"id":1939,"date":"2019-06-27T18:59:23","date_gmt":"2019-06-27T16:59:23","guid":{"rendered":"https:\/\/kutzig.fr\/?page_id=1939"},"modified":"2024-04-23T17:28:47","modified_gmt":"2024-04-23T15:28:47","slug":"cvv","status":"publish","type":"page","link":"https:\/\/kutzig.fr\/de\/cgv\/","title":{"rendered":"Gesch\u00e4ftsbedingungen"},"content":{"rendered":"<p><div class=\"row\"><div class=\"col-md-offset-2 col-md-8\">\n<p>&nbsp;<\/p>\n<p>Die von Kut&#8217;zig erbrachte Dienstleistung bezieht sich ausschlie\u00dflich auf die Bereitstellung von Transportleistungen in Fahrzeugen zur Personenbef\u00f6rderung. Kut&#8217;zig ist eine Marke des Unternehmens LK &#8211; Voyages Lucien KUNEGEL.<\/p>\n<p>Firmenname LK &#8211; Voyages Lucien KUNEGEL Rechtsform und Stammkapital SAS &#8211; 237.900 \u20ac Verantwortlicher Name: KUNEGEL Verantwortlicher Vorname: Daniel Firmensitz: 42 rue des Jardins Postleitzahl: 68000 Stadt: COLMAR Land: Frankreich Telefon: 03 89 24 65 65 Website: www.l-k.fr \/ www.kutzig.fr<\/p>\n<p><strong>1. E-TICKETS<\/strong><\/p>\n<p>Wenn Sie Tickets \u00fcber die Online-Verkaufsplattform Kut&#8217;zig kaufen, werden Ihnen diese in Form von elektronischen Tickets (&#8220;E-Tickets&#8221;) per E-Mail oder direkt in Ihrem Kundenbereich auf der Website www.kutzig.fr ausgestellt. Die per E-Mail versendeten E-Tickets k\u00f6nnen ausgedruckt oder \u00fcber ein elektronisches Medium (Telefon\/Tablet) dem Fahrer vorgelegt werden.<\/p>\n<p>Die Fahrkarten k\u00f6nnen auch bei den weiterverkaufenden Fremdenverkehrs\u00e4mtern erworben werden.<\/p>\n<p>Fahrkarten k\u00f6nnen nicht zur\u00fcckgenommen, umgetauscht oder erstattet werden.<\/p>\n<p>Die Reservierung eines Tickets ist obligatorisch, um an Bord des Kut&#8217;zig zu gehen. Die Fahrkarte berechtigt zu einem Tag unbegrenzter Berg- und Talfahrt mit dem Kut&#8217;zig an dem bei der Buchung gew\u00e4hlten und auf der Fahrkarte angegebenen Datum.<\/p>\n<p><strong>2. VORZEIGEN DER FAHRKARTEN<\/strong><\/p>\n<p>Bei jedem Einsteigen in den Kut&#8217;zig m\u00fcssen Sie dem Fahrer Ihr Ticket vorzeigen. Das Ticket ist ein QR-Code und muss gut lesbar, in gutem Zustand und vollst\u00e4ndig sein (ohne Knicke, Streichungen usw.).<\/p>\n<p><strong>3. G\u00dcLTIGKEIT DER TICKETS<\/strong><\/p>\n<p>Die Fahrscheine sind einen Tag lang von 8:30 Uhr bis 19:25 Uhr g\u00fcltig. Eine Verl\u00e4ngerung dieser Dauer ist nicht m\u00f6glich. Ihr Ticket berechtigt Sie zur unbegrenzten Nutzung des Kut&#8217;zig-Dienstes w\u00e4hrend der Betriebszeiten des Kut&#8217;zig, wobei Sie an jedem Fahrtende aussteigen m\u00fcssen.<\/p>\n<p>Fahrkarten k\u00f6nnen weder zur\u00fcckgenommen, noch umgetauscht oder erstattet werden.<\/p>\n<p><strong>4. VERLUST VON TICKETS<\/strong><\/p>\n<p>Es liegt in Ihrer Verantwortung, Ihr Ticket an einem sicheren Ort aufzubewahren. Wir stellen keine Ersatztickets zur Verf\u00fcgung. Wenn Sie kontrolliert werden und sich herausstellt, dass Sie ohne g\u00fcltigen Fahrschein reisen, werden Sie aufgefordert, einen Ersatzfahrschein zum vollen Preis zu erwerben.<\/p>\n<p><strong>5. KINDER<\/strong><\/p>\n<p>Kindertickets sind f\u00fcr Kinder von 4 bis 12 Jahren zum Preis von 16\u20ac\/Person erh\u00e4ltlich. Kinder m\u00fcssen stets von einem Erwachsenen begleitet werden. Kinder unter 3 Jahren k\u00f6nnen kostenlos reisen, wenn sie von einem engagierten Erwachsenen begleitet werden (1 Erwachsener f\u00fcr 1 Kind) und auf dem Scho\u00df des Erwachsenen sitzen, damit sie keinen Sitzplatz auf Kosten eines Reisenden mit einer voll bezahlten Fahrkarte belegen.<\/p>\n<p><strong>6. ABFAHRTSORTE UND -ZEITEN<\/strong><\/p>\n<p>Kut&#8217;zig verpflichtet sich, die Abfahrtsorte und -zeiten so genau wie m\u00f6glich mitzuteilen. Kut&#8217;zig beh\u00e4lt sich jedoch das Recht vor, die Abfahrtsorte und -zeiten ohne vorherige Ank\u00fcndigung zu \u00e4ndern, wenn die Umst\u00e4nde dies erfordern.<\/p>\n<p>7. ROUTE DES DIENSTES<\/p>\n<p>W\u00e4hrend des Dienstes bietet Kut&#8217;zig 9 Haltestellen an: Colmar Bahnhof, Colmar Tourismusb\u00fcro-Unterlinden, Ribeauvill\u00e9 Busbahnhof, Hunawihr Waschhaus, Riquewihr Post, Kaysersberg Vignoble Porte Basse, Turckheim Porte de France, Eguisheim Parkplatz des Rathauses.<\/p>\n<p>Falls erforderlich und aus Sicherheitsgr\u00fcnden, wenn die Wetterbedingungen, Stra\u00dfenarbeiten oder die Verkehrsbedingungen es erfordern, kann die Route ge\u00e4ndert oder abgesagt werden.<\/p>\n<p>8. FAHRZEUGTYPEN UND SICHERHEIT AN BORD DER BUSSE<\/p>\n<p>Kut&#8217;zig stellt Busse vom Typ Cabriolet mit 28 Sitzpl\u00e4tzen zur Verf\u00fcgung. Das Unternehmen beh\u00e4lt sich das Recht vor, im Falle h\u00f6herer Gewalt andere Fahrzeugtypen einzusetzen.<\/p>\n<p>Bei starkem Andrang kann Kut&#8217;zig nicht f\u00fcr Platzmangel bei den wieder aufgenommenen Absetzern haftbar gemacht werden. Bei der letzten Fahrt und bei Platzmangel verpflichtet sich Kut&#8217;zig, eventuelle Fahrg\u00e4ste zur gew\u00fcnschten Kut&#8217;zig-Haltestelle zu bringen, und beh\u00e4lt sich das Recht vor, ein anderes Fahrzeug einzusetzen.<\/p>\n<p>Aus Sicherheitsgr\u00fcnden m\u00fcssen die Fahrg\u00e4ste sitzen bleiben und d\u00fcrfen ihren Kopf, ihre Beine und ihre Arme nicht aus dem Fahrzeug herausstrecken. Es ist strengstens verboten, ein- oder auszusteigen, bevor der Bus vollst\u00e4ndig zum Stehen gekommen ist. Kinder m\u00fcssen auf dem Scho\u00df der Eltern sitzen bleiben.<\/p>\n<p><strong>9.PREISE<\/strong><\/p>\n<p>Die mit der Leistung verbundenen Preise werden auf der Tarifseite der Online-Verkaufsplattform sowie auf allen Informationsmaterialien angezeigt. Alle angegebenen Preise beinhalten die anfallenden Steuern.<\/p>\n<p>Kut&#8217;zig beh\u00e4lt sich das Recht vor, die Preise f\u00fcr seine Leistung jederzeit und ohne Vorank\u00fcndigung zu \u00e4ndern.<\/p>\n<p><strong>10. R\u00dcCKERSTATTUNGEN<\/strong><\/p>\n<p>Gem\u00e4\u00df den Bestimmungen des Artikels L.221-28 des Verbraucherschutzgesetzes ist jeder Kauf endg\u00fcltig und kann nicht widerrufen werden.<\/p>\n<p>Tickets k\u00f6nnen weder zur\u00fcckgenommen, noch umgetauscht oder erstattet werden. Das bei der Buchung des Tickets ausgew\u00e4hlte Datum entspricht dem Datum, an dem der Kunde berechtigt ist, an Bord zu gehen.<\/p>\n<p>Bei Verlust oder Diebstahl eines Fahrscheins oder eines Duplikats eines Fahrscheins gilt nur die erste Person, die den Fahrschein vorzeigt, als rechtm\u00e4\u00dfiger Inhaber des Fahrscheins und kann den Service von Kut&#8217;zig in Anspruch nehmen.<\/p>\n<p>Falls Kut&#8217;zig w\u00e4hrend der G\u00fcltigkeitsdauer Ihres Tickets und unter Umst\u00e4nden, die unter seiner Kontrolle liegen, nicht in der Lage ist, Ihnen den Dienst zu erbringen, haben Sie das Recht, eine teilweise oder vollst\u00e4ndige R\u00fcckerstattung des Ticketpreises zu verlangen. Alle Antr\u00e4ge auf R\u00fcckerstattung m\u00fcssen per E-Mail an hello@kutzig.fr gesendet werden. Bitte scannen Sie Ihr Ticket, f\u00fcgen Sie es Ihrer E-Mail bei und geben Sie im Text der E-Mail Ihre Bestellnummer an.<\/p>\n<p><strong>11. UNFALL ODER VERLUST<\/strong><\/p>\n<p>Die Reisenden werden gebeten, auf ihre pers\u00f6nlichen Gegenst\u00e4nde zu achten. Kut&#8217;zig kann im Falle eines Verlustes oder Diebstahls oder f\u00fcr irgendwelche Sch\u00e4den nicht haftbar gemacht werden.<\/p>\n<p><strong>12. VERZEHR AN BORD<\/strong><\/p>\n<p>An Bord der Kut&#8217;zig ist der Verzehr von alkoholischen und nicht-alkoholischen Getr\u00e4nken sowie von Lebensmitteln strengstens verboten. Auch das Rauchen und Dampfen ist verboten.<\/p>\n<p><strong>13. TIERE<\/strong><\/p>\n<p>Tiere sind an Bord der Kut&#8217;zig nicht erlaubt.<\/p>\n<p><strong>14. GEP\u00c4CK UND FRACHTR\u00c4UME<\/strong><\/p>\n<p>Kut&#8217;zig ist ein touristischer Shuttlebus. Die Fahrzeuge verf\u00fcgen \u00fcber keine Frachtr\u00e4ume. Kut&#8217;zig beh\u00e4lt sich das Recht vor, Passagiere mit sperrigem Gep\u00e4ck abzuweisen.<\/p>\n<p><strong>15. VERHALTEN DER KUNDEN<\/strong><\/p>\n<p>Kut&#8217;zig beh\u00e4lt sich das Recht vor, Personen, deren Verhalten sch\u00e4dlich ist oder ein Sicherheitsrisiko f\u00fcr andere Fahrg\u00e4ste darstellt, den Zugang zum Fahrzeug zu verweigern. Eine R\u00fcckerstattung kann nicht erfolgen.<\/p>\n<p>In jedem Fall m\u00fcssen alle Anweisungen und Informationen, die von den Fahrern gegeben werden, befolgt werden.<\/p>\n<p><strong>16. MOBILE APP UND WEBSITE<\/strong><\/p>\n<p>Alle Vorschl\u00e4ge f\u00fcr Besichtigungen und Aktivit\u00e4ten, die auf der Internetseite und in der mobilen Anwendung angeboten werden, unterliegen der Verantwortung der einzelnen Anbieter, Inserenten&#8230; Kut&#8217;zig kann bei Problemen oder Fehlfunktionen nicht haftbar gemacht werden&#8230;<\/p>\n<p>&nbsp;<\/p>\n<p><\/p><\/div><\/div><\/p>","protected":false},"excerpt":{"rendered":"","protected":false},"author":1,"featured_media":0,"parent":0,"menu_order":10,"comment_status":"closed","ping_status":"closed","template":"","meta":{"_acf_changed":false,"inline_featured_image":false,"footnotes":""},"acf":{"bandeau_image":{"ID":786,"id":786,"title":"route-des-vins","filename":"route-des-vins-scaled.jpg","filesize":726069,"url":"https:\/\/kutzig.fr\/wp-content\/uploads\/2019\/05\/route-des-vins-scaled.jpg","link":"https:\/\/kutzig.fr\/de\/willkommen\/route-des-vins\/","alt":"","author":"1","description":"","caption":"","name":"route-des-vins","status":"inherit","uploaded_to":2,"date":"2019-05-02 17:00:54","modified":"2019-05-02 19:53:10","menu_order":0,"mime_type":"image\/jpeg","type":"image","subtype":"jpeg","icon":"https:\/\/kutzig.fr\/wp-includes\/images\/media\/default.png","width":2560,"height":1217,"sizes":{"thumbnail":"https:\/\/kutzig.fr\/wp-content\/uploads\/2019\/05\/route-des-vins-150x150.jpg","thumbnail-width":150,"thumbnail-height":150,"medium":"https:\/\/kutzig.fr\/wp-content\/uploads\/2019\/05\/route-des-vins-300x143.jpg","medium-width":300,"medium-height":143,"medium_large":"https:\/\/kutzig.fr\/wp-content\/uploads\/2019\/05\/route-des-vins-768x365.jpg","medium_large-width":648,"medium_large-height":308,"large":"https:\/\/kutzig.fr\/wp-content\/uploads\/2019\/05\/route-des-vins-1024x487.jpg","large-width":648,"large-height":308,"1536x1536":"https:\/\/kutzig.fr\/wp-content\/uploads\/2019\/05\/route-des-vins-scaled.jpg","1536x1536-width":1536,"1536x1536-height":730,"2048x2048":"https:\/\/kutzig.fr\/wp-content\/uploads\/2019\/05\/route-des-vins-scaled.jpg","2048x2048-width":2048,"2048x2048-height":974,"article-mini":"https:\/\/kutzig.fr\/wp-content\/uploads\/2019\/05\/route-des-vins-scaled.jpg","article-mini-width":70,"article-mini-height":33,"sparkling-featured":"https:\/\/kutzig.fr\/wp-content\/uploads\/2019\/05\/route-des-vins-750x410.jpg","sparkling-featured-width":750,"sparkling-featured-height":410,"sparkling-featured-fullwidth":"https:\/\/kutzig.fr\/wp-content\/uploads\/2019\/05\/route-des-vins-scaled.jpg","sparkling-featured-fullwidth-width":1140,"sparkling-featured-fullwidth-height":542,"tab-small":"https:\/\/kutzig.fr\/wp-content\/uploads\/2019\/05\/route-des-vins-60x60.jpg","tab-small-width":60,"tab-small-height":60,"slider":"https:\/\/kutzig.fr\/wp-content\/uploads\/2019\/05\/route-des-vins-scaled.jpg","slider-width":1451,"slider-height":690,"woocommerce_thumbnail":"https:\/\/kutzig.fr\/wp-content\/uploads\/2019\/05\/route-des-vins-scaled-300x300.jpg","woocommerce_thumbnail-width":300,"woocommerce_thumbnail-height":300,"woocommerce_single":"https:\/\/kutzig.fr\/wp-content\/uploads\/2019\/05\/route-des-vins-scaled-600x285.jpg","woocommerce_single-width":600,"woocommerce_single-height":285,"woocommerce_gallery_thumbnail":"https:\/\/kutzig.fr\/wp-content\/uploads\/2019\/05\/route-des-vins-scaled-100x100.jpg","woocommerce_gallery_thumbnail-width":100,"woocommerce_gallery_thumbnail-height":100}},"texte_icone":"<p><strong>CONDITIONS G\u00c9N\u00c9RALES DE VENTE KUTZIG<\/strong><\/p>\n","texte":""},"yoast_head":"<!-- This site is optimized with the Yoast SEO plugin v23.7 - https:\/\/yoast.com\/wordpress\/plugins\/seo\/ -->\n<title>Gesch\u00e4ftsbedingungen - Kutzig<\/title>\n<meta name=\"robots\" content=\"index, follow, max-snippet:-1, max-image-preview:large, max-video-preview:-1\" \/>\n<link rel=\"canonical\" href=\"https:\/\/kutzig.fr\/de\/cgv\/\" \/>\n<meta property=\"og:locale\" content=\"de_DE\" \/>\n<meta property=\"og:type\" content=\"article\" \/>\n<meta property=\"og:title\" content=\"Gesch\u00e4ftsbedingungen - Kutzig\" \/>\n<meta property=\"og:url\" content=\"https:\/\/kutzig.fr\/de\/cgv\/\" \/>\n<meta property=\"og:site_name\" content=\"Kutzig\" \/>\n<meta property=\"article:modified_time\" content=\"2024-04-23T15:28:47+00:00\" \/>\n<meta name=\"twitter:card\" content=\"summary_large_image\" \/>\n<meta name=\"twitter:label1\" content=\"Gesch\u00e4tzte Lesezeit\" \/>\n\t<meta name=\"twitter:data1\" content=\"6\u00a0Minuten\" \/>\n<script type=\"application\/ld+json\" class=\"yoast-schema-graph\">{\"@context\":\"https:\/\/schema.org\",\"@graph\":[{\"@type\":\"WebPage\",\"@id\":\"https:\/\/kutzig.fr\/de\/cgv\/\",\"url\":\"https:\/\/kutzig.fr\/de\/cgv\/\",\"name\":\"Gesch\u00e4ftsbedingungen - Kutzig\",\"isPartOf\":{\"@id\":\"https:\/\/kutzig.fr\/de\/#website\"},\"datePublished\":\"2019-06-27T16:59:23+00:00\",\"dateModified\":\"2024-04-23T15:28:47+00:00\",\"breadcrumb\":{\"@id\":\"https:\/\/kutzig.fr\/de\/cgv\/#breadcrumb\"},\"inLanguage\":\"de\",\"potentialAction\":[{\"@type\":\"ReadAction\",\"target\":[[\"https:\/\/kutzig.fr\/de\/cgv\/\"]]}]},{\"@type\":\"BreadcrumbList\",\"@id\":\"https:\/\/kutzig.fr\/de\/cgv\/#breadcrumb\",\"itemListElement\":[{\"@type\":\"ListItem\",\"position\":1,\"name\":\"Accueil\",\"item\":\"https:\/\/kutzig.fr\/de\/\"},{\"@type\":\"ListItem\",\"position\":2,\"name\":\"CGV\"}]},{\"@type\":\"WebSite\",\"@id\":\"https:\/\/kutzig.fr\/de\/#website\",\"url\":\"https:\/\/kutzig.fr\/de\/\",\"name\":\"Kutzig\",\"description\":\"Entdecken Sie das Herz der els\u00e4ssischen Weinstra\u00dfe mit Kut&#039;zig\",\"potentialAction\":[{\"@type\":\"SearchAction\",\"target\":{\"@type\":\"EntryPoint\",\"urlTemplate\":\"https:\/\/kutzig.fr\/de\/?s={search_term_string}\"},\"query-input\":{\"@type\":\"PropertyValueSpecification\",\"valueRequired\":true,\"valueName\":\"search_term_string\"}}],\"inLanguage\":\"de\"}]}<\/script>\n<!-- \/ Yoast SEO plugin. -->","yoast_head_json":{"title":"Gesch\u00e4ftsbedingungen - Kutzig","robots":{"index":"index","follow":"follow","max-snippet":"max-snippet:-1","max-image-preview":"max-image-preview:large","max-video-preview":"max-video-preview:-1"},"canonical":"https:\/\/kutzig.fr\/de\/cgv\/","og_locale":"de_DE","og_type":"article","og_title":"Gesch\u00e4ftsbedingungen - Kutzig","og_url":"https:\/\/kutzig.fr\/de\/cgv\/","og_site_name":"Kutzig","article_modified_time":"2024-04-23T15:28:47+00:00","twitter_card":"summary_large_image","twitter_misc":{"Gesch\u00e4tzte Lesezeit":"6\u00a0Minuten"},"schema":{"@context":"https:\/\/schema.org","@graph":[{"@type":"WebPage","@id":"https:\/\/kutzig.fr\/de\/cgv\/","url":"https:\/\/kutzig.fr\/de\/cgv\/","name":"Gesch\u00e4ftsbedingungen - Kutzig","isPartOf":{"@id":"https:\/\/kutzig.fr\/de\/#website"},"datePublished":"2019-06-27T16:59:23+00:00","dateModified":"2024-04-23T15:28:47+00:00","breadcrumb":{"@id":"https:\/\/kutzig.fr\/de\/cgv\/#breadcrumb"},"inLanguage":"de","potentialAction":[{"@type":"ReadAction","target":[["https:\/\/kutzig.fr\/de\/cgv\/"]]}]},{"@type":"BreadcrumbList","@id":"https:\/\/kutzig.fr\/de\/cgv\/#breadcrumb","itemListElement":[{"@type":"ListItem","position":1,"name":"Accueil","item":"https:\/\/kutzig.fr\/de\/"},{"@type":"ListItem","position":2,"name":"CGV"}]},{"@type":"WebSite","@id":"https:\/\/kutzig.fr\/de\/#website","url":"https:\/\/kutzig.fr\/de\/","name":"Kutzig","description":"Entdecken Sie das Herz der els\u00e4ssischen Weinstra\u00dfe mit Kut&#039;zig","potentialAction":[{"@type":"SearchAction","target":{"@type":"EntryPoint","urlTemplate":"https:\/\/kutzig.fr\/de\/?s={search_term_string}"},"query-input":{"@type":"PropertyValueSpecification","valueRequired":true,"valueName":"search_term_string"}}],"inLanguage":"de"}]}},"_links":{"self":[{"href":"https:\/\/kutzig.fr\/de\/wp-json\/wp\/v2\/pages\/1939"}],"collection":[{"href":"https:\/\/kutzig.fr\/de\/wp-json\/wp\/v2\/pages"}],"about":[{"href":"https:\/\/kutzig.fr\/de\/wp-json\/wp\/v2\/types\/page"}],"author":[{"embeddable":true,"href":"https:\/\/kutzig.fr\/de\/wp-json\/wp\/v2\/users\/1"}],"replies":[{"embeddable":true,"href":"https:\/\/kutzig.fr\/de\/wp-json\/wp\/v2\/comments?post=1939"}],"version-history":[{"count":0,"href":"https:\/\/kutzig.fr\/de\/wp-json\/wp\/v2\/pages\/1939\/revisions"}],"wp:attachment":[{"href":"https:\/\/kutzig.fr\/de\/wp-json\/wp\/v2\/media?parent=1939"}],"curies":[{"name":"wp","href":"https:\/\/api.w.org\/{rel}","templated":true}]}}